{"id":506,"date":"2020-08-07T09:20:43","date_gmt":"2020-08-07T09:20:43","guid":{"rendered":"https:\/\/waaghaus.eu\/waag\/"},"modified":"2025-04-24T06:54:14","modified_gmt":"2025-04-24T06:54:14","slug":"waag","status":"publish","type":"page","link":"https:\/\/waaghaus.eu\/lad\/waag\/","title":{"rendered":"Waag"},"content":{"rendered":"\r\n<div class=\"is-layout-flex wp-container-3 wp-block-columns\">\r\n<div class=\"is-layout-flow wp-block-column\" style=\"flex-basis: 33.3%;\">\r\n<p>Waag \u00e9 n post pons\u00e9 por la cultura a Balsan. Te ch\u00ebsta ciasa unica te s\u00fca forma v\u00ebgnel fat, vi\u00fc y d\u00e9 inant cultura.\u00a0<\/p>\r\n\r\n\r\n\r\n<p>Wagg \u00e9 tres en modam\u00ebnt. Chi che \u00e9 laite vir de y por la cultura, lascian che ara se mostres tles formes pl\u00fc desvalies. Waag \u00e9 na s\u00ebnta daverta a d\u00fcc chi che \u00e9 a \u00f6na cun ch\u00ebsta vijiun. D\u00fcc chi che \u00e9 coriusc y \u00e1 v\u00ebia da d\u00e9 so contribut por ti d\u00e9 forma a ch\u00ebsta ciasa o che \u00f3 ma gn\u00ed a se ciaf\u00e9 \u00e9 tres begnod\u00fcs. Wagg \u00e9 nasci\u00fc dala incuntada de realt\u00e9s desvalies: le Bolzano Film Festival Bozen, le S\u00fcdtirol Jazzfestival Alto Adige, la Fondaziun Busoni-Mahler Stiftung, la Weigh Station y l\u2019Euregio. La ciasa \u00e9 n post dedich\u00e9 ales ativit\u00e9s de ch\u00ebstes organsaziuns, ala colaboraziun y al ideaziun de proiec n\u00fcs.<\/p>\r\n<\/div>\r\n\r\n\r\n\r\n<div class=\"is-layout-flow wp-block-column\" style=\"flex-basis: 66.6%;\">\r\n<figure class=\"wp-block-image size-full is-resized\"><img decoding=\"async\" loading=\"lazy\" class=\"wp-image-11\" src=\"https:\/\/waaghaus.eu\/wp-content\/uploads\/2020\/08\/casa.png\" alt=\"\" width=\"852\" height=\"903\" \/><\/figure>\r\n<\/div>\r\n<\/div>\r\n\r\n\r\n\r\n<p>Waag \u00e1 ince daite n bar, n punt de ven\u00fcda por chertes y por ogec desvalis,\u00a0 informaziun y comunicaziun culturala, na lerch por seminars y incuntades, na cian\u00f4 por conzerc, let\u00f6res y d\u2019atres manifestaziuns. Waag \u00e9 n post cun vita por porsones l\u00ebdies. \u00a0<br \/><br \/>Waag \u00e9 n proiet dla lia culturala Waaghaus (met\u00fcda s\u00f6 ai 06.11.2018)<br \/><br \/><strong>M\u00ebmbri<\/strong><br \/>Klaus Widmann (diretif, presid\u00ebnt)<br \/>Helene Christanell (diretif, vizepresid\u00ebnta)<br \/>Elena Rado (diretif)<br \/>Roberta Pedrini (diretif)<br \/>Silvia Torresin (diretif, cassier)<br \/>Valentina Cramerotti<br \/>Luigi Loddi<br \/>Monika Torresan<br \/>Willy Theil<\/p>\r\n\r\n\r\n\r\n<p><strong>Cons\u00ebi de supervijiun<\/strong><br \/>Reinhold Marsoner<br \/>Francesca Pasquali<br \/>Gernot R\u00f6ssler<br \/>Quirin Pr\u00fcnster (m\u00ebmber sostitut)<br \/>Christoph von Ach (m\u00ebmber sostitut)<\/p>\r\n\r\n\r\n\r\n<p><strong>Comit\u00e9 artistich-cultural<\/strong><br \/>Stefan Festini Cucco<br \/>Valentina Cramerotti<br \/>Ilaria Stelzer<br \/>Willy Theil<br \/>Monika Torresan<\/p>\r\n\r\n\r\n\r\n<div class=\"wp-block-spacer\" style=\"height: 100px;\" aria-hidden=\"true\">\u00a0<\/div>\r\n\r\n\r\n\r\n<h2 id=\"waag-on-instagram\" class=\"has-text-align-center h2-custom\"><strong>Waag on instagram<\/strong><\/h2>\r\n\r\n\r\n<p>[instagram-feed showfollow=&#8221;false&#8221; showbutton=&#8221;false&#8221;]<\/p>\n","protected":false},"excerpt":{"rendered":"<p>Waag \u00e9 n post pons\u00e9 por la cultura a Balsan. Te ch\u00ebsta ciasa unica te s\u00fca forma v\u00ebgnel fat, vi\u00fc y d\u00e9 inant cultura.\u00a0 Wagg \u00e9 tres en modam\u00ebnt. Chi che \u00e9 laite vir de y por la cultura, lascian che ara se mostres tles formes pl\u00fc desvalies. Waag \u00e9 na s\u00ebnta daverta a d\u00fcc [&hellip;]<\/p>\n","protected":false},"author":1,"featured_media":0,"parent":0,"menu_order":0,"comment_status":"closed","ping_status":"open","template":"","meta":[],"acf":[],"yoast_head":"<!-- This site is optimized with the Yoast SEO plugin v19.11 - https:\/\/yoast.com\/wordpress\/plugins\/seo\/ -->\n<title>Waag - WAAG<\/title>\n<meta name=\"robots\" content=\"index, follow, max-snippet:-1, max-image-preview:large, max-video-preview:-1\" \/>\n<link rel=\"canonical\" href=\"https:\/\/waaghaus.eu\/lad\/waag\/\" \/>\n<meta property=\"og:locale\" content=\"en_US\" \/>\n<meta property=\"og:type\" content=\"article\" \/>\n<meta property=\"og:title\" content=\"Waag - WAAG\" \/>\n<meta property=\"og:description\" content=\"Waag \u00e9 n post pons\u00e9 por la cultura a Balsan. Te ch\u00ebsta ciasa unica te s\u00fca forma v\u00ebgnel fat, vi\u00fc y d\u00e9 inant cultura.\u00a0 Wagg \u00e9 tres en modam\u00ebnt. Chi che \u00e9 laite vir de y por la cultura, lascian che ara se mostres tles formes pl\u00fc desvalies. Waag \u00e9 na s\u00ebnta daverta a d\u00fcc [&hellip;]\" \/>\n<meta property=\"og:url\" content=\"https:\/\/waaghaus.eu\/lad\/waag\/\" \/>\n<meta property=\"og:site_name\" content=\"WAAG\" \/>\n<meta property=\"article:modified_time\" content=\"2025-04-24T06:54:14+00:00\" \/>\n<meta property=\"og:image\" content=\"https:\/\/waaghaus.eu\/wp-content\/uploads\/2020\/08\/casa.png\" \/>\n<meta name=\"twitter:card\" content=\"summary_large_image\" \/>\n<meta name=\"twitter:label1\" content=\"Est. reading time\" \/>\n\t<meta name=\"twitter:data1\" content=\"2 minutes\" \/>\n<script type=\"application\/ld+json\" class=\"yoast-schema-graph\">{\"@context\":\"https:\/\/schema.org\",\"@graph\":[{\"@type\":\"WebPage\",\"@id\":\"https:\/\/waaghaus.eu\/lad\/waag\/\",\"url\":\"https:\/\/waaghaus.eu\/lad\/waag\/\",\"name\":\"Waag - WAAG\",\"isPartOf\":{\"@id\":\"https:\/\/waaghaus.eu\/lad\/#website\"},\"datePublished\":\"2020-08-07T09:20:43+00:00\",\"dateModified\":\"2025-04-24T06:54:14+00:00\",\"breadcrumb\":{\"@id\":\"https:\/\/waaghaus.eu\/lad\/waag\/#breadcrumb\"},\"inLanguage\":\"lad-LAD\",\"potentialAction\":[{\"@type\":\"ReadAction\",\"target\":[\"https:\/\/waaghaus.eu\/lad\/waag\/\"]}]},{\"@type\":\"BreadcrumbList\",\"@id\":\"https:\/\/waaghaus.eu\/lad\/waag\/#breadcrumb\",\"itemListElement\":[{\"@type\":\"ListItem\",\"position\":1,\"name\":\"Home\",\"item\":\"https:\/\/waaghaus.eu\/lad\/\"},{\"@type\":\"ListItem\",\"position\":2,\"name\":\"Waag\"}]},{\"@type\":\"WebSite\",\"@id\":\"https:\/\/waaghaus.eu\/lad\/#website\",\"url\":\"https:\/\/waaghaus.eu\/lad\/\",\"name\":\"WAAG\",\"description\":\" a space that is alive for free spirits\",\"potentialAction\":[{\"@type\":\"SearchAction\",\"target\":{\"@type\":\"EntryPoint\",\"urlTemplate\":\"https:\/\/waaghaus.eu\/lad\/?s={search_term_string}\"},\"query-input\":\"required name=search_term_string\"}],\"inLanguage\":\"lad-LAD\"}]}<\/script>\n<!-- \/ Yoast SEO plugin. -->","yoast_head_json":{"title":"Waag - WAAG","robots":{"index":"index","follow":"follow","max-snippet":"max-snippet:-1","max-image-preview":"max-image-preview:large","max-video-preview":"max-video-preview:-1"},"canonical":"https:\/\/waaghaus.eu\/lad\/waag\/","og_locale":"en_US","og_type":"article","og_title":"Waag - WAAG","og_description":"Waag \u00e9 n post pons\u00e9 por la cultura a Balsan. Te ch\u00ebsta ciasa unica te s\u00fca forma v\u00ebgnel fat, vi\u00fc y d\u00e9 inant cultura.\u00a0 Wagg \u00e9 tres en modam\u00ebnt. Chi che \u00e9 laite vir de y por la cultura, lascian che ara se mostres tles formes pl\u00fc desvalies. Waag \u00e9 na s\u00ebnta daverta a d\u00fcc [&hellip;]","og_url":"https:\/\/waaghaus.eu\/lad\/waag\/","og_site_name":"WAAG","article_modified_time":"2025-04-24T06:54:14+00:00","og_image":[{"url":"https:\/\/waaghaus.eu\/wp-content\/uploads\/2020\/08\/casa.png"}],"twitter_card":"summary_large_image","twitter_misc":{"Est. reading time":"2 minutes"},"schema":{"@context":"https:\/\/schema.org","@graph":[{"@type":"WebPage","@id":"https:\/\/waaghaus.eu\/lad\/waag\/","url":"https:\/\/waaghaus.eu\/lad\/waag\/","name":"Waag - WAAG","isPartOf":{"@id":"https:\/\/waaghaus.eu\/lad\/#website"},"datePublished":"2020-08-07T09:20:43+00:00","dateModified":"2025-04-24T06:54:14+00:00","breadcrumb":{"@id":"https:\/\/waaghaus.eu\/lad\/waag\/#breadcrumb"},"inLanguage":"lad-LAD","potentialAction":[{"@type":"ReadAction","target":["https:\/\/waaghaus.eu\/lad\/waag\/"]}]},{"@type":"BreadcrumbList","@id":"https:\/\/waaghaus.eu\/lad\/waag\/#breadcrumb","itemListElement":[{"@type":"ListItem","position":1,"name":"Home","item":"https:\/\/waaghaus.eu\/lad\/"},{"@type":"ListItem","position":2,"name":"Waag"}]},{"@type":"WebSite","@id":"https:\/\/waaghaus.eu\/lad\/#website","url":"https:\/\/waaghaus.eu\/lad\/","name":"WAAG","description":" a space that is alive for free spirits","potentialAction":[{"@type":"SearchAction","target":{"@type":"EntryPoint","urlTemplate":"https:\/\/waaghaus.eu\/lad\/?s={search_term_string}"},"query-input":"required name=search_term_string"}],"inLanguage":"lad-LAD"}]}},"_links":{"self":[{"href":"https:\/\/waaghaus.eu\/lad\/wp-json\/wp\/v2\/pages\/506"}],"collection":[{"href":"https:\/\/waaghaus.eu\/lad\/wp-json\/wp\/v2\/pages"}],"about":[{"href":"https:\/\/waaghaus.eu\/lad\/wp-json\/wp\/v2\/types\/page"}],"author":[{"embeddable":true,"href":"https:\/\/waaghaus.eu\/lad\/wp-json\/wp\/v2\/users\/1"}],"replies":[{"embeddable":true,"href":"https:\/\/waaghaus.eu\/lad\/wp-json\/wp\/v2\/comments?post=506"}],"version-history":[{"count":8,"href":"https:\/\/waaghaus.eu\/lad\/wp-json\/wp\/v2\/pages\/506\/revisions"}],"predecessor-version":[{"id":4300,"href":"https:\/\/waaghaus.eu\/lad\/wp-json\/wp\/v2\/pages\/506\/revisions\/4300"}],"wp:attachment":[{"href":"https:\/\/waaghaus.eu\/lad\/wp-json\/wp\/v2\/media?parent=506"}],"curies":[{"name":"wp","href":"https:\/\/api.w.org\/{rel}","templated":true}]}}