{"id":503,"date":"2020-08-26T20:38:43","date_gmt":"2020-08-26T20:38:43","guid":{"rendered":"https:\/\/waaghaus.eu\/stiftung-sparkasse\/"},"modified":"2021-02-11T16:42:53","modified_gmt":"2021-02-11T16:42:53","slug":"fondaziun-dla-cassa-dl-sparagn-de-sudtirol","status":"publish","type":"page","link":"https:\/\/waaghaus.eu\/lad\/fondaziun-dla-cassa-dl-sparagn-de-sudtirol\/","title":{"rendered":"Fondaziun dla Cassa dl Sparagn de S\u00fcdtirol"},"content":{"rendered":"\n<p>La conservaziun dl patrimone architetonich \u00e9 de gran importanza por le teritore y por les generaziuns che v\u00ebgn d\u00f4 y la Fondaziun Cassa de Sparagn da Balsan \u00f3 chil\u00f3 d\u00e9 so contribut por adempl\u00ed ch\u00ebsc compit. I frabicac storics \u00e9 testimoni dl t\u00ebmp pass\u00e9, ai trasm\u00ebt la storia y ti d\u00e1 n\u2019identit\u00e9 particolara a nostes cit\u00e9s y a n\u00fcsc paisc. Momum\u00ebnc d\u2019architet\u00f6ra \u00e9 de gran importanza por la costruziun de na identit\u00e9 y \u00e9 punc d\u2019orientam\u00ebnt fondamentai. Le raport cun ch\u00ebstes strot\u00f6res, s\u00fca storia y la converjiun di frabicac vedli ampli\u00ebia la cualit\u00e9 de vita. La Fondaziun Cassa dl Sparagn \u00e9 capazia da av\u00ebi fat s\u00fca pert por ti d\u00e9 ind\u00f4 vita a ch\u00ebsc b\u00ebgn cultural tan important dl Waaghaus tl z\u00ebnter de Balsan.&nbsp;<\/p>\n\n\n\n<p>I oress rengrazi\u00e9 en manira particolara l\u2019avocat Gerhard Brandst\u00e4tter, che sci\u00f6che presid\u00ebnt dla fondaziun \u00e1 stl\u00fct j\u00f6 tl 2009 le contrat de cumpra cun le Comun de Balsan, le presid\u00ebnt da denant Karl Pichler, che \u00e1 fat le conzet y Dr. Klaus Widmann sci\u00f6che presid\u00ebnt dl\u2019assoziaziun Waaghaus che \u00e1 coordin\u00e9 la ciasa dal punt de od\u00fcda di contign\u00fcs culturai. Impl\u00fc oressi ince rengrazi\u00e9 l\u2019architet Wolfgang Piller che \u00e1 fat i laurs de restrotoraziun y d\u00fcc i artejans che \u00e1 daid\u00e9 para. La ciasa \u00e9 na vitrina de ezel\u00ebnza dl artejanat s\u00fcdtirolesc te d\u00f6tes s\u00fces formes!<\/p>\n\n\n\n<p>La Fondaziun Cassa dl Sparagn, de ch\u00ebra che la ciasa \u00e9 de propriet\u00e9, \u00e9 d\u00ebr cont\u00ebnta sce le Waaghaus deventar\u00e1 n punt prinzipal de incuntada de rapresentantes y rapresentanc dl monn dla cultura y insci\u00f6 n punt de referim\u00ebnt cultural por d\u00f6ta l\u2019Euregio. Ch\u00ebsta ciasa, te ch\u00ebra che d\u00f6tes les zitadines y d\u00fcc i zitadins \u00e9 b\u00ebgnod\u00fcs, dess ester na propriet\u00e9 de comunanza de d\u00f6tes y d\u00fcc.<\/p>\n\n\n\n<p>Prof. Konrad Bergmeister<br>Presid\u00ebnt dla Fondaziun Cassa dl Sparagn de Balsan\u00a0<\/p>\n\n\n\n<p><a href=\"https:\/\/www.stiftungsparkasse.it\" target=\"_blank\" rel=\"noreferrer noopener\">stiftungsparkasse.it<\/a><\/p>\n","protected":false},"excerpt":{"rendered":"<p>La conservaziun dl patrimone architetonich \u00e9 de gran importanza por le teritore y por les generaziuns che v\u00ebgn d\u00f4 y la Fondaziun Cassa de Sparagn da Balsan \u00f3 chil\u00f3 d\u00e9 so contribut por adempl\u00ed ch\u00ebsc compit. I frabicac storics \u00e9 testimoni dl t\u00ebmp pass\u00e9, ai trasm\u00ebt la storia y ti d\u00e1 n\u2019identit\u00e9 particolara a nostes [&hellip;]<\/p>\n","protected":false},"author":1,"featured_media":0,"parent":0,"menu_order":0,"comment_status":"closed","ping_status":"closed","template":"","meta":[],"acf":[],"yoast_head":"<!-- This site is optimized with the Yoast SEO plugin v19.11 - https:\/\/yoast.com\/wordpress\/plugins\/seo\/ -->\n<title>Fondaziun dla Cassa dl Sparagn de S\u00fcdtirol - WAAG<\/title>\n<meta name=\"robots\" content=\"index, follow, max-snippet:-1, max-image-preview:large, max-video-preview:-1\" \/>\n<link rel=\"canonical\" href=\"https:\/\/waaghaus.eu\/lad\/fondaziun-dla-cassa-dl-sparagn-de-sudtirol\/\" \/>\n<meta property=\"og:locale\" content=\"en_US\" \/>\n<meta property=\"og:type\" content=\"article\" \/>\n<meta property=\"og:title\" content=\"Fondaziun dla Cassa dl Sparagn de S\u00fcdtirol - WAAG\" \/>\n<meta property=\"og:description\" content=\"La conservaziun dl patrimone architetonich \u00e9 de gran importanza por le teritore y por les generaziuns che v\u00ebgn d\u00f4 y la Fondaziun Cassa de Sparagn da Balsan \u00f3 chil\u00f3 d\u00e9 so contribut por adempl\u00ed ch\u00ebsc compit. I frabicac storics \u00e9 testimoni dl t\u00ebmp pass\u00e9, ai trasm\u00ebt la storia y ti d\u00e1 n\u2019identit\u00e9 particolara a nostes [&hellip;]\" \/>\n<meta property=\"og:url\" content=\"https:\/\/waaghaus.eu\/lad\/fondaziun-dla-cassa-dl-sparagn-de-sudtirol\/\" \/>\n<meta property=\"og:site_name\" content=\"WAAG\" \/>\n<meta property=\"article:modified_time\" content=\"2021-02-11T16:42:53+00:00\" \/>\n<meta name=\"twitter:card\" content=\"summary_large_image\" \/>\n<meta name=\"twitter:label1\" content=\"Est. reading time\" \/>\n\t<meta name=\"twitter:data1\" content=\"2 minutes\" \/>\n<script type=\"application\/ld+json\" class=\"yoast-schema-graph\">{\"@context\":\"https:\/\/schema.org\",\"@graph\":[{\"@type\":\"WebPage\",\"@id\":\"https:\/\/waaghaus.eu\/lad\/fondaziun-dla-cassa-dl-sparagn-de-sudtirol\/\",\"url\":\"https:\/\/waaghaus.eu\/lad\/fondaziun-dla-cassa-dl-sparagn-de-sudtirol\/\",\"name\":\"Fondaziun dla Cassa dl Sparagn de S\u00fcdtirol - WAAG\",\"isPartOf\":{\"@id\":\"https:\/\/waaghaus.eu\/lad\/#website\"},\"datePublished\":\"2020-08-26T20:38:43+00:00\",\"dateModified\":\"2021-02-11T16:42:53+00:00\",\"breadcrumb\":{\"@id\":\"https:\/\/waaghaus.eu\/lad\/fondaziun-dla-cassa-dl-sparagn-de-sudtirol\/#breadcrumb\"},\"inLanguage\":\"lad-LAD\",\"potentialAction\":[{\"@type\":\"ReadAction\",\"target\":[\"https:\/\/waaghaus.eu\/lad\/fondaziun-dla-cassa-dl-sparagn-de-sudtirol\/\"]}]},{\"@type\":\"BreadcrumbList\",\"@id\":\"https:\/\/waaghaus.eu\/lad\/fondaziun-dla-cassa-dl-sparagn-de-sudtirol\/#breadcrumb\",\"itemListElement\":[{\"@type\":\"ListItem\",\"position\":1,\"name\":\"Home\",\"item\":\"https:\/\/waaghaus.eu\/lad\/\"},{\"@type\":\"ListItem\",\"position\":2,\"name\":\"Fondaziun dla Cassa dl Sparagn de S\u00fcdtirol\"}]},{\"@type\":\"WebSite\",\"@id\":\"https:\/\/waaghaus.eu\/lad\/#website\",\"url\":\"https:\/\/waaghaus.eu\/lad\/\",\"name\":\"WAAG\",\"description\":\" a space that is alive for free spirits\",\"potentialAction\":[{\"@type\":\"SearchAction\",\"target\":{\"@type\":\"EntryPoint\",\"urlTemplate\":\"https:\/\/waaghaus.eu\/lad\/?s={search_term_string}\"},\"query-input\":\"required name=search_term_string\"}],\"inLanguage\":\"lad-LAD\"}]}<\/script>\n<!-- \/ Yoast SEO plugin. -->","yoast_head_json":{"title":"Fondaziun dla Cassa dl Sparagn de S\u00fcdtirol - WAAG","robots":{"index":"index","follow":"follow","max-snippet":"max-snippet:-1","max-image-preview":"max-image-preview:large","max-video-preview":"max-video-preview:-1"},"canonical":"https:\/\/waaghaus.eu\/lad\/fondaziun-dla-cassa-dl-sparagn-de-sudtirol\/","og_locale":"en_US","og_type":"article","og_title":"Fondaziun dla Cassa dl Sparagn de S\u00fcdtirol - WAAG","og_description":"La conservaziun dl patrimone architetonich \u00e9 de gran importanza por le teritore y por les generaziuns che v\u00ebgn d\u00f4 y la Fondaziun Cassa de Sparagn da Balsan \u00f3 chil\u00f3 d\u00e9 so contribut por adempl\u00ed ch\u00ebsc compit. I frabicac storics \u00e9 testimoni dl t\u00ebmp pass\u00e9, ai trasm\u00ebt la storia y ti d\u00e1 n\u2019identit\u00e9 particolara a nostes [&hellip;]","og_url":"https:\/\/waaghaus.eu\/lad\/fondaziun-dla-cassa-dl-sparagn-de-sudtirol\/","og_site_name":"WAAG","article_modified_time":"2021-02-11T16:42:53+00:00","twitter_card":"summary_large_image","twitter_misc":{"Est. reading time":"2 minutes"},"schema":{"@context":"https:\/\/schema.org","@graph":[{"@type":"WebPage","@id":"https:\/\/waaghaus.eu\/lad\/fondaziun-dla-cassa-dl-sparagn-de-sudtirol\/","url":"https:\/\/waaghaus.eu\/lad\/fondaziun-dla-cassa-dl-sparagn-de-sudtirol\/","name":"Fondaziun dla Cassa dl Sparagn de S\u00fcdtirol - WAAG","isPartOf":{"@id":"https:\/\/waaghaus.eu\/lad\/#website"},"datePublished":"2020-08-26T20:38:43+00:00","dateModified":"2021-02-11T16:42:53+00:00","breadcrumb":{"@id":"https:\/\/waaghaus.eu\/lad\/fondaziun-dla-cassa-dl-sparagn-de-sudtirol\/#breadcrumb"},"inLanguage":"lad-LAD","potentialAction":[{"@type":"ReadAction","target":["https:\/\/waaghaus.eu\/lad\/fondaziun-dla-cassa-dl-sparagn-de-sudtirol\/"]}]},{"@type":"BreadcrumbList","@id":"https:\/\/waaghaus.eu\/lad\/fondaziun-dla-cassa-dl-sparagn-de-sudtirol\/#breadcrumb","itemListElement":[{"@type":"ListItem","position":1,"name":"Home","item":"https:\/\/waaghaus.eu\/lad\/"},{"@type":"ListItem","position":2,"name":"Fondaziun dla Cassa dl Sparagn de S\u00fcdtirol"}]},{"@type":"WebSite","@id":"https:\/\/waaghaus.eu\/lad\/#website","url":"https:\/\/waaghaus.eu\/lad\/","name":"WAAG","description":" a space that is alive for free spirits","potentialAction":[{"@type":"SearchAction","target":{"@type":"EntryPoint","urlTemplate":"https:\/\/waaghaus.eu\/lad\/?s={search_term_string}"},"query-input":"required name=search_term_string"}],"inLanguage":"lad-LAD"}]}},"_links":{"self":[{"href":"https:\/\/waaghaus.eu\/lad\/wp-json\/wp\/v2\/pages\/503"}],"collection":[{"href":"https:\/\/waaghaus.eu\/lad\/wp-json\/wp\/v2\/pages"}],"about":[{"href":"https:\/\/waaghaus.eu\/lad\/wp-json\/wp\/v2\/types\/page"}],"author":[{"embeddable":true,"href":"https:\/\/waaghaus.eu\/lad\/wp-json\/wp\/v2\/users\/1"}],"replies":[{"embeddable":true,"href":"https:\/\/waaghaus.eu\/lad\/wp-json\/wp\/v2\/comments?post=503"}],"version-history":[{"count":6,"href":"https:\/\/waaghaus.eu\/lad\/wp-json\/wp\/v2\/pages\/503\/revisions"}],"predecessor-version":[{"id":1702,"href":"https:\/\/waaghaus.eu\/lad\/wp-json\/wp\/v2\/pages\/503\/revisions\/1702"}],"wp:attachment":[{"href":"https:\/\/waaghaus.eu\/lad\/wp-json\/wp\/v2\/media?parent=503"}],"curies":[{"name":"wp","href":"https:\/\/api.w.org\/{rel}","templated":true}]}}