{"id":499,"date":"2020-08-26T20:15:02","date_gmt":"2020-08-26T20:15:02","guid":{"rendered":"https:\/\/waaghaus.eu\/meet-work\/"},"modified":"2023-03-29T14:44:41","modified_gmt":"2023-03-29T14:44:41","slug":"somas","status":"publish","type":"page","link":"https:\/\/waaghaus.eu\/lad\/somas\/","title":{"rendered":"Somas"},"content":{"rendered":"\r\n<p>Waag +3 \u00e9 le sot le t\u00ebt y al \u00e9 le post pl\u00fc angelich dla ciasa. N post ideal por laur\u00e9, pons\u00e9 y bai\u00e9. La co-working area y le salf dles sentades \u00e9 arjign\u00e1 ite cun m\u00f6bli a moduls, proietur, implant audio, wifi y pita n ambi\u00ebnt lominus y da st\u00e9 saur\u00ed, ideal por sentades, seminars, workshops y confer\u00ebnzes.<br \/>En combinaziun cun le sot le t\u00ebt, p\u00f3n ince ador\u00e9 le foyer tla secunda alzada Waag +2.<br \/><br \/>T\u00ebra: 200 x 113 cm, format 16:9.<br \/>Proietur: alad\u00f4 de Google messass ester ch\u00ebstes les dimensciuns<br \/>Beamer: EPSON EB 990U, Full HD, 3.800 lumen, conesciun HDMI<br \/>Audio: 4 x BOSE FREESPACE DS16 S INDOOR box, conesciun HDMI<br \/>Desponibilit\u00e9 de wifi<\/p>\r\n\r\n\r\n\r\n<p>&nbsp;<\/p>\r\n\r\n\r\n\r\n<div class=\"is-layout-flow wp-block-group alignfull full-width-slider\"><div class=\"wp-block-group__inner-container\">\r\n<figure class=\"wp-block-image size-large\"><img decoding=\"async\" loading=\"lazy\" width=\"1024\" height=\"640\" class=\"wp-image-1109\" src=\"https:\/\/waaghaus.eu\/wp-content\/uploads\/2021\/01\/Dachboden_01-1024x640.jpg\" alt=\"\" srcset=\"https:\/\/waaghaus.eu\/wp-content\/uploads\/2021\/01\/Dachboden_01-1024x640.jpg 1024w, https:\/\/waaghaus.eu\/wp-content\/uploads\/2021\/01\/Dachboden_01-300x188.jpg 300w, https:\/\/waaghaus.eu\/wp-content\/uploads\/2021\/01\/Dachboden_01-768x480.jpg 768w, https:\/\/waaghaus.eu\/wp-content\/uploads\/2021\/01\/Dachboden_01-1536x960.jpg 1536w, https:\/\/waaghaus.eu\/wp-content\/uploads\/2021\/01\/Dachboden_01.jpg 1920w\" sizes=\"(max-width: 1024px) 100vw, 1024px\" \/><\/figure>\r\n\r\n\r\n\r\n<figure class=\"wp-block-image size-large\"><img decoding=\"async\" loading=\"lazy\" width=\"1024\" height=\"640\" class=\"wp-image-1113\" src=\"https:\/\/waaghaus.eu\/wp-content\/uploads\/2021\/01\/Dachboden_02-1024x640.jpg\" alt=\"\" srcset=\"https:\/\/waaghaus.eu\/wp-content\/uploads\/2021\/01\/Dachboden_02-1024x640.jpg 1024w, https:\/\/waaghaus.eu\/wp-content\/uploads\/2021\/01\/Dachboden_02-300x188.jpg 300w, https:\/\/waaghaus.eu\/wp-content\/uploads\/2021\/01\/Dachboden_02-768x480.jpg 768w, https:\/\/waaghaus.eu\/wp-content\/uploads\/2021\/01\/Dachboden_02-1536x960.jpg 1536w, https:\/\/waaghaus.eu\/wp-content\/uploads\/2021\/01\/Dachboden_02.jpg 1920w\" sizes=\"(max-width: 1024px) 100vw, 1024px\" \/><\/figure>\r\n\r\n\r\n\r\n<figure class=\"wp-block-image size-large\"><img decoding=\"async\" loading=\"lazy\" width=\"1024\" height=\"640\" class=\"wp-image-1117\" src=\"https:\/\/waaghaus.eu\/wp-content\/uploads\/2021\/01\/Dachboden_03-1024x640.jpg\" alt=\"\" srcset=\"https:\/\/waaghaus.eu\/wp-content\/uploads\/2021\/01\/Dachboden_03-1024x640.jpg 1024w, https:\/\/waaghaus.eu\/wp-content\/uploads\/2021\/01\/Dachboden_03-300x188.jpg 300w, https:\/\/waaghaus.eu\/wp-content\/uploads\/2021\/01\/Dachboden_03-768x480.jpg 768w, https:\/\/waaghaus.eu\/wp-content\/uploads\/2021\/01\/Dachboden_03-1536x960.jpg 1536w, https:\/\/waaghaus.eu\/wp-content\/uploads\/2021\/01\/Dachboden_03.jpg 1920w\" sizes=\"(max-width: 1024px) 100vw, 1024px\" \/><\/figure>\r\n\r\n\r\n\r\n<figure class=\"wp-block-image size-large\"><img decoding=\"async\" loading=\"lazy\" width=\"1024\" height=\"640\" class=\"wp-image-1121\" src=\"https:\/\/waaghaus.eu\/wp-content\/uploads\/2021\/01\/Dachboden_04-1024x640.jpg\" alt=\"\" srcset=\"https:\/\/waaghaus.eu\/wp-content\/uploads\/2021\/01\/Dachboden_04-1024x640.jpg 1024w, https:\/\/waaghaus.eu\/wp-content\/uploads\/2021\/01\/Dachboden_04-300x188.jpg 300w, https:\/\/waaghaus.eu\/wp-content\/uploads\/2021\/01\/Dachboden_04-768x480.jpg 768w, https:\/\/waaghaus.eu\/wp-content\/uploads\/2021\/01\/Dachboden_04-1536x960.jpg 1536w, https:\/\/waaghaus.eu\/wp-content\/uploads\/2021\/01\/Dachboden_04.jpg 1920w\" sizes=\"(max-width: 1024px) 100vw, 1024px\" \/><\/figure>\r\n\r\n\r\n\r\n<figure class=\"wp-block-image size-large\"><img decoding=\"async\" loading=\"lazy\" width=\"1024\" height=\"640\" class=\"wp-image-1125\" src=\"https:\/\/waaghaus.eu\/wp-content\/uploads\/2021\/01\/Dachboden_05-1024x640.jpg\" alt=\"\" srcset=\"https:\/\/waaghaus.eu\/wp-content\/uploads\/2021\/01\/Dachboden_05-1024x640.jpg 1024w, https:\/\/waaghaus.eu\/wp-content\/uploads\/2021\/01\/Dachboden_05-300x188.jpg 300w, https:\/\/waaghaus.eu\/wp-content\/uploads\/2021\/01\/Dachboden_05-768x480.jpg 768w, https:\/\/waaghaus.eu\/wp-content\/uploads\/2021\/01\/Dachboden_05-1536x960.jpg 1536w, https:\/\/waaghaus.eu\/wp-content\/uploads\/2021\/01\/Dachboden_05.jpg 1920w\" sizes=\"(max-width: 1024px) 100vw, 1024px\" \/><\/figure>\r\n\r\n\r\n\r\n<figure class=\"wp-block-image size-large\"><img decoding=\"async\" loading=\"lazy\" width=\"1024\" height=\"640\" class=\"wp-image-1129\" src=\"https:\/\/waaghaus.eu\/wp-content\/uploads\/2021\/01\/Dachboden_06-1024x640.jpg\" alt=\"\" srcset=\"https:\/\/waaghaus.eu\/wp-content\/uploads\/2021\/01\/Dachboden_06-1024x640.jpg 1024w, https:\/\/waaghaus.eu\/wp-content\/uploads\/2021\/01\/Dachboden_06-300x188.jpg 300w, https:\/\/waaghaus.eu\/wp-content\/uploads\/2021\/01\/Dachboden_06-768x480.jpg 768w, https:\/\/waaghaus.eu\/wp-content\/uploads\/2021\/01\/Dachboden_06-1536x960.jpg 1536w, https:\/\/waaghaus.eu\/wp-content\/uploads\/2021\/01\/Dachboden_06.jpg 1920w\" sizes=\"(max-width: 1024px) 100vw, 1024px\" \/><\/figure>\r\n\r\n\r\n\r\n<figure class=\"wp-block-image size-large\"><img decoding=\"async\" loading=\"lazy\" width=\"1024\" height=\"640\" class=\"wp-image-1183\" src=\"https:\/\/waaghaus.eu\/wp-content\/uploads\/2021\/01\/Haus_16-1024x640.jpg\" alt=\"\" srcset=\"https:\/\/waaghaus.eu\/wp-content\/uploads\/2021\/01\/Haus_16-1024x640.jpg 1024w, https:\/\/waaghaus.eu\/wp-content\/uploads\/2021\/01\/Haus_16-300x188.jpg 300w, https:\/\/waaghaus.eu\/wp-content\/uploads\/2021\/01\/Haus_16-768x480.jpg 768w, https:\/\/waaghaus.eu\/wp-content\/uploads\/2021\/01\/Haus_16-1536x960.jpg 1536w, https:\/\/waaghaus.eu\/wp-content\/uploads\/2021\/01\/Haus_16.jpg 1920w\" sizes=\"(max-width: 1024px) 100vw, 1024px\" \/><\/figure>\r\n\r\n\r\n\r\n<figure class=\"wp-block-image size-large\"><img decoding=\"async\" loading=\"lazy\" width=\"1024\" height=\"640\" class=\"wp-image-1171\" src=\"https:\/\/waaghaus.eu\/wp-content\/uploads\/2021\/01\/Haus_11-1024x640.jpg\" alt=\"\" srcset=\"https:\/\/waaghaus.eu\/wp-content\/uploads\/2021\/01\/Haus_11-1024x640.jpg 1024w, https:\/\/waaghaus.eu\/wp-content\/uploads\/2021\/01\/Haus_11-300x188.jpg 300w, https:\/\/waaghaus.eu\/wp-content\/uploads\/2021\/01\/Haus_11-768x480.jpg 768w, https:\/\/waaghaus.eu\/wp-content\/uploads\/2021\/01\/Haus_11-1536x960.jpg 1536w, https:\/\/waaghaus.eu\/wp-content\/uploads\/2021\/01\/Haus_11.jpg 1920w\" sizes=\"(max-width: 1024px) 100vw, 1024px\" \/><\/figure>\r\n<\/div><\/div>\r\n\r\n\r\n\r\n\r\n","protected":false},"excerpt":{"rendered":"<p>Waag +3 \u00e9 le sot le t\u00ebt y al \u00e9 le post pl\u00fc angelich dla ciasa. N post ideal por laur\u00e9, pons\u00e9 y bai\u00e9. La co-working area y le salf dles sentades \u00e9 arjign\u00e1 ite cun m\u00f6bli a moduls, proietur, implant audio, wifi y pita n ambi\u00ebnt lominus y da st\u00e9 saur\u00ed, ideal por sentades, [&hellip;]<\/p>\n","protected":false},"author":1,"featured_media":0,"parent":0,"menu_order":0,"comment_status":"closed","ping_status":"closed","template":"","meta":[],"acf":[],"yoast_head":"<!-- This site is optimized with the Yoast SEO plugin v19.11 - https:\/\/yoast.com\/wordpress\/plugins\/seo\/ -->\n<title>Somas - WAAG<\/title>\n<meta name=\"robots\" content=\"index, follow, max-snippet:-1, max-image-preview:large, max-video-preview:-1\" \/>\n<link rel=\"canonical\" href=\"https:\/\/waaghaus.eu\/lad\/somas\/\" \/>\n<meta property=\"og:locale\" content=\"en_US\" \/>\n<meta property=\"og:type\" content=\"article\" \/>\n<meta property=\"og:title\" content=\"Somas - WAAG\" \/>\n<meta property=\"og:description\" content=\"Waag +3 \u00e9 le sot le t\u00ebt y al \u00e9 le post pl\u00fc angelich dla ciasa. N post ideal por laur\u00e9, pons\u00e9 y bai\u00e9. La co-working area y le salf dles sentades \u00e9 arjign\u00e1 ite cun m\u00f6bli a moduls, proietur, implant audio, wifi y pita n ambi\u00ebnt lominus y da st\u00e9 saur\u00ed, ideal por sentades, [&hellip;]\" \/>\n<meta property=\"og:url\" content=\"https:\/\/waaghaus.eu\/lad\/somas\/\" \/>\n<meta property=\"og:site_name\" content=\"WAAG\" \/>\n<meta property=\"article:modified_time\" content=\"2023-03-29T14:44:41+00:00\" \/>\n<meta property=\"og:image\" content=\"https:\/\/waaghaus.eu\/wp-content\/uploads\/2021\/01\/Dachboden_01-1024x640.jpg\" \/>\n<meta name=\"twitter:card\" content=\"summary_large_image\" \/>\n<meta name=\"twitter:label1\" content=\"Est. reading time\" \/>\n\t<meta name=\"twitter:data1\" content=\"3 minutes\" \/>\n<script type=\"application\/ld+json\" class=\"yoast-schema-graph\">{\"@context\":\"https:\/\/schema.org\",\"@graph\":[{\"@type\":\"WebPage\",\"@id\":\"https:\/\/waaghaus.eu\/lad\/somas\/\",\"url\":\"https:\/\/waaghaus.eu\/lad\/somas\/\",\"name\":\"Somas - WAAG\",\"isPartOf\":{\"@id\":\"https:\/\/waaghaus.eu\/lad\/#website\"},\"datePublished\":\"2020-08-26T20:15:02+00:00\",\"dateModified\":\"2023-03-29T14:44:41+00:00\",\"breadcrumb\":{\"@id\":\"https:\/\/waaghaus.eu\/lad\/somas\/#breadcrumb\"},\"inLanguage\":\"lad-LAD\",\"potentialAction\":[{\"@type\":\"ReadAction\",\"target\":[\"https:\/\/waaghaus.eu\/lad\/somas\/\"]}]},{\"@type\":\"BreadcrumbList\",\"@id\":\"https:\/\/waaghaus.eu\/lad\/somas\/#breadcrumb\",\"itemListElement\":[{\"@type\":\"ListItem\",\"position\":1,\"name\":\"Home\",\"item\":\"https:\/\/waaghaus.eu\/lad\/\"},{\"@type\":\"ListItem\",\"position\":2,\"name\":\"Somas\"}]},{\"@type\":\"WebSite\",\"@id\":\"https:\/\/waaghaus.eu\/lad\/#website\",\"url\":\"https:\/\/waaghaus.eu\/lad\/\",\"name\":\"WAAG\",\"description\":\" a space that is alive for free spirits\",\"potentialAction\":[{\"@type\":\"SearchAction\",\"target\":{\"@type\":\"EntryPoint\",\"urlTemplate\":\"https:\/\/waaghaus.eu\/lad\/?s={search_term_string}\"},\"query-input\":\"required name=search_term_string\"}],\"inLanguage\":\"lad-LAD\"}]}<\/script>\n<!-- \/ Yoast SEO plugin. -->","yoast_head_json":{"title":"Somas - WAAG","robots":{"index":"index","follow":"follow","max-snippet":"max-snippet:-1","max-image-preview":"max-image-preview:large","max-video-preview":"max-video-preview:-1"},"canonical":"https:\/\/waaghaus.eu\/lad\/somas\/","og_locale":"en_US","og_type":"article","og_title":"Somas - WAAG","og_description":"Waag +3 \u00e9 le sot le t\u00ebt y al \u00e9 le post pl\u00fc angelich dla ciasa. N post ideal por laur\u00e9, pons\u00e9 y bai\u00e9. La co-working area y le salf dles sentades \u00e9 arjign\u00e1 ite cun m\u00f6bli a moduls, proietur, implant audio, wifi y pita n ambi\u00ebnt lominus y da st\u00e9 saur\u00ed, ideal por sentades, [&hellip;]","og_url":"https:\/\/waaghaus.eu\/lad\/somas\/","og_site_name":"WAAG","article_modified_time":"2023-03-29T14:44:41+00:00","og_image":[{"url":"https:\/\/waaghaus.eu\/wp-content\/uploads\/2021\/01\/Dachboden_01-1024x640.jpg"}],"twitter_card":"summary_large_image","twitter_misc":{"Est. reading time":"3 minutes"},"schema":{"@context":"https:\/\/schema.org","@graph":[{"@type":"WebPage","@id":"https:\/\/waaghaus.eu\/lad\/somas\/","url":"https:\/\/waaghaus.eu\/lad\/somas\/","name":"Somas - WAAG","isPartOf":{"@id":"https:\/\/waaghaus.eu\/lad\/#website"},"datePublished":"2020-08-26T20:15:02+00:00","dateModified":"2023-03-29T14:44:41+00:00","breadcrumb":{"@id":"https:\/\/waaghaus.eu\/lad\/somas\/#breadcrumb"},"inLanguage":"lad-LAD","potentialAction":[{"@type":"ReadAction","target":["https:\/\/waaghaus.eu\/lad\/somas\/"]}]},{"@type":"BreadcrumbList","@id":"https:\/\/waaghaus.eu\/lad\/somas\/#breadcrumb","itemListElement":[{"@type":"ListItem","position":1,"name":"Home","item":"https:\/\/waaghaus.eu\/lad\/"},{"@type":"ListItem","position":2,"name":"Somas"}]},{"@type":"WebSite","@id":"https:\/\/waaghaus.eu\/lad\/#website","url":"https:\/\/waaghaus.eu\/lad\/","name":"WAAG","description":" a space that is alive for free spirits","potentialAction":[{"@type":"SearchAction","target":{"@type":"EntryPoint","urlTemplate":"https:\/\/waaghaus.eu\/lad\/?s={search_term_string}"},"query-input":"required name=search_term_string"}],"inLanguage":"lad-LAD"}]}},"_links":{"self":[{"href":"https:\/\/waaghaus.eu\/lad\/wp-json\/wp\/v2\/pages\/499"}],"collection":[{"href":"https:\/\/waaghaus.eu\/lad\/wp-json\/wp\/v2\/pages"}],"about":[{"href":"https:\/\/waaghaus.eu\/lad\/wp-json\/wp\/v2\/types\/page"}],"author":[{"embeddable":true,"href":"https:\/\/waaghaus.eu\/lad\/wp-json\/wp\/v2\/users\/1"}],"replies":[{"embeddable":true,"href":"https:\/\/waaghaus.eu\/lad\/wp-json\/wp\/v2\/comments?post=499"}],"version-history":[{"count":20,"href":"https:\/\/waaghaus.eu\/lad\/wp-json\/wp\/v2\/pages\/499\/revisions"}],"predecessor-version":[{"id":2937,"href":"https:\/\/waaghaus.eu\/lad\/wp-json\/wp\/v2\/pages\/499\/revisions\/2937"}],"wp:attachment":[{"href":"https:\/\/waaghaus.eu\/lad\/wp-json\/wp\/v2\/media?parent=499"}],"curies":[{"name":"wp","href":"https:\/\/api.w.org\/{rel}","templated":true}]}}