{"id":495,"date":"2020-08-26T20:57:04","date_gmt":"2020-08-26T20:57:04","guid":{"rendered":"https:\/\/waaghaus.eu\/inhabitants\/"},"modified":"2021-01-22T09:56:08","modified_gmt":"2021-01-22T09:56:08","slug":"abitanc","status":"publish","type":"page","link":"https:\/\/waaghaus.eu\/lad\/abitanc\/","title":{"rendered":"Abitanc"},"content":{"rendered":"\n<div class=\"is-layout-flex wp-container-3 wp-block-columns\">\n<div class=\"is-layout-flow wp-block-column\" style=\"flex-basis:33.33%\">\n<figure class=\"wp-block-image size-large\"><img decoding=\"async\" loading=\"lazy\" width=\"259\" height=\"194\" src=\"https:\/\/waaghaus.eu\/wp-content\/uploads\/2020\/11\/ferruccio.png\" alt=\"\" class=\"wp-image-571\"\/><\/figure>\n<\/div>\n\n\n\n<div class=\"is-layout-flow wp-block-column\" style=\"flex-basis:66.66%\">\n<p>Descor\u00ed, form\u00e9, sostign\u00ed y prom\u00f6ie: ch\u00ebstes \u00e9 les ativit\u00e9s che carateris\u00ebia la <strong>Fondaziun Ferruccio Busoni\u2013Gustav Mahler<\/strong> dal punt d\u2019od\u00fcda artistich. N concurs de tlavier \u00e9 n\u2019ocajiun de incuntada danter generaziuns, maestri, tal\u00ebnc y personalit\u00e9s desvalies dl monn dla musiga internazionala. N\u2019academia che ti d\u00e1 na formaziun a jogn de tal\u00ebnt tl setur dla musiga classica por che ai pois spo son\u00e9 para pro les orchestres pl\u00fc importantes a livel mondial. N festival sci\u00f6che plataforma unica che conscidr\u00ebia d\u00fcc i aspec prinzipai che reverda la promoziun di musizis\u0107, impegn\u00e1 por n dagn\u00ed dla musiga classica che \u00e1 sci\u00f6che punc de forza l\u2019inovaziun y la spontaniet\u00e9 pro n publich tres pl\u00fc desfar\u00ebnt.<br><br><strong><a rel=\"noreferrer noopener\" href=\"#\" target=\"_blank\"><\/a><strong><a href=\"https:\/\/www.busoni-mahler.eu\/en\/home-english\/\"><\/a><strong><a href=\"http:\/\/www.busoni-mahler.eu\" target=\"_blank\" rel=\"noreferrer noopener\"><strong><\/strong><\/a><strong><a href=\"http:\/\/www.busoni-mahler.eu\" target=\"_blank\" rel=\"noreferrer noopener\">busoni-mahler.eu<\/a><\/strong><\/strong><\/strong><\/strong><\/p>\n<\/div>\n<\/div>\n\n\n\n<div style=\"height:80px\" aria-hidden=\"true\" class=\"wp-block-spacer\"><\/div>\n\n\n\n<div class=\"is-layout-flex wp-container-6 wp-block-columns\">\n<div class=\"is-layout-flow wp-block-column\" style=\"flex-basis:33.33%\">\n<figure class=\"wp-block-image size-large\"><img decoding=\"async\" loading=\"lazy\" width=\"281\" height=\"173\" src=\"https:\/\/waaghaus.eu\/wp-content\/uploads\/2020\/11\/euroegio.png\" alt=\"\" class=\"wp-image-567\"\/><\/figure>\n\n\n\n<p><\/p>\n<\/div>\n\n\n\n<div class=\"is-layout-flow wp-block-column\" style=\"flex-basis:66.66%\">\n<p>Nosc obietif sci\u00f6che <strong>Euregio Tirol-S\u00fcdtirol-Trentin<\/strong> \u00e9 ch\u00ebl da ti pit\u00e9 ales zitadines y ai zitadins proiec concrec ti seturs pl\u00fc desvalis dla vita: dal tunel de basa dl Prener ala cherta EuregioFamilyPass al boletin dles lovines rovan al boletin dl meteo unifich\u00e9. Cun la cooperaziun sura i confins fora orunse cheri\u00e9 n valur impl\u00fc y mostr\u00e9 les oportunit\u00e9s desvalies che i tr\u00ebi raiuns nes d\u00e1. L\u2019 Euregio Tirol \u2013 S\u00fcdtirol \u2013 Trentin \u00e9 caraterisada da na variet\u00e9 linguistica, de paesaje mo dantad\u00f6t ince da na storia y da na cultura che \u00e9 nosc liam pl\u00fc sterch y nosc potenzial pl\u00fc gran por le svilup tl dagn\u00ed.<br><br><strong><a rel=\"noreferrer noopener\" href=\"#\" target=\"_blank\"><\/a><strong><a href=\"http:\/\/www.europaregion.info\/\"><strong><a href=\"http:\/\/www.europaregion.info\" target=\"_blank\" rel=\"noreferrer noopener\">europaregion.info<\/a><\/strong><\/a><\/strong><\/strong><\/p>\n<\/div>\n<\/div>\n\n\n\n<div style=\"height:80px\" aria-hidden=\"true\" class=\"wp-block-spacer\"><\/div>\n\n\n\n<div class=\"is-layout-flex wp-container-9 wp-block-columns\">\n<div class=\"is-layout-flow wp-block-column\" style=\"flex-basis:33.33%\">\n<figure class=\"wp-block-image size-large\"><img decoding=\"async\" loading=\"lazy\" width=\"304\" height=\"172\" src=\"https:\/\/waaghaus.eu\/wp-content\/uploads\/2020\/11\/bolzano.png\" alt=\"\" class=\"wp-image-563\" srcset=\"https:\/\/waaghaus.eu\/wp-content\/uploads\/2020\/11\/bolzano.png 304w, https:\/\/waaghaus.eu\/wp-content\/uploads\/2020\/11\/bolzano-300x170.png 300w\" sizes=\"(max-width: 304px) 100vw, 304px\" \/><\/figure>\n\n\n\n<p><\/p>\n<\/div>\n\n\n\n<div class=\"is-layout-flow wp-block-column\" style=\"flex-basis:66.66%\">\n<p>Le <strong>Bolzano Film Festival Bozen<\/strong> \u00e9 n festival che porta vigni ann da d\u2019aisci\u00f6da le cinema d\u2019autur dla Talia, Austria, Svizra, Germania y de atri Paisc s\u00f6n i monitors dl cinema dl S\u00fcdtirol. La fondaziun dl festival \u00e9 stada tl 1989 sot al inom \u201cGiornate del cinema di Bolzano\u201d. Al \u00e9 spo tres gn\u00fc pl\u00fc gran cina che al \u00e9 devent\u00e9 na manifestaziun internazionala de cualit\u00e9 che ne \u00f3 nia ester \u201cmainstream\u201d. Registes y regis\u0107 jogn \u00e1 la poscibilit\u00e9 da present\u00e9 s\u00fc films sci\u00f6che ince personalit\u00e9s bele conesci\u00fcdes a livel internazional. Tratan le festival v\u00ebgnel met\u00fc da j\u00ed workshops, ev\u00ebnc y ofertes formatives en colaboraziun cun la scora dl cinema Zelig, la FAS (Film Association of South Tyrol) y IDM S\u00fcdtirol\/Alto Adige.<br><br><strong><a rel=\"noreferrer noopener\" href=\"#\" target=\"_blank\"><\/a><a rel=\"noreferrer noopener\" href=\"http:\/\/filmfestival.bz.it\/\" target=\"_blank\"><strong>filmfestival.bz.it<\/strong><\/a><\/strong><\/p>\n<\/div>\n<\/div>\n\n\n\n<div style=\"height:80px\" aria-hidden=\"true\" class=\"wp-block-spacer\"><\/div>\n\n\n\n<div class=\"is-layout-flex wp-container-12 wp-block-columns\">\n<div class=\"is-layout-flow wp-block-column\" style=\"flex-basis:33.33%\">\n<figure class=\"wp-block-image size-large\"><img decoding=\"async\" loading=\"lazy\" width=\"251\" height=\"211\" src=\"https:\/\/waaghaus.eu\/wp-content\/uploads\/2020\/11\/jazz.png\" alt=\"\" class=\"wp-image-575\"\/><\/figure>\n\n\n\n<p><\/p>\n<\/div>\n\n\n\n<div class=\"is-layout-flow wp-block-column\" style=\"flex-basis:66.66%\">\n<p>\u201cSonns n\u00fcs por ciar\u00e9 al dagn\u00ed\u201d. Le <strong>S\u00fcdtirol Jazzfestival Alto Adige<\/strong> coli\u00ebia sonns y pos\u0107. Le jazz modern y s\u00fc stils musicai v\u00ebgn coli\u00e1 cun pos\u0107 particolars y al nasc insci\u00f6 paesaji n\u00fcs. Tratan le festival v\u00ebgn les munts, i lec, i r\u00fcs, les plazes, les strades, i parcs, i ciast\u00ed y les strot\u00f6res produtives dl S\u00fcdtirol contaminades cun la musiga dl jazz. Al nasc: sonns, musighes, r\u00ebis, proiec y grups musicai. La lerch urbana, par\u00ebis de pera y contrades da munt, manifestaziun culinaries y musiga sota dev\u00ebnta n elem\u00ebnt su che ti pita al publich n\u2019esperi\u00ebnza particolara.<br><br><strong><a rel=\"noreferrer noopener\" href=\"#\" target=\"_blank\"><\/a><strong><a rel=\"noreferrer noopener\" href=\"https:\/\/www.suedtiroljazzfestival.com\/\" target=\"_blank\">suedtiroljazzfestival.com<\/a><\/strong><\/strong><\/p>\n<\/div>\n<\/div>\n\n\n\n<div style=\"height:80px\" aria-hidden=\"true\" class=\"wp-block-spacer\"><\/div>\n\n\n\n<div class=\"is-layout-flex wp-container-15 wp-block-columns\">\n<div class=\"is-layout-flow wp-block-column\" style=\"flex-basis:33.33%\">\n<figure class=\"wp-block-image size-large\"><img decoding=\"async\" loading=\"lazy\" width=\"276\" height=\"226\" src=\"https:\/\/waaghaus.eu\/wp-content\/uploads\/2020\/11\/ws.png\" alt=\"\" class=\"wp-image-559\"\/><\/figure>\n\n\n\n<p><\/p>\n<\/div>\n\n\n\n<div class=\"is-layout-flow wp-block-column\" style=\"flex-basis:66.66%\">\n<p><strong>Weigh Station<\/strong> tl Waaghaus invi\u00ebia, prom\u00f6i y sost\u00ebgn na community de jogn profescionis\u0107 dl monn dla cultura y dla creativit\u00e9 che \u00e9 atifs tl S\u00fcdtirol y che \u00e1 inom: i\/les waller. WS \u00e9 n laboratore che pita ocajiuns de aprofondim\u00ebnt s\u00f6n les esig\u00ebnzes di operadus y dles operad\u00ebsses culturales y creatives de d\u00f6t le teritore. Ara pr\u00f4 ince da d\u00e9 n impuls por na riflesciun publica s\u00f6n le signifcat y le valur dl laur creatif.<br>Weigh Station \u00e9 n punt de incuntada por la formaziun tres workshop cun esper\u0107 y che pita na consul\u00ebnza y Calls de produziun, proietaziun y de promoziun de ocajiuns de networking y de colaboraziun.<br><br><strong><a rel=\"noreferrer noopener\" href=\"#\" target=\"_blank\"><strong><a rel=\"noreferrer noopener\" href=\"https:\/\/weighstation.eu\/\" target=\"_blank\">weighstation.eu<\/a><\/strong><\/a><\/strong><\/p>\n<\/div>\n<\/div>\n","protected":false},"excerpt":{"rendered":"<p>Descor\u00ed, form\u00e9, sostign\u00ed y prom\u00f6ie: ch\u00ebstes \u00e9 les ativit\u00e9s che carateris\u00ebia la Fondaziun Ferruccio Busoni\u2013Gustav Mahler dal punt d\u2019od\u00fcda artistich. N concurs de tlavier \u00e9 n\u2019ocajiun de incuntada danter generaziuns, maestri, tal\u00ebnc y personalit\u00e9s desvalies dl monn dla musiga internazionala. N\u2019academia che ti d\u00e1 na formaziun a jogn de tal\u00ebnt tl setur dla musiga classica [&hellip;]<\/p>\n","protected":false},"author":1,"featured_media":0,"parent":0,"menu_order":0,"comment_status":"closed","ping_status":"closed","template":"","meta":[],"acf":[],"yoast_head":"<!-- This site is optimized with the Yoast SEO plugin v19.11 - https:\/\/yoast.com\/wordpress\/plugins\/seo\/ -->\n<title>Abitanc - WAAG<\/title>\n<meta name=\"robots\" content=\"index, follow, max-snippet:-1, max-image-preview:large, max-video-preview:-1\" \/>\n<link rel=\"canonical\" href=\"https:\/\/waaghaus.eu\/lad\/abitanc\/\" \/>\n<meta property=\"og:locale\" content=\"en_US\" \/>\n<meta property=\"og:type\" content=\"article\" \/>\n<meta property=\"og:title\" content=\"Abitanc - WAAG\" \/>\n<meta property=\"og:description\" content=\"Descor\u00ed, form\u00e9, sostign\u00ed y prom\u00f6ie: ch\u00ebstes \u00e9 les ativit\u00e9s che carateris\u00ebia la Fondaziun Ferruccio Busoni\u2013Gustav Mahler dal punt d\u2019od\u00fcda artistich. N concurs de tlavier \u00e9 n\u2019ocajiun de incuntada danter generaziuns, maestri, tal\u00ebnc y personalit\u00e9s desvalies dl monn dla musiga internazionala. N\u2019academia che ti d\u00e1 na formaziun a jogn de tal\u00ebnt tl setur dla musiga classica [&hellip;]\" \/>\n<meta property=\"og:url\" content=\"https:\/\/waaghaus.eu\/lad\/abitanc\/\" \/>\n<meta property=\"og:site_name\" content=\"WAAG\" \/>\n<meta property=\"article:modified_time\" content=\"2021-01-22T09:56:08+00:00\" \/>\n<meta property=\"og:image\" content=\"https:\/\/waaghaus.eu\/wp-content\/uploads\/2020\/11\/ferruccio.png\" \/>\n<meta name=\"twitter:card\" content=\"summary_large_image\" \/>\n<meta name=\"twitter:label1\" content=\"Est. reading time\" \/>\n\t<meta name=\"twitter:data1\" content=\"4 minutes\" \/>\n<script type=\"application\/ld+json\" class=\"yoast-schema-graph\">{\"@context\":\"https:\/\/schema.org\",\"@graph\":[{\"@type\":\"WebPage\",\"@id\":\"https:\/\/waaghaus.eu\/lad\/abitanc\/\",\"url\":\"https:\/\/waaghaus.eu\/lad\/abitanc\/\",\"name\":\"Abitanc - WAAG\",\"isPartOf\":{\"@id\":\"https:\/\/waaghaus.eu\/lad\/#website\"},\"datePublished\":\"2020-08-26T20:57:04+00:00\",\"dateModified\":\"2021-01-22T09:56:08+00:00\",\"breadcrumb\":{\"@id\":\"https:\/\/waaghaus.eu\/lad\/abitanc\/#breadcrumb\"},\"inLanguage\":\"lad-LAD\",\"potentialAction\":[{\"@type\":\"ReadAction\",\"target\":[\"https:\/\/waaghaus.eu\/lad\/abitanc\/\"]}]},{\"@type\":\"BreadcrumbList\",\"@id\":\"https:\/\/waaghaus.eu\/lad\/abitanc\/#breadcrumb\",\"itemListElement\":[{\"@type\":\"ListItem\",\"position\":1,\"name\":\"Home\",\"item\":\"https:\/\/waaghaus.eu\/lad\/\"},{\"@type\":\"ListItem\",\"position\":2,\"name\":\"Abitanc\"}]},{\"@type\":\"WebSite\",\"@id\":\"https:\/\/waaghaus.eu\/lad\/#website\",\"url\":\"https:\/\/waaghaus.eu\/lad\/\",\"name\":\"WAAG\",\"description\":\" a space that is alive for free spirits\",\"potentialAction\":[{\"@type\":\"SearchAction\",\"target\":{\"@type\":\"EntryPoint\",\"urlTemplate\":\"https:\/\/waaghaus.eu\/lad\/?s={search_term_string}\"},\"query-input\":\"required name=search_term_string\"}],\"inLanguage\":\"lad-LAD\"}]}<\/script>\n<!-- \/ Yoast SEO plugin. -->","yoast_head_json":{"title":"Abitanc - WAAG","robots":{"index":"index","follow":"follow","max-snippet":"max-snippet:-1","max-image-preview":"max-image-preview:large","max-video-preview":"max-video-preview:-1"},"canonical":"https:\/\/waaghaus.eu\/lad\/abitanc\/","og_locale":"en_US","og_type":"article","og_title":"Abitanc - WAAG","og_description":"Descor\u00ed, form\u00e9, sostign\u00ed y prom\u00f6ie: ch\u00ebstes \u00e9 les ativit\u00e9s che carateris\u00ebia la Fondaziun Ferruccio Busoni\u2013Gustav Mahler dal punt d\u2019od\u00fcda artistich. N concurs de tlavier \u00e9 n\u2019ocajiun de incuntada danter generaziuns, maestri, tal\u00ebnc y personalit\u00e9s desvalies dl monn dla musiga internazionala. N\u2019academia che ti d\u00e1 na formaziun a jogn de tal\u00ebnt tl setur dla musiga classica [&hellip;]","og_url":"https:\/\/waaghaus.eu\/lad\/abitanc\/","og_site_name":"WAAG","article_modified_time":"2021-01-22T09:56:08+00:00","og_image":[{"url":"https:\/\/waaghaus.eu\/wp-content\/uploads\/2020\/11\/ferruccio.png"}],"twitter_card":"summary_large_image","twitter_misc":{"Est. reading time":"4 minutes"},"schema":{"@context":"https:\/\/schema.org","@graph":[{"@type":"WebPage","@id":"https:\/\/waaghaus.eu\/lad\/abitanc\/","url":"https:\/\/waaghaus.eu\/lad\/abitanc\/","name":"Abitanc - WAAG","isPartOf":{"@id":"https:\/\/waaghaus.eu\/lad\/#website"},"datePublished":"2020-08-26T20:57:04+00:00","dateModified":"2021-01-22T09:56:08+00:00","breadcrumb":{"@id":"https:\/\/waaghaus.eu\/lad\/abitanc\/#breadcrumb"},"inLanguage":"lad-LAD","potentialAction":[{"@type":"ReadAction","target":["https:\/\/waaghaus.eu\/lad\/abitanc\/"]}]},{"@type":"BreadcrumbList","@id":"https:\/\/waaghaus.eu\/lad\/abitanc\/#breadcrumb","itemListElement":[{"@type":"ListItem","position":1,"name":"Home","item":"https:\/\/waaghaus.eu\/lad\/"},{"@type":"ListItem","position":2,"name":"Abitanc"}]},{"@type":"WebSite","@id":"https:\/\/waaghaus.eu\/lad\/#website","url":"https:\/\/waaghaus.eu\/lad\/","name":"WAAG","description":" a space that is alive for free spirits","potentialAction":[{"@type":"SearchAction","target":{"@type":"EntryPoint","urlTemplate":"https:\/\/waaghaus.eu\/lad\/?s={search_term_string}"},"query-input":"required name=search_term_string"}],"inLanguage":"lad-LAD"}]}},"_links":{"self":[{"href":"https:\/\/waaghaus.eu\/lad\/wp-json\/wp\/v2\/pages\/495"}],"collection":[{"href":"https:\/\/waaghaus.eu\/lad\/wp-json\/wp\/v2\/pages"}],"about":[{"href":"https:\/\/waaghaus.eu\/lad\/wp-json\/wp\/v2\/types\/page"}],"author":[{"embeddable":true,"href":"https:\/\/waaghaus.eu\/lad\/wp-json\/wp\/v2\/users\/1"}],"replies":[{"embeddable":true,"href":"https:\/\/waaghaus.eu\/lad\/wp-json\/wp\/v2\/comments?post=495"}],"version-history":[{"count":6,"href":"https:\/\/waaghaus.eu\/lad\/wp-json\/wp\/v2\/pages\/495\/revisions"}],"predecessor-version":[{"id":1640,"href":"https:\/\/waaghaus.eu\/lad\/wp-json\/wp\/v2\/pages\/495\/revisions\/1640"}],"wp:attachment":[{"href":"https:\/\/waaghaus.eu\/lad\/wp-json\/wp\/v2\/media?parent=495"}],"curies":[{"name":"wp","href":"https:\/\/api.w.org\/{rel}","templated":true}]}}