{"id":483,"date":"2020-08-26T20:57:36","date_gmt":"2020-08-26T20:57:36","guid":{"rendered":"https:\/\/waaghaus.eu\/cellar\/"},"modified":"2021-09-03T16:33:35","modified_gmt":"2021-09-03T16:33:35","slug":"cianoa","status":"publish","type":"page","link":"https:\/\/waaghaus.eu\/lad\/cianoa\/","title":{"rendered":"Cianoa"},"content":{"rendered":"\n<p>La cian\u00f4 \u00e9 la pert pl\u00fc vedla dla ciasa. Chil\u00f3, danter i m\u00fcrs originai dl m\u00ebte man dl XIII secul, p\u00f3n organis\u00e9 conzerc, confer\u00ebnzes, rapresentaziuns teatrales y tr\u00f6p d\u2019ater.<br>Waag -1 \u00e9 arjignada ite cun implanc de l\u00f6m y audio, mobilia, bar y wifi.<\/p>\n\n\n\n<p>Audio:<br>Mixer: Yamaha MGP12X, 12 canai + 4 stereo<br>Sistem PA: 2 x RCF Evox 12, Sub + Sat Array 1400w<br>Sistems de reproduziun: Radio, CD, USB, Minijack &#8211; wifi net dab Yamaha CDNT500D<br><br>Microfons:<br>1 x microfons a man z\u00ebnza fis Sennheiser xsw 835II<br>1 x cufia z\u00ebnza fis Sennheiser xsw 835II<br>2 x Sure SM58<br>2 x mazes por microfonn<br>2 x cabli XLR (1 x 10 m, 1 x 5 m)<br>2 x cabli Jack (6m)<\/p>\n\n\n\n<p>L\u00f6ms:<br>4 x stanges LED LUMIPIX12UQPRO<br>2 x FLATCOB80 spot blanc y da corusc por l&#8217;area dla paladina<br>1 x cogora cun efet discoteca con LED RGB ADJ Starburst ADJ<br>1 x mixer por l\u00f6ms compact Stairville DMX Master<br>Desponibilit\u00e9 de wifi<\/p>\n\n\n\n<div class=\"is-layout-flow wp-block-group alignfull full-width-slider\"><div class=\"wp-block-group__inner-container\">\n<figure class=\"wp-block-image size-large\"><img decoding=\"async\" loading=\"lazy\" width=\"1024\" height=\"640\" src=\"https:\/\/waaghaus.eu\/wp-content\/uploads\/2021\/01\/Keller_01-1-1024x640.jpg\" alt=\"\" class=\"wp-image-1605\" srcset=\"https:\/\/waaghaus.eu\/wp-content\/uploads\/2021\/01\/Keller_01-1-1024x640.jpg 1024w, https:\/\/waaghaus.eu\/wp-content\/uploads\/2021\/01\/Keller_01-1-300x188.jpg 300w, https:\/\/waaghaus.eu\/wp-content\/uploads\/2021\/01\/Keller_01-1-768x480.jpg 768w, https:\/\/waaghaus.eu\/wp-content\/uploads\/2021\/01\/Keller_01-1-1536x960.jpg 1536w, https:\/\/waaghaus.eu\/wp-content\/uploads\/2021\/01\/Keller_01-1.jpg 1920w\" sizes=\"(max-width: 1024px) 100vw, 1024px\" \/><\/figure>\n\n\n\n<figure class=\"wp-block-image size-large\"><img decoding=\"async\" loading=\"lazy\" width=\"1024\" height=\"640\" src=\"https:\/\/waaghaus.eu\/wp-content\/uploads\/2021\/01\/Keller_02-1-1024x640.jpg\" alt=\"\" class=\"wp-image-1609\" srcset=\"https:\/\/waaghaus.eu\/wp-content\/uploads\/2021\/01\/Keller_02-1-1024x640.jpg 1024w, https:\/\/waaghaus.eu\/wp-content\/uploads\/2021\/01\/Keller_02-1-300x187.jpg 300w, https:\/\/waaghaus.eu\/wp-content\/uploads\/2021\/01\/Keller_02-1-768x480.jpg 768w, https:\/\/waaghaus.eu\/wp-content\/uploads\/2021\/01\/Keller_02-1-1536x960.jpg 1536w, https:\/\/waaghaus.eu\/wp-content\/uploads\/2021\/01\/Keller_02-1.jpg 1845w\" sizes=\"(max-width: 1024px) 100vw, 1024px\" \/><\/figure>\n\n\n\n<figure class=\"wp-block-image size-large\"><img decoding=\"async\" loading=\"lazy\" width=\"1024\" height=\"640\" src=\"https:\/\/waaghaus.eu\/wp-content\/uploads\/2021\/01\/Keller_03-1-1024x640.jpg\" alt=\"\" class=\"wp-image-1613\" srcset=\"https:\/\/waaghaus.eu\/wp-content\/uploads\/2021\/01\/Keller_03-1-1024x640.jpg 1024w, https:\/\/waaghaus.eu\/wp-content\/uploads\/2021\/01\/Keller_03-1-300x188.jpg 300w, https:\/\/waaghaus.eu\/wp-content\/uploads\/2021\/01\/Keller_03-1-768x480.jpg 768w, https:\/\/waaghaus.eu\/wp-content\/uploads\/2021\/01\/Keller_03-1-1536x960.jpg 1536w, https:\/\/waaghaus.eu\/wp-content\/uploads\/2021\/01\/Keller_03-1.jpg 1920w\" sizes=\"(max-width: 1024px) 100vw, 1024px\" \/><\/figure>\n\n\n\n<figure class=\"wp-block-image size-large\"><img decoding=\"async\" loading=\"lazy\" width=\"1024\" height=\"640\" src=\"https:\/\/waaghaus.eu\/wp-content\/uploads\/2021\/01\/Keller_04-1-1024x640.jpg\" alt=\"\" class=\"wp-image-1617\" srcset=\"https:\/\/waaghaus.eu\/wp-content\/uploads\/2021\/01\/Keller_04-1-1024x640.jpg 1024w, https:\/\/waaghaus.eu\/wp-content\/uploads\/2021\/01\/Keller_04-1-300x188.jpg 300w, https:\/\/waaghaus.eu\/wp-content\/uploads\/2021\/01\/Keller_04-1-768x480.jpg 768w, https:\/\/waaghaus.eu\/wp-content\/uploads\/2021\/01\/Keller_04-1-1536x960.jpg 1536w, https:\/\/waaghaus.eu\/wp-content\/uploads\/2021\/01\/Keller_04-1.jpg 1920w\" sizes=\"(max-width: 1024px) 100vw, 1024px\" \/><\/figure>\n\n\n\n<figure class=\"wp-block-image size-large\"><img decoding=\"async\" loading=\"lazy\" width=\"1024\" height=\"640\" src=\"https:\/\/waaghaus.eu\/wp-content\/uploads\/2021\/01\/Keller_05-1-1024x640.jpg\" alt=\"\" class=\"wp-image-1621\" srcset=\"https:\/\/waaghaus.eu\/wp-content\/uploads\/2021\/01\/Keller_05-1-1024x640.jpg 1024w, https:\/\/waaghaus.eu\/wp-content\/uploads\/2021\/01\/Keller_05-1-300x188.jpg 300w, https:\/\/waaghaus.eu\/wp-content\/uploads\/2021\/01\/Keller_05-1-768x480.jpg 768w, https:\/\/waaghaus.eu\/wp-content\/uploads\/2021\/01\/Keller_05-1-1536x960.jpg 1536w, https:\/\/waaghaus.eu\/wp-content\/uploads\/2021\/01\/Keller_05-1.jpg 1920w\" sizes=\"(max-width: 1024px) 100vw, 1024px\" \/><\/figure>\n<\/div><\/div>\n\n\n\n<div class=\"is-layout-flex wp-block-buttons\">\n<div class=\"wp-block-button button\"><a class=\"wp-block-button__link no-border-radius\" href=\"https:\/\/waaghaus.eu\/wp-content\/uploads\/2021\/02\/Waag_Regolament_de_it_en.pdf\" target=\"_blank\" rel=\"noreferrer noopener\">Regolam\u00ebnt (it, de, en)<\/a><\/div>\n\n\n\n<div class=\"wp-block-button button\"><a class=\"wp-block-button__link no-border-radius\" href=\"https:\/\/waaghaus.eu\/wp-content\/uploads\/2021\/02\/Waag_DomandaDAafit_de_it_en.pdf\" target=\"_blank\" rel=\"noreferrer noopener\">Domanda d\u2018afit (de, it, en)<\/a><\/div>\n<\/div>\n\n\n<div class=\"alignfull full-width-video\"><div class=\"video-cover\"><img src=\"https:\/\/waaghaus.eu\/wp-content\/uploads\/2021\/09\/Waag-Bolzano_Bozen-Italy-Waag-1-Basement.png\"><img src=\"https:\/\/waaghaus.eu\/wp-content\/themes\/waag\/assets\/img\/play.png\" class=\"play-button\"><\/div><div class=\"tv\"><div class=\"screen mute\" id=\"tv\" videoId=\"-wCW7A5FxkU\"><\/div><\/div><\/div>\n\n\n\n<div style=\"height:60px\" aria-hidden=\"true\" class=\"wp-block-spacer\"><\/div>\n","protected":false},"excerpt":{"rendered":"<p>La cian\u00f4 \u00e9 la pert pl\u00fc vedla dla ciasa. Chil\u00f3, danter i m\u00fcrs originai dl m\u00ebte man dl XIII secul, p\u00f3n organis\u00e9 conzerc, confer\u00ebnzes, rapresentaziuns teatrales y tr\u00f6p d\u2019ater.Waag -1 \u00e9 arjignada ite cun implanc de l\u00f6m y audio, mobilia, bar y wifi. Audio:Mixer: Yamaha MGP12X, 12 canai + 4 stereoSistem PA: 2 x RCF [&hellip;]<\/p>\n","protected":false},"author":1,"featured_media":0,"parent":0,"menu_order":0,"comment_status":"closed","ping_status":"closed","template":"","meta":[],"acf":[],"yoast_head":"<!-- This site is optimized with the Yoast SEO plugin v19.11 - https:\/\/yoast.com\/wordpress\/plugins\/seo\/ -->\n<title>Cianoa - WAAG<\/title>\n<meta name=\"robots\" content=\"index, follow, max-snippet:-1, max-image-preview:large, max-video-preview:-1\" \/>\n<link rel=\"canonical\" href=\"https:\/\/waaghaus.eu\/lad\/cianoa\/\" \/>\n<meta property=\"og:locale\" content=\"en_US\" \/>\n<meta property=\"og:type\" content=\"article\" \/>\n<meta property=\"og:title\" content=\"Cianoa - WAAG\" \/>\n<meta property=\"og:description\" content=\"La cian\u00f4 \u00e9 la pert pl\u00fc vedla dla ciasa. Chil\u00f3, danter i m\u00fcrs originai dl m\u00ebte man dl XIII secul, p\u00f3n organis\u00e9 conzerc, confer\u00ebnzes, rapresentaziuns teatrales y tr\u00f6p d\u2019ater.Waag -1 \u00e9 arjignada ite cun implanc de l\u00f6m y audio, mobilia, bar y wifi. Audio:Mixer: Yamaha MGP12X, 12 canai + 4 stereoSistem PA: 2 x RCF [&hellip;]\" \/>\n<meta property=\"og:url\" content=\"https:\/\/waaghaus.eu\/lad\/cianoa\/\" \/>\n<meta property=\"og:site_name\" content=\"WAAG\" \/>\n<meta property=\"article:modified_time\" content=\"2021-09-03T16:33:35+00:00\" \/>\n<meta property=\"og:image\" content=\"https:\/\/waaghaus.eu\/wp-content\/uploads\/2021\/01\/Keller_01-1-1024x640.jpg\" \/>\n<meta name=\"twitter:card\" content=\"summary_large_image\" \/>\n<meta name=\"twitter:label1\" content=\"Est. reading time\" \/>\n\t<meta name=\"twitter:data1\" content=\"2 minutes\" \/>\n<script type=\"application\/ld+json\" class=\"yoast-schema-graph\">{\"@context\":\"https:\/\/schema.org\",\"@graph\":[{\"@type\":\"WebPage\",\"@id\":\"https:\/\/waaghaus.eu\/lad\/cianoa\/\",\"url\":\"https:\/\/waaghaus.eu\/lad\/cianoa\/\",\"name\":\"Cianoa - WAAG\",\"isPartOf\":{\"@id\":\"https:\/\/waaghaus.eu\/lad\/#website\"},\"datePublished\":\"2020-08-26T20:57:36+00:00\",\"dateModified\":\"2021-09-03T16:33:35+00:00\",\"breadcrumb\":{\"@id\":\"https:\/\/waaghaus.eu\/lad\/cianoa\/#breadcrumb\"},\"inLanguage\":\"lad-LAD\",\"potentialAction\":[{\"@type\":\"ReadAction\",\"target\":[\"https:\/\/waaghaus.eu\/lad\/cianoa\/\"]}]},{\"@type\":\"BreadcrumbList\",\"@id\":\"https:\/\/waaghaus.eu\/lad\/cianoa\/#breadcrumb\",\"itemListElement\":[{\"@type\":\"ListItem\",\"position\":1,\"name\":\"Home\",\"item\":\"https:\/\/waaghaus.eu\/lad\/\"},{\"@type\":\"ListItem\",\"position\":2,\"name\":\"Cianoa\"}]},{\"@type\":\"WebSite\",\"@id\":\"https:\/\/waaghaus.eu\/lad\/#website\",\"url\":\"https:\/\/waaghaus.eu\/lad\/\",\"name\":\"WAAG\",\"description\":\" a space that is alive for free spirits\",\"potentialAction\":[{\"@type\":\"SearchAction\",\"target\":{\"@type\":\"EntryPoint\",\"urlTemplate\":\"https:\/\/waaghaus.eu\/lad\/?s={search_term_string}\"},\"query-input\":\"required name=search_term_string\"}],\"inLanguage\":\"lad-LAD\"}]}<\/script>\n<!-- \/ Yoast SEO plugin. -->","yoast_head_json":{"title":"Cianoa - WAAG","robots":{"index":"index","follow":"follow","max-snippet":"max-snippet:-1","max-image-preview":"max-image-preview:large","max-video-preview":"max-video-preview:-1"},"canonical":"https:\/\/waaghaus.eu\/lad\/cianoa\/","og_locale":"en_US","og_type":"article","og_title":"Cianoa - WAAG","og_description":"La cian\u00f4 \u00e9 la pert pl\u00fc vedla dla ciasa. Chil\u00f3, danter i m\u00fcrs originai dl m\u00ebte man dl XIII secul, p\u00f3n organis\u00e9 conzerc, confer\u00ebnzes, rapresentaziuns teatrales y tr\u00f6p d\u2019ater.Waag -1 \u00e9 arjignada ite cun implanc de l\u00f6m y audio, mobilia, bar y wifi. Audio:Mixer: Yamaha MGP12X, 12 canai + 4 stereoSistem PA: 2 x RCF [&hellip;]","og_url":"https:\/\/waaghaus.eu\/lad\/cianoa\/","og_site_name":"WAAG","article_modified_time":"2021-09-03T16:33:35+00:00","og_image":[{"url":"https:\/\/waaghaus.eu\/wp-content\/uploads\/2021\/01\/Keller_01-1-1024x640.jpg"}],"twitter_card":"summary_large_image","twitter_misc":{"Est. reading time":"2 minutes"},"schema":{"@context":"https:\/\/schema.org","@graph":[{"@type":"WebPage","@id":"https:\/\/waaghaus.eu\/lad\/cianoa\/","url":"https:\/\/waaghaus.eu\/lad\/cianoa\/","name":"Cianoa - WAAG","isPartOf":{"@id":"https:\/\/waaghaus.eu\/lad\/#website"},"datePublished":"2020-08-26T20:57:36+00:00","dateModified":"2021-09-03T16:33:35+00:00","breadcrumb":{"@id":"https:\/\/waaghaus.eu\/lad\/cianoa\/#breadcrumb"},"inLanguage":"lad-LAD","potentialAction":[{"@type":"ReadAction","target":["https:\/\/waaghaus.eu\/lad\/cianoa\/"]}]},{"@type":"BreadcrumbList","@id":"https:\/\/waaghaus.eu\/lad\/cianoa\/#breadcrumb","itemListElement":[{"@type":"ListItem","position":1,"name":"Home","item":"https:\/\/waaghaus.eu\/lad\/"},{"@type":"ListItem","position":2,"name":"Cianoa"}]},{"@type":"WebSite","@id":"https:\/\/waaghaus.eu\/lad\/#website","url":"https:\/\/waaghaus.eu\/lad\/","name":"WAAG","description":" a space that is alive for free spirits","potentialAction":[{"@type":"SearchAction","target":{"@type":"EntryPoint","urlTemplate":"https:\/\/waaghaus.eu\/lad\/?s={search_term_string}"},"query-input":"required name=search_term_string"}],"inLanguage":"lad-LAD"}]}},"_links":{"self":[{"href":"https:\/\/waaghaus.eu\/lad\/wp-json\/wp\/v2\/pages\/483"}],"collection":[{"href":"https:\/\/waaghaus.eu\/lad\/wp-json\/wp\/v2\/pages"}],"about":[{"href":"https:\/\/waaghaus.eu\/lad\/wp-json\/wp\/v2\/types\/page"}],"author":[{"embeddable":true,"href":"https:\/\/waaghaus.eu\/lad\/wp-json\/wp\/v2\/users\/1"}],"replies":[{"embeddable":true,"href":"https:\/\/waaghaus.eu\/lad\/wp-json\/wp\/v2\/comments?post=483"}],"version-history":[{"count":13,"href":"https:\/\/waaghaus.eu\/lad\/wp-json\/wp\/v2\/pages\/483\/revisions"}],"predecessor-version":[{"id":1923,"href":"https:\/\/waaghaus.eu\/lad\/wp-json\/wp\/v2\/pages\/483\/revisions\/1923"}],"wp:attachment":[{"href":"https:\/\/waaghaus.eu\/lad\/wp-json\/wp\/v2\/media?parent=483"}],"curies":[{"name":"wp","href":"https:\/\/api.w.org\/{rel}","templated":true}]}}