{"id":379,"date":"2020-08-26T20:38:43","date_gmt":"2020-08-26T20:38:43","guid":{"rendered":"https:\/\/waaghaus.eu\/stiftung-sparkasse\/"},"modified":"2021-02-11T16:47:46","modified_gmt":"2021-02-11T16:47:46","slug":"stiftung-sparkasse","status":"publish","type":"page","link":"https:\/\/waaghaus.eu\/it\/stiftung-sparkasse\/","title":{"rendered":"Stiftung Sparkasse"},"content":{"rendered":"\n<p>La conservazione del patrimonio architettonico \u00e8 di grande importanza per il territorio e per le generazioni future e la Fondazione Cassa di Risparmio di Bolzano vuole dare un proprio contributo nell&#8217;adempimento di questo compito. Gli edifici storici sono testimoni di tempi passati, che rendono la storia tangibile e che conferiscono un carattere distintivo alle nostre citt\u00e0 e ai nostri paesi. Monumenti architettonici sono di grande importanza nella costruzione di identit\u00e0 e rappresentano dei punti di orientamento fondamentali. Il rapporto con queste strutture, la loro storia e la sensibile riconversione dei vecchi edifici aumenta la qualit\u00e0 di vita. La Fondazione Cassa di Risparmio di Bolzano \u00e8 orgogliosa di aver reso nuovamente fruibile un bene culturale cos\u00ec importante come la Casa della Pesa, situata nel cuore nevralgico della citt\u00e0.&nbsp;<\/p>\n\n\n\n<p>Ringraziamenti e riconoscimento vanno innanzitutto all&#8217;avvocato Gerhard Brandst\u00e4tter, che nel 2009 in qualit\u00e0 di presidente della fondazione, ha stipulato il contratto di acquisto con il Comune di Bolzano, a Karl Pichler, sotto la cui presidenza \u00e8 stato sviluppato il concetto di utilizzo dello stabile, e al Dr. Klaus Widmann, che, in qualit\u00e0 di presidente dell\u2019associazione Waaghaus, ha coordinato la casa dal punto di vista dei contenuti culturali. Infine, un grande ringraziamento va all&#8217;architetto Wolfgang Piller, che ha eseguito i lavori di ristrutturazione, nonch\u00e9 a tutti gli artigiani. La casa rappresenta una vetrina sull&#8217;eccellenza dell&#8217;artigianato altoatesino e sulle maestrie edili locali! &nbsp;<\/p>\n\n\n\n<p>La Fondazione Cassa di Risparmio, in qualit\u00e0 di proprietaria dell&#8217;immobile, sarebbe lieta se a breve attrici ed attori dei pi\u00f9 diversi settori culturali riuscissero a trasformare la Casa della Pesa in un punto di riferimento per la cultura in tutta l\u2019Euregio. Insieme alla partecipazione della cittadinanza, questa magnifica casa potr\u00e0 presto essere percepita come propriet\u00e0 di tutti.<\/p>\n\n\n\n<p>Prof. Konrad Bergmeister<br>Presidente della Fondazione Cassa di Risparmio di Bolzano<\/p>\n\n\n\n<p><a href=\"https:\/\/www.stiftungsparkasse.it\" target=\"_blank\" rel=\"noreferrer noopener\">stiftungsparkasse.it<\/a><\/p>\n\n\n\n<p><\/p>\n","protected":false},"excerpt":{"rendered":"<p>La conservazione del patrimonio architettonico \u00e8 di grande importanza per il territorio e per le generazioni future e la Fondazione Cassa di Risparmio di Bolzano vuole dare un proprio contributo nell&#8217;adempimento di questo compito. Gli edifici storici sono testimoni di tempi passati, che rendono la storia tangibile e che conferiscono un carattere distintivo alle nostre [&hellip;]<\/p>\n","protected":false},"author":1,"featured_media":0,"parent":0,"menu_order":0,"comment_status":"closed","ping_status":"closed","template":"","meta":[],"acf":[],"yoast_head":"<!-- This site is optimized with the Yoast SEO plugin v19.11 - https:\/\/yoast.com\/wordpress\/plugins\/seo\/ -->\n<title>Stiftung Sparkasse - WAAG<\/title>\n<meta name=\"robots\" content=\"index, follow, max-snippet:-1, max-image-preview:large, max-video-preview:-1\" \/>\n<link rel=\"canonical\" href=\"https:\/\/waaghaus.eu\/it\/stiftung-sparkasse\/\" \/>\n<meta property=\"og:locale\" content=\"it_IT\" \/>\n<meta property=\"og:type\" content=\"article\" \/>\n<meta property=\"og:title\" content=\"Stiftung Sparkasse - WAAG\" \/>\n<meta property=\"og:description\" content=\"La conservazione del patrimonio architettonico \u00e8 di grande importanza per il territorio e per le generazioni future e la Fondazione Cassa di Risparmio di Bolzano vuole dare un proprio contributo nell&#8217;adempimento di questo compito. Gli edifici storici sono testimoni di tempi passati, che rendono la storia tangibile e che conferiscono un carattere distintivo alle nostre [&hellip;]\" \/>\n<meta property=\"og:url\" content=\"https:\/\/waaghaus.eu\/it\/stiftung-sparkasse\/\" \/>\n<meta property=\"og:site_name\" content=\"WAAG\" \/>\n<meta property=\"article:modified_time\" content=\"2021-02-11T16:47:46+00:00\" \/>\n<meta name=\"twitter:card\" content=\"summary_large_image\" \/>\n<meta name=\"twitter:label1\" content=\"Tempo di lettura stimato\" \/>\n\t<meta name=\"twitter:data1\" content=\"2 minuti\" \/>\n<script type=\"application\/ld+json\" class=\"yoast-schema-graph\">{\"@context\":\"https:\/\/schema.org\",\"@graph\":[{\"@type\":\"WebPage\",\"@id\":\"https:\/\/waaghaus.eu\/it\/stiftung-sparkasse\/\",\"url\":\"https:\/\/waaghaus.eu\/it\/stiftung-sparkasse\/\",\"name\":\"Stiftung Sparkasse - WAAG\",\"isPartOf\":{\"@id\":\"https:\/\/waaghaus.eu\/it\/#website\"},\"datePublished\":\"2020-08-26T20:38:43+00:00\",\"dateModified\":\"2021-02-11T16:47:46+00:00\",\"breadcrumb\":{\"@id\":\"https:\/\/waaghaus.eu\/it\/stiftung-sparkasse\/#breadcrumb\"},\"inLanguage\":\"it-IT\",\"potentialAction\":[{\"@type\":\"ReadAction\",\"target\":[\"https:\/\/waaghaus.eu\/it\/stiftung-sparkasse\/\"]}]},{\"@type\":\"BreadcrumbList\",\"@id\":\"https:\/\/waaghaus.eu\/it\/stiftung-sparkasse\/#breadcrumb\",\"itemListElement\":[{\"@type\":\"ListItem\",\"position\":1,\"name\":\"Home\",\"item\":\"https:\/\/waaghaus.eu\/it\/\"},{\"@type\":\"ListItem\",\"position\":2,\"name\":\"Stiftung Sparkasse\"}]},{\"@type\":\"WebSite\",\"@id\":\"https:\/\/waaghaus.eu\/it\/#website\",\"url\":\"https:\/\/waaghaus.eu\/it\/\",\"name\":\"WAAG\",\"description\":\" a space that is alive for free spirits\",\"potentialAction\":[{\"@type\":\"SearchAction\",\"target\":{\"@type\":\"EntryPoint\",\"urlTemplate\":\"https:\/\/waaghaus.eu\/it\/?s={search_term_string}\"},\"query-input\":\"required name=search_term_string\"}],\"inLanguage\":\"it-IT\"}]}<\/script>\n<!-- \/ Yoast SEO plugin. -->","yoast_head_json":{"title":"Stiftung Sparkasse - WAAG","robots":{"index":"index","follow":"follow","max-snippet":"max-snippet:-1","max-image-preview":"max-image-preview:large","max-video-preview":"max-video-preview:-1"},"canonical":"https:\/\/waaghaus.eu\/it\/stiftung-sparkasse\/","og_locale":"it_IT","og_type":"article","og_title":"Stiftung Sparkasse - WAAG","og_description":"La conservazione del patrimonio architettonico \u00e8 di grande importanza per il territorio e per le generazioni future e la Fondazione Cassa di Risparmio di Bolzano vuole dare un proprio contributo nell&#8217;adempimento di questo compito. Gli edifici storici sono testimoni di tempi passati, che rendono la storia tangibile e che conferiscono un carattere distintivo alle nostre [&hellip;]","og_url":"https:\/\/waaghaus.eu\/it\/stiftung-sparkasse\/","og_site_name":"WAAG","article_modified_time":"2021-02-11T16:47:46+00:00","twitter_card":"summary_large_image","twitter_misc":{"Tempo di lettura stimato":"2 minuti"},"schema":{"@context":"https:\/\/schema.org","@graph":[{"@type":"WebPage","@id":"https:\/\/waaghaus.eu\/it\/stiftung-sparkasse\/","url":"https:\/\/waaghaus.eu\/it\/stiftung-sparkasse\/","name":"Stiftung Sparkasse - WAAG","isPartOf":{"@id":"https:\/\/waaghaus.eu\/it\/#website"},"datePublished":"2020-08-26T20:38:43+00:00","dateModified":"2021-02-11T16:47:46+00:00","breadcrumb":{"@id":"https:\/\/waaghaus.eu\/it\/stiftung-sparkasse\/#breadcrumb"},"inLanguage":"it-IT","potentialAction":[{"@type":"ReadAction","target":["https:\/\/waaghaus.eu\/it\/stiftung-sparkasse\/"]}]},{"@type":"BreadcrumbList","@id":"https:\/\/waaghaus.eu\/it\/stiftung-sparkasse\/#breadcrumb","itemListElement":[{"@type":"ListItem","position":1,"name":"Home","item":"https:\/\/waaghaus.eu\/it\/"},{"@type":"ListItem","position":2,"name":"Stiftung Sparkasse"}]},{"@type":"WebSite","@id":"https:\/\/waaghaus.eu\/it\/#website","url":"https:\/\/waaghaus.eu\/it\/","name":"WAAG","description":" a space that is alive for free spirits","potentialAction":[{"@type":"SearchAction","target":{"@type":"EntryPoint","urlTemplate":"https:\/\/waaghaus.eu\/it\/?s={search_term_string}"},"query-input":"required name=search_term_string"}],"inLanguage":"it-IT"}]}},"_links":{"self":[{"href":"https:\/\/waaghaus.eu\/it\/wp-json\/wp\/v2\/pages\/379"}],"collection":[{"href":"https:\/\/waaghaus.eu\/it\/wp-json\/wp\/v2\/pages"}],"about":[{"href":"https:\/\/waaghaus.eu\/it\/wp-json\/wp\/v2\/types\/page"}],"author":[{"embeddable":true,"href":"https:\/\/waaghaus.eu\/it\/wp-json\/wp\/v2\/users\/1"}],"replies":[{"embeddable":true,"href":"https:\/\/waaghaus.eu\/it\/wp-json\/wp\/v2\/comments?post=379"}],"version-history":[{"count":4,"href":"https:\/\/waaghaus.eu\/it\/wp-json\/wp\/v2\/pages\/379\/revisions"}],"predecessor-version":[{"id":1705,"href":"https:\/\/waaghaus.eu\/it\/wp-json\/wp\/v2\/pages\/379\/revisions\/1705"}],"wp:attachment":[{"href":"https:\/\/waaghaus.eu\/it\/wp-json\/wp\/v2\/media?parent=379"}],"curies":[{"name":"wp","href":"https:\/\/api.w.org\/{rel}","templated":true}]}}