{"id":376,"date":"2020-08-26T20:15:02","date_gmt":"2020-08-26T20:15:02","guid":{"rendered":"https:\/\/waaghaus.eu\/meet-work\/"},"modified":"2024-12-11T14:27:27","modified_gmt":"2024-12-11T14:27:27","slug":"spazi","status":"publish","type":"page","link":"https:\/\/waaghaus.eu\/it\/spazi\/","title":{"rendered":"Spazi"},"content":{"rendered":"\r\n<p>Se hai bisogno di uno spazio per i tuoi ricevimenti, conferenze stampa, riunioni, workshop, seminari e qualsiasi altra attivit\u00e0 ti venga in mente, Waag \u00e8 il posto giusto!<\/p>\r\n<p>Puoi scegliere lo spazio che si adatta meglio alle tue esigenze:<\/p>\r\n<p>Waag -1 | Cantina<br \/>Waag +2 | Foyer<br \/>Waag +3 | Soffitta<\/p>\r\n<p>Il Waag Caf\u00e8 fornisce anche, su richiesta, un servizio completo di catering per i tuoi eventi nella casa.<\/p>\r\n<p>Invia la tua richiesta all&#8217;Associazione Culturale Casa della Pesa <strong>office@waaghaus.eu<\/strong><\/p>\r\n\r\n\r\n\r\n<div class=\"is-layout-flex wp-block-buttons\">\r\n\r\n\r\n\r\n\r\n<div class=\"wp-block-button button\"><a class=\"wp-block-button__link no-border-radius\" href=\"https:\/\/waaghaus.eu\/wp-content\/uploads\/2023\/03\/Waag-is-space-1.pdf-1.pdf\" target=\"_blank\" rel=\"noreferrer noopener\">Info e prezzi<\/a><\/div>\r\n<\/div>\r\n\r\n\r\n\r\n<div class=\"is-layout-flow wp-block-group alignfull full-width-slider\"><div class=\"wp-block-group__inner-container\">\r\n<figure class=\"wp-block-image size-large\"><img decoding=\"async\" loading=\"lazy\" width=\"1024\" height=\"640\" class=\"wp-image-1109\" src=\"https:\/\/waaghaus.eu\/wp-content\/uploads\/2021\/01\/Dachboden_01-1024x640.jpg\" alt=\"\" srcset=\"https:\/\/waaghaus.eu\/wp-content\/uploads\/2021\/01\/Dachboden_01-1024x640.jpg 1024w, https:\/\/waaghaus.eu\/wp-content\/uploads\/2021\/01\/Dachboden_01-300x188.jpg 300w, https:\/\/waaghaus.eu\/wp-content\/uploads\/2021\/01\/Dachboden_01-768x480.jpg 768w, https:\/\/waaghaus.eu\/wp-content\/uploads\/2021\/01\/Dachboden_01-1536x960.jpg 1536w, https:\/\/waaghaus.eu\/wp-content\/uploads\/2021\/01\/Dachboden_01.jpg 1920w\" sizes=\"(max-width: 1024px) 100vw, 1024px\" \/><\/figure>\r\n\r\n\r\n\r\n<figure class=\"wp-block-image size-large\"><img decoding=\"async\" loading=\"lazy\" width=\"1024\" height=\"640\" class=\"wp-image-1113\" src=\"https:\/\/waaghaus.eu\/wp-content\/uploads\/2021\/01\/Dachboden_02-1024x640.jpg\" alt=\"\" srcset=\"https:\/\/waaghaus.eu\/wp-content\/uploads\/2021\/01\/Dachboden_02-1024x640.jpg 1024w, https:\/\/waaghaus.eu\/wp-content\/uploads\/2021\/01\/Dachboden_02-300x188.jpg 300w, https:\/\/waaghaus.eu\/wp-content\/uploads\/2021\/01\/Dachboden_02-768x480.jpg 768w, https:\/\/waaghaus.eu\/wp-content\/uploads\/2021\/01\/Dachboden_02-1536x960.jpg 1536w, https:\/\/waaghaus.eu\/wp-content\/uploads\/2021\/01\/Dachboden_02.jpg 1920w\" sizes=\"(max-width: 1024px) 100vw, 1024px\" \/><\/figure>\r\n\r\n\r\n\r\n<figure class=\"wp-block-image size-large\"><img decoding=\"async\" loading=\"lazy\" width=\"1024\" height=\"640\" class=\"wp-image-1117\" src=\"https:\/\/waaghaus.eu\/wp-content\/uploads\/2021\/01\/Dachboden_03-1024x640.jpg\" alt=\"\" srcset=\"https:\/\/waaghaus.eu\/wp-content\/uploads\/2021\/01\/Dachboden_03-1024x640.jpg 1024w, https:\/\/waaghaus.eu\/wp-content\/uploads\/2021\/01\/Dachboden_03-300x188.jpg 300w, https:\/\/waaghaus.eu\/wp-content\/uploads\/2021\/01\/Dachboden_03-768x480.jpg 768w, https:\/\/waaghaus.eu\/wp-content\/uploads\/2021\/01\/Dachboden_03-1536x960.jpg 1536w, https:\/\/waaghaus.eu\/wp-content\/uploads\/2021\/01\/Dachboden_03.jpg 1920w\" sizes=\"(max-width: 1024px) 100vw, 1024px\" \/><\/figure>\r\n\r\n\r\n\r\n<figure class=\"wp-block-image size-large\"><img decoding=\"async\" loading=\"lazy\" width=\"1024\" height=\"640\" class=\"wp-image-1121\" src=\"https:\/\/waaghaus.eu\/wp-content\/uploads\/2021\/01\/Dachboden_04-1024x640.jpg\" alt=\"\" srcset=\"https:\/\/waaghaus.eu\/wp-content\/uploads\/2021\/01\/Dachboden_04-1024x640.jpg 1024w, https:\/\/waaghaus.eu\/wp-content\/uploads\/2021\/01\/Dachboden_04-300x188.jpg 300w, https:\/\/waaghaus.eu\/wp-content\/uploads\/2021\/01\/Dachboden_04-768x480.jpg 768w, https:\/\/waaghaus.eu\/wp-content\/uploads\/2021\/01\/Dachboden_04-1536x960.jpg 1536w, https:\/\/waaghaus.eu\/wp-content\/uploads\/2021\/01\/Dachboden_04.jpg 1920w\" sizes=\"(max-width: 1024px) 100vw, 1024px\" \/><\/figure>\r\n\r\n\r\n\r\n<figure class=\"wp-block-image size-large\"><img decoding=\"async\" loading=\"lazy\" width=\"1024\" height=\"640\" class=\"wp-image-1125\" src=\"https:\/\/waaghaus.eu\/wp-content\/uploads\/2021\/01\/Dachboden_05-1024x640.jpg\" alt=\"\" srcset=\"https:\/\/waaghaus.eu\/wp-content\/uploads\/2021\/01\/Dachboden_05-1024x640.jpg 1024w, https:\/\/waaghaus.eu\/wp-content\/uploads\/2021\/01\/Dachboden_05-300x188.jpg 300w, https:\/\/waaghaus.eu\/wp-content\/uploads\/2021\/01\/Dachboden_05-768x480.jpg 768w, https:\/\/waaghaus.eu\/wp-content\/uploads\/2021\/01\/Dachboden_05-1536x960.jpg 1536w, https:\/\/waaghaus.eu\/wp-content\/uploads\/2021\/01\/Dachboden_05.jpg 1920w\" sizes=\"(max-width: 1024px) 100vw, 1024px\" \/><\/figure>\r\n\r\n\r\n\r\n<figure class=\"wp-block-image size-large\"><img decoding=\"async\" loading=\"lazy\" width=\"1024\" height=\"640\" class=\"wp-image-1129\" src=\"https:\/\/waaghaus.eu\/wp-content\/uploads\/2021\/01\/Dachboden_06-1024x640.jpg\" alt=\"\" srcset=\"https:\/\/waaghaus.eu\/wp-content\/uploads\/2021\/01\/Dachboden_06-1024x640.jpg 1024w, https:\/\/waaghaus.eu\/wp-content\/uploads\/2021\/01\/Dachboden_06-300x188.jpg 300w, https:\/\/waaghaus.eu\/wp-content\/uploads\/2021\/01\/Dachboden_06-768x480.jpg 768w, https:\/\/waaghaus.eu\/wp-content\/uploads\/2021\/01\/Dachboden_06-1536x960.jpg 1536w, https:\/\/waaghaus.eu\/wp-content\/uploads\/2021\/01\/Dachboden_06.jpg 1920w\" sizes=\"(max-width: 1024px) 100vw, 1024px\" \/><\/figure>\r\n\r\n\r\n\r\n<figure class=\"wp-block-image size-large\"><img decoding=\"async\" loading=\"lazy\" width=\"1024\" height=\"640\" class=\"wp-image-1183\" src=\"https:\/\/waaghaus.eu\/wp-content\/uploads\/2021\/01\/Haus_16-1024x640.jpg\" alt=\"\" srcset=\"https:\/\/waaghaus.eu\/wp-content\/uploads\/2021\/01\/Haus_16-1024x640.jpg 1024w, https:\/\/waaghaus.eu\/wp-content\/uploads\/2021\/01\/Haus_16-300x188.jpg 300w, https:\/\/waaghaus.eu\/wp-content\/uploads\/2021\/01\/Haus_16-768x480.jpg 768w, https:\/\/waaghaus.eu\/wp-content\/uploads\/2021\/01\/Haus_16-1536x960.jpg 1536w, https:\/\/waaghaus.eu\/wp-content\/uploads\/2021\/01\/Haus_16.jpg 1920w\" sizes=\"(max-width: 1024px) 100vw, 1024px\" \/><\/figure>\r\n\r\n\r\n\r\n<figure class=\"wp-block-image size-large\"><img decoding=\"async\" loading=\"lazy\" width=\"1024\" height=\"640\" class=\"wp-image-1171\" src=\"https:\/\/waaghaus.eu\/wp-content\/uploads\/2021\/01\/Haus_11-1024x640.jpg\" alt=\"\" srcset=\"https:\/\/waaghaus.eu\/wp-content\/uploads\/2021\/01\/Haus_11-1024x640.jpg 1024w, https:\/\/waaghaus.eu\/wp-content\/uploads\/2021\/01\/Haus_11-300x188.jpg 300w, https:\/\/waaghaus.eu\/wp-content\/uploads\/2021\/01\/Haus_11-768x480.jpg 768w, https:\/\/waaghaus.eu\/wp-content\/uploads\/2021\/01\/Haus_11-1536x960.jpg 1536w, https:\/\/waaghaus.eu\/wp-content\/uploads\/2021\/01\/Haus_11.jpg 1920w\" sizes=\"(max-width: 1024px) 100vw, 1024px\" \/><\/figure>\r\n<\/div><\/div>\r\n\r\n\r\n\r\n<p><strong>Waag +3\/+2 (Soffitta\/Foyer)<\/strong><\/p>\r\n<p>Waag +3 \u00e8 la soffitta e il luogo pi\u00f9 angelico della casa. Un ottimo spazio per lavorare, pensare e discutere. La Co-Working area e la sala riunioni sono dotate di arredi modulari, proiettore, impianto audio, Wifi e offrono un ambiente luminoso e accogliente, ideale per riunioni, seminari, workshop e conferenze.<br \/>In combinazione con la soffitta, \u00e8 possibile utilizzare anche il Foyer al secondo piano Waag +2.<\/p>\r\n<p>Tela: 200 x 113 cm, formato 16:9<br \/>Proiettore: EPSON EB 990U, Full HD, 3.800 lumen, connessione HDMI<br \/>Audio: 4 x BOSE FREESPACE DS16 S INDOOR box, connessione HDMI<br \/>Disponibilit\u00e0 di Wifi<\/p>\r\n\r\n\r\n\r\n\r\n\r\n<div class=\"is-layout-flow wp-block-group alignfull full-width-slider\"><div class=\"wp-block-group__inner-container\">\r\n<figure class=\"wp-block-image size-large\"><img decoding=\"async\" loading=\"lazy\" width=\"1024\" height=\"640\" class=\"wp-image-1605\" src=\"https:\/\/waaghaus.eu\/wp-content\/uploads\/2021\/01\/Keller_01-1-1024x640.jpg\" alt=\"\" srcset=\"https:\/\/waaghaus.eu\/wp-content\/uploads\/2021\/01\/Keller_01-1-1024x640.jpg 1024w, https:\/\/waaghaus.eu\/wp-content\/uploads\/2021\/01\/Keller_01-1-300x188.jpg 300w, https:\/\/waaghaus.eu\/wp-content\/uploads\/2021\/01\/Keller_01-1-768x480.jpg 768w, https:\/\/waaghaus.eu\/wp-content\/uploads\/2021\/01\/Keller_01-1-1536x960.jpg 1536w, https:\/\/waaghaus.eu\/wp-content\/uploads\/2021\/01\/Keller_01-1.jpg 1920w\" sizes=\"(max-width: 1024px) 100vw, 1024px\" \/><\/figure>\r\n\r\n\r\n\r\n<figure class=\"wp-block-image size-large\"><img decoding=\"async\" loading=\"lazy\" width=\"1024\" height=\"640\" class=\"wp-image-1609\" src=\"https:\/\/waaghaus.eu\/wp-content\/uploads\/2021\/01\/Keller_02-1-1024x640.jpg\" alt=\"\" srcset=\"https:\/\/waaghaus.eu\/wp-content\/uploads\/2021\/01\/Keller_02-1-1024x640.jpg 1024w, https:\/\/waaghaus.eu\/wp-content\/uploads\/2021\/01\/Keller_02-1-300x187.jpg 300w, https:\/\/waaghaus.eu\/wp-content\/uploads\/2021\/01\/Keller_02-1-768x480.jpg 768w, https:\/\/waaghaus.eu\/wp-content\/uploads\/2021\/01\/Keller_02-1-1536x960.jpg 1536w, https:\/\/waaghaus.eu\/wp-content\/uploads\/2021\/01\/Keller_02-1.jpg 1845w\" sizes=\"(max-width: 1024px) 100vw, 1024px\" \/><\/figure>\r\n\r\n\r\n\r\n<figure class=\"wp-block-image size-large\"><img decoding=\"async\" loading=\"lazy\" width=\"1024\" height=\"640\" class=\"wp-image-1613\" src=\"https:\/\/waaghaus.eu\/wp-content\/uploads\/2021\/01\/Keller_03-1-1024x640.jpg\" alt=\"\" srcset=\"https:\/\/waaghaus.eu\/wp-content\/uploads\/2021\/01\/Keller_03-1-1024x640.jpg 1024w, https:\/\/waaghaus.eu\/wp-content\/uploads\/2021\/01\/Keller_03-1-300x188.jpg 300w, https:\/\/waaghaus.eu\/wp-content\/uploads\/2021\/01\/Keller_03-1-768x480.jpg 768w, https:\/\/waaghaus.eu\/wp-content\/uploads\/2021\/01\/Keller_03-1-1536x960.jpg 1536w, https:\/\/waaghaus.eu\/wp-content\/uploads\/2021\/01\/Keller_03-1.jpg 1920w\" sizes=\"(max-width: 1024px) 100vw, 1024px\" \/><\/figure>\r\n\r\n\r\n\r\n<figure class=\"wp-block-image size-large\"><img decoding=\"async\" loading=\"lazy\" width=\"1024\" height=\"640\" class=\"wp-image-1617\" src=\"https:\/\/waaghaus.eu\/wp-content\/uploads\/2021\/01\/Keller_04-1-1024x640.jpg\" alt=\"\" srcset=\"https:\/\/waaghaus.eu\/wp-content\/uploads\/2021\/01\/Keller_04-1-1024x640.jpg 1024w, https:\/\/waaghaus.eu\/wp-content\/uploads\/2021\/01\/Keller_04-1-300x188.jpg 300w, https:\/\/waaghaus.eu\/wp-content\/uploads\/2021\/01\/Keller_04-1-768x480.jpg 768w, https:\/\/waaghaus.eu\/wp-content\/uploads\/2021\/01\/Keller_04-1-1536x960.jpg 1536w, https:\/\/waaghaus.eu\/wp-content\/uploads\/2021\/01\/Keller_04-1.jpg 1920w\" sizes=\"(max-width: 1024px) 100vw, 1024px\" \/><\/figure>\r\n\r\n\r\n\r\n<figure class=\"wp-block-image size-large\"><img decoding=\"async\" loading=\"lazy\" width=\"1024\" height=\"640\" class=\"wp-image-1621\" src=\"https:\/\/waaghaus.eu\/wp-content\/uploads\/2021\/01\/Keller_05-1-1024x640.jpg\" alt=\"\" srcset=\"https:\/\/waaghaus.eu\/wp-content\/uploads\/2021\/01\/Keller_05-1-1024x640.jpg 1024w, https:\/\/waaghaus.eu\/wp-content\/uploads\/2021\/01\/Keller_05-1-300x188.jpg 300w, https:\/\/waaghaus.eu\/wp-content\/uploads\/2021\/01\/Keller_05-1-768x480.jpg 768w, https:\/\/waaghaus.eu\/wp-content\/uploads\/2021\/01\/Keller_05-1-1536x960.jpg 1536w, https:\/\/waaghaus.eu\/wp-content\/uploads\/2021\/01\/Keller_05-1.jpg 1920w\" sizes=\"(max-width: 1024px) 100vw, 1024px\" \/><\/figure>\r\n<\/div><\/div>\r\n\r\n\r\n\r\n<p><strong>Waag -1 (Cantina)<\/strong><\/p>\r\n<p>La cantina Waag -1 \u00e8 la parte pi\u00f9 arcaica della casa. Qui, tra le mura originali della prima met\u00e0 del XIII secolo, si possono seguire e organizzare concerti, conferenze, spettacoli teatrali e molto altro.<br \/>Waag -1 \u00e8 dotata di impianto luci e audio, arredi, bar e Wifi.<\/p>\r\n\r\n\r\n\r\n<p>Audio:<br \/>Mixer: Yamaha MGP12X, 12 canali + 4 stereo<br \/>Sistema PA: 2 x RCF Evox 12, Sub + Sat Array 1400w<br \/>Sistemi di riproduzione: Radio, CD, USB, Minijack &#8211; wifi net dab Yamaha CDNT500D<br \/><br \/>Microfoni:<br \/>1 x microfono a mano senza fili Sennheiser xsw 835II<br \/>1 x auricolare senza fili Sennheiser xsw 835II<br \/>2 x Sure SM58<br \/>2 x aste per microfono<br \/>2 x cavi XLR (1 x 10 m, 1 x 5 m)<br \/>2 x cavo Jack (6m)<br \/><br \/>Luce:<br \/>4 x barre LED LUMIPIX12UQPRO<br \/>2 x FLATCOB80 spot bianchi e colorati per l&#8217;area del palco<br \/>1 x sfera ad effetto discoteca con LED RGB ADJ Starburst ADJ<br \/>1 x mixer luci compact Stairville DMX Master<br \/><br \/>Disponibilit\u00e0 di Wifi<\/p>\r\n\r\n\r\n","protected":false},"excerpt":{"rendered":"<p>Se hai bisogno di uno spazio per i tuoi ricevimenti, conferenze stampa, riunioni, workshop, seminari e qualsiasi altra attivit\u00e0 ti venga in mente, Waag \u00e8 il posto giusto! Puoi scegliere lo spazio che si adatta meglio alle tue esigenze: Waag -1 | CantinaWaag +2 | FoyerWaag +3 | Soffitta Il Waag Caf\u00e8 fornisce anche, su [&hellip;]<\/p>\n","protected":false},"author":1,"featured_media":0,"parent":0,"menu_order":0,"comment_status":"closed","ping_status":"closed","template":"","meta":[],"acf":[],"yoast_head":"<!-- This site is optimized with the Yoast SEO plugin v19.11 - https:\/\/yoast.com\/wordpress\/plugins\/seo\/ -->\n<title>Spazi - WAAG<\/title>\n<meta name=\"robots\" content=\"index, follow, max-snippet:-1, max-image-preview:large, max-video-preview:-1\" \/>\n<link rel=\"canonical\" href=\"https:\/\/waaghaus.eu\/it\/spazi\/\" \/>\n<meta property=\"og:locale\" content=\"it_IT\" \/>\n<meta property=\"og:type\" content=\"article\" \/>\n<meta property=\"og:title\" content=\"Spazi - WAAG\" \/>\n<meta property=\"og:description\" content=\"Se hai bisogno di uno spazio per i tuoi ricevimenti, conferenze stampa, riunioni, workshop, seminari e qualsiasi altra attivit\u00e0 ti venga in mente, Waag \u00e8 il posto giusto! Puoi scegliere lo spazio che si adatta meglio alle tue esigenze: Waag -1 | CantinaWaag +2 | FoyerWaag +3 | Soffitta Il Waag Caf\u00e8 fornisce anche, su [&hellip;]\" \/>\n<meta property=\"og:url\" content=\"https:\/\/waaghaus.eu\/it\/spazi\/\" \/>\n<meta property=\"og:site_name\" content=\"WAAG\" \/>\n<meta property=\"article:modified_time\" content=\"2024-12-11T14:27:27+00:00\" \/>\n<meta property=\"og:image\" content=\"https:\/\/waaghaus.eu\/wp-content\/uploads\/2021\/01\/Dachboden_01-1024x640.jpg\" \/>\n<meta name=\"twitter:card\" content=\"summary_large_image\" \/>\n<meta name=\"twitter:label1\" content=\"Tempo di lettura stimato\" \/>\n\t<meta name=\"twitter:data1\" content=\"5 minuti\" \/>\n<script type=\"application\/ld+json\" class=\"yoast-schema-graph\">{\"@context\":\"https:\/\/schema.org\",\"@graph\":[{\"@type\":\"WebPage\",\"@id\":\"https:\/\/waaghaus.eu\/it\/spazi\/\",\"url\":\"https:\/\/waaghaus.eu\/it\/spazi\/\",\"name\":\"Spazi - WAAG\",\"isPartOf\":{\"@id\":\"https:\/\/waaghaus.eu\/it\/#website\"},\"datePublished\":\"2020-08-26T20:15:02+00:00\",\"dateModified\":\"2024-12-11T14:27:27+00:00\",\"breadcrumb\":{\"@id\":\"https:\/\/waaghaus.eu\/it\/spazi\/#breadcrumb\"},\"inLanguage\":\"it-IT\",\"potentialAction\":[{\"@type\":\"ReadAction\",\"target\":[\"https:\/\/waaghaus.eu\/it\/spazi\/\"]}]},{\"@type\":\"BreadcrumbList\",\"@id\":\"https:\/\/waaghaus.eu\/it\/spazi\/#breadcrumb\",\"itemListElement\":[{\"@type\":\"ListItem\",\"position\":1,\"name\":\"Home\",\"item\":\"https:\/\/waaghaus.eu\/it\/\"},{\"@type\":\"ListItem\",\"position\":2,\"name\":\"Spazi\"}]},{\"@type\":\"WebSite\",\"@id\":\"https:\/\/waaghaus.eu\/it\/#website\",\"url\":\"https:\/\/waaghaus.eu\/it\/\",\"name\":\"WAAG\",\"description\":\" a space that is alive for free spirits\",\"potentialAction\":[{\"@type\":\"SearchAction\",\"target\":{\"@type\":\"EntryPoint\",\"urlTemplate\":\"https:\/\/waaghaus.eu\/it\/?s={search_term_string}\"},\"query-input\":\"required name=search_term_string\"}],\"inLanguage\":\"it-IT\"}]}<\/script>\n<!-- \/ Yoast SEO plugin. -->","yoast_head_json":{"title":"Spazi - WAAG","robots":{"index":"index","follow":"follow","max-snippet":"max-snippet:-1","max-image-preview":"max-image-preview:large","max-video-preview":"max-video-preview:-1"},"canonical":"https:\/\/waaghaus.eu\/it\/spazi\/","og_locale":"it_IT","og_type":"article","og_title":"Spazi - WAAG","og_description":"Se hai bisogno di uno spazio per i tuoi ricevimenti, conferenze stampa, riunioni, workshop, seminari e qualsiasi altra attivit\u00e0 ti venga in mente, Waag \u00e8 il posto giusto! Puoi scegliere lo spazio che si adatta meglio alle tue esigenze: Waag -1 | CantinaWaag +2 | FoyerWaag +3 | Soffitta Il Waag Caf\u00e8 fornisce anche, su [&hellip;]","og_url":"https:\/\/waaghaus.eu\/it\/spazi\/","og_site_name":"WAAG","article_modified_time":"2024-12-11T14:27:27+00:00","og_image":[{"url":"https:\/\/waaghaus.eu\/wp-content\/uploads\/2021\/01\/Dachboden_01-1024x640.jpg"}],"twitter_card":"summary_large_image","twitter_misc":{"Tempo di lettura stimato":"5 minuti"},"schema":{"@context":"https:\/\/schema.org","@graph":[{"@type":"WebPage","@id":"https:\/\/waaghaus.eu\/it\/spazi\/","url":"https:\/\/waaghaus.eu\/it\/spazi\/","name":"Spazi - WAAG","isPartOf":{"@id":"https:\/\/waaghaus.eu\/it\/#website"},"datePublished":"2020-08-26T20:15:02+00:00","dateModified":"2024-12-11T14:27:27+00:00","breadcrumb":{"@id":"https:\/\/waaghaus.eu\/it\/spazi\/#breadcrumb"},"inLanguage":"it-IT","potentialAction":[{"@type":"ReadAction","target":["https:\/\/waaghaus.eu\/it\/spazi\/"]}]},{"@type":"BreadcrumbList","@id":"https:\/\/waaghaus.eu\/it\/spazi\/#breadcrumb","itemListElement":[{"@type":"ListItem","position":1,"name":"Home","item":"https:\/\/waaghaus.eu\/it\/"},{"@type":"ListItem","position":2,"name":"Spazi"}]},{"@type":"WebSite","@id":"https:\/\/waaghaus.eu\/it\/#website","url":"https:\/\/waaghaus.eu\/it\/","name":"WAAG","description":" a space that is alive for free spirits","potentialAction":[{"@type":"SearchAction","target":{"@type":"EntryPoint","urlTemplate":"https:\/\/waaghaus.eu\/it\/?s={search_term_string}"},"query-input":"required name=search_term_string"}],"inLanguage":"it-IT"}]}},"_links":{"self":[{"href":"https:\/\/waaghaus.eu\/it\/wp-json\/wp\/v2\/pages\/376"}],"collection":[{"href":"https:\/\/waaghaus.eu\/it\/wp-json\/wp\/v2\/pages"}],"about":[{"href":"https:\/\/waaghaus.eu\/it\/wp-json\/wp\/v2\/types\/page"}],"author":[{"embeddable":true,"href":"https:\/\/waaghaus.eu\/it\/wp-json\/wp\/v2\/users\/1"}],"replies":[{"embeddable":true,"href":"https:\/\/waaghaus.eu\/it\/wp-json\/wp\/v2\/comments?post=376"}],"version-history":[{"count":31,"href":"https:\/\/waaghaus.eu\/it\/wp-json\/wp\/v2\/pages\/376\/revisions"}],"predecessor-version":[{"id":4071,"href":"https:\/\/waaghaus.eu\/it\/wp-json\/wp\/v2\/pages\/376\/revisions\/4071"}],"wp:attachment":[{"href":"https:\/\/waaghaus.eu\/it\/wp-json\/wp\/v2\/media?parent=376"}],"curies":[{"name":"wp","href":"https:\/\/api.w.org\/{rel}","templated":true}]}}