{"id":136,"date":"2020-08-07T09:20:43","date_gmt":"2020-08-07T09:20:43","guid":{"rendered":"https:\/\/waaghaus.eu\/waag\/"},"modified":"2025-04-24T06:51:07","modified_gmt":"2025-04-24T06:51:07","slug":"waag","status":"publish","type":"page","link":"https:\/\/waaghaus.eu\/it\/waag\/","title":{"rendered":"Waag"},"content":{"rendered":"\r\n<div class=\"is-layout-flex wp-container-3 wp-block-columns\">\r\n<div class=\"is-layout-flow wp-block-column\" style=\"flex-basis: 33.3%;\">\r\n<p>Waag \u00e8 uno spazio pensato per la cultura, a Bolzano. In questa casa unica nel suo genere la cultura viene prodotta, vissuta e diffusa. Waag \u00e8 in continuo cambiamento. I suoi inquilini vivono di e per la cultura, lasciando che si sviluppi in diverse forme.\u00a0<\/p>\r\n\r\n\r\n\r\n<p>Waag \u00e8 una sede aperta a tutti coloro che condividono questa visione. Chiunque sia curioso e voglia mettersi in gioco per dare forma alla casa o semplicemente trattenersi qui un po&#8217; \u00e8 il benvenuto. Waag nasce dall&#8217;incontro di diverse realt\u00e0 culturali: Bolzano Film Festival Bozen, S\u00fcdtirol Jazzfestival Alto Adige, Fondazione Busoni-Mahler Stiftung, Weigh Station ed Euregio. La casa \u00e8 lo spazio dedicato alle loro attivit\u00e0, la loro collaborazione e l&#8217;attivazione di nuovi progetti.<\/p>\r\n<\/div>\r\n\r\n\r\n\r\n<div class=\"is-layout-flow wp-block-column\" style=\"flex-basis: 66.6%;\">\r\n<figure class=\"wp-block-image size-full is-resized\"><img decoding=\"async\" loading=\"lazy\" class=\"wp-image-11\" src=\"https:\/\/waaghaus.eu\/wp-content\/uploads\/2020\/08\/casa.png\" alt=\"\" width=\"852\" height=\"903\" \/><\/figure>\r\n<\/div>\r\n<\/div>\r\n\r\n\r\n\r\n<p>Waag ospita un caf\u00e9, un punto vendita per biglietti e oggetti d&#8217;arte, informazione e comunicazione culturale, uno spazio comune per riunioni e seminari, una cantina per i concerti, performance, letture e tanto altro. Waag \u00e8 un luogo vivo, per spiriti liberi.<\/p>\r\n\r\n\r\n\r\n<p>Waag \u00e8 un progetto dell&#8217;associazione culturale Casa della Pesa (fondata il 06.11.2018)<\/p>\r\n\r\n\r\n\r\n<p><strong>Membri<\/strong><br \/>Klaus Widmann (direttivo, presidente)<br \/>Helene Christanell (direttivo, vicepresidente)<br \/>Elena Rado (direttivo)<br \/>Roberta Pedrini (direttivo)<br \/>Silvia Torresin (direttivo, tesoriera)<br \/>Valentina Cramerotti<br \/>Luigi Loddi<br \/>Monika Torresan<br \/>Willy Theil<\/p>\r\n\r\n\r\n\r\n<p><strong>Collegio sindacale<\/strong><br \/>Reinhold Marsoner<br \/>Francesca Pasquali<br \/>Gernot R\u00f6ssler<br \/>Quirin Pr\u00fcnster (membro sostitutivo)<br \/>Christoph von Ach (membro sostitutivo)<\/p>\r\n\r\n\r\n\r\n<p><strong>Comitato artistico-culturale<\/strong><br \/>Stefan Festini Cucco<br \/>Valentina Cramerotti<br \/>Ilaria Stelzer<br \/>Willy Theil<br \/>Monika Torresan<\/p>\r\n\r\n\r\n","protected":false},"excerpt":{"rendered":"<p>Waag \u00e8 uno spazio pensato per la cultura, a Bolzano. In questa casa unica nel suo genere la cultura viene prodotta, vissuta e diffusa. Waag \u00e8 in continuo cambiamento. I suoi inquilini vivono di e per la cultura, lasciando che si sviluppi in diverse forme.\u00a0 Waag \u00e8 una sede aperta a tutti coloro che condividono [&hellip;]<\/p>\n","protected":false},"author":1,"featured_media":0,"parent":0,"menu_order":0,"comment_status":"closed","ping_status":"open","template":"","meta":[],"acf":[],"yoast_head":"<!-- This site is optimized with the Yoast SEO plugin v19.11 - https:\/\/yoast.com\/wordpress\/plugins\/seo\/ -->\n<title>Waag - WAAG<\/title>\n<meta name=\"robots\" content=\"index, follow, max-snippet:-1, max-image-preview:large, max-video-preview:-1\" \/>\n<link rel=\"canonical\" href=\"https:\/\/waaghaus.eu\/it\/waag\/\" \/>\n<meta property=\"og:locale\" content=\"it_IT\" \/>\n<meta property=\"og:type\" content=\"article\" \/>\n<meta property=\"og:title\" content=\"Waag - WAAG\" \/>\n<meta property=\"og:description\" content=\"Waag \u00e8 uno spazio pensato per la cultura, a Bolzano. In questa casa unica nel suo genere la cultura viene prodotta, vissuta e diffusa. Waag \u00e8 in continuo cambiamento. I suoi inquilini vivono di e per la cultura, lasciando che si sviluppi in diverse forme.\u00a0 Waag \u00e8 una sede aperta a tutti coloro che condividono [&hellip;]\" \/>\n<meta property=\"og:url\" content=\"https:\/\/waaghaus.eu\/it\/waag\/\" \/>\n<meta property=\"og:site_name\" content=\"WAAG\" \/>\n<meta property=\"article:modified_time\" content=\"2025-04-24T06:51:07+00:00\" \/>\n<meta property=\"og:image\" content=\"https:\/\/waaghaus.eu\/wp-content\/uploads\/2020\/08\/casa.png\" \/>\n<meta name=\"twitter:card\" content=\"summary_large_image\" \/>\n<meta name=\"twitter:label1\" content=\"Tempo di lettura stimato\" \/>\n\t<meta name=\"twitter:data1\" content=\"2 minuti\" \/>\n<script type=\"application\/ld+json\" class=\"yoast-schema-graph\">{\"@context\":\"https:\/\/schema.org\",\"@graph\":[{\"@type\":\"WebPage\",\"@id\":\"https:\/\/waaghaus.eu\/it\/waag\/\",\"url\":\"https:\/\/waaghaus.eu\/it\/waag\/\",\"name\":\"Waag - WAAG\",\"isPartOf\":{\"@id\":\"https:\/\/waaghaus.eu\/it\/#website\"},\"datePublished\":\"2020-08-07T09:20:43+00:00\",\"dateModified\":\"2025-04-24T06:51:07+00:00\",\"breadcrumb\":{\"@id\":\"https:\/\/waaghaus.eu\/it\/waag\/#breadcrumb\"},\"inLanguage\":\"it-IT\",\"potentialAction\":[{\"@type\":\"ReadAction\",\"target\":[\"https:\/\/waaghaus.eu\/it\/waag\/\"]}]},{\"@type\":\"BreadcrumbList\",\"@id\":\"https:\/\/waaghaus.eu\/it\/waag\/#breadcrumb\",\"itemListElement\":[{\"@type\":\"ListItem\",\"position\":1,\"name\":\"Home\",\"item\":\"https:\/\/waaghaus.eu\/it\/\"},{\"@type\":\"ListItem\",\"position\":2,\"name\":\"Waag\"}]},{\"@type\":\"WebSite\",\"@id\":\"https:\/\/waaghaus.eu\/it\/#website\",\"url\":\"https:\/\/waaghaus.eu\/it\/\",\"name\":\"WAAG\",\"description\":\" a space that is alive for free spirits\",\"potentialAction\":[{\"@type\":\"SearchAction\",\"target\":{\"@type\":\"EntryPoint\",\"urlTemplate\":\"https:\/\/waaghaus.eu\/it\/?s={search_term_string}\"},\"query-input\":\"required name=search_term_string\"}],\"inLanguage\":\"it-IT\"}]}<\/script>\n<!-- \/ Yoast SEO plugin. -->","yoast_head_json":{"title":"Waag - WAAG","robots":{"index":"index","follow":"follow","max-snippet":"max-snippet:-1","max-image-preview":"max-image-preview:large","max-video-preview":"max-video-preview:-1"},"canonical":"https:\/\/waaghaus.eu\/it\/waag\/","og_locale":"it_IT","og_type":"article","og_title":"Waag - WAAG","og_description":"Waag \u00e8 uno spazio pensato per la cultura, a Bolzano. In questa casa unica nel suo genere la cultura viene prodotta, vissuta e diffusa. Waag \u00e8 in continuo cambiamento. I suoi inquilini vivono di e per la cultura, lasciando che si sviluppi in diverse forme.\u00a0 Waag \u00e8 una sede aperta a tutti coloro che condividono [&hellip;]","og_url":"https:\/\/waaghaus.eu\/it\/waag\/","og_site_name":"WAAG","article_modified_time":"2025-04-24T06:51:07+00:00","og_image":[{"url":"https:\/\/waaghaus.eu\/wp-content\/uploads\/2020\/08\/casa.png"}],"twitter_card":"summary_large_image","twitter_misc":{"Tempo di lettura stimato":"2 minuti"},"schema":{"@context":"https:\/\/schema.org","@graph":[{"@type":"WebPage","@id":"https:\/\/waaghaus.eu\/it\/waag\/","url":"https:\/\/waaghaus.eu\/it\/waag\/","name":"Waag - WAAG","isPartOf":{"@id":"https:\/\/waaghaus.eu\/it\/#website"},"datePublished":"2020-08-07T09:20:43+00:00","dateModified":"2025-04-24T06:51:07+00:00","breadcrumb":{"@id":"https:\/\/waaghaus.eu\/it\/waag\/#breadcrumb"},"inLanguage":"it-IT","potentialAction":[{"@type":"ReadAction","target":["https:\/\/waaghaus.eu\/it\/waag\/"]}]},{"@type":"BreadcrumbList","@id":"https:\/\/waaghaus.eu\/it\/waag\/#breadcrumb","itemListElement":[{"@type":"ListItem","position":1,"name":"Home","item":"https:\/\/waaghaus.eu\/it\/"},{"@type":"ListItem","position":2,"name":"Waag"}]},{"@type":"WebSite","@id":"https:\/\/waaghaus.eu\/it\/#website","url":"https:\/\/waaghaus.eu\/it\/","name":"WAAG","description":" a space that is alive for free spirits","potentialAction":[{"@type":"SearchAction","target":{"@type":"EntryPoint","urlTemplate":"https:\/\/waaghaus.eu\/it\/?s={search_term_string}"},"query-input":"required name=search_term_string"}],"inLanguage":"it-IT"}]}},"_links":{"self":[{"href":"https:\/\/waaghaus.eu\/it\/wp-json\/wp\/v2\/pages\/136"}],"collection":[{"href":"https:\/\/waaghaus.eu\/it\/wp-json\/wp\/v2\/pages"}],"about":[{"href":"https:\/\/waaghaus.eu\/it\/wp-json\/wp\/v2\/types\/page"}],"author":[{"embeddable":true,"href":"https:\/\/waaghaus.eu\/it\/wp-json\/wp\/v2\/users\/1"}],"replies":[{"embeddable":true,"href":"https:\/\/waaghaus.eu\/it\/wp-json\/wp\/v2\/comments?post=136"}],"version-history":[{"count":12,"href":"https:\/\/waaghaus.eu\/it\/wp-json\/wp\/v2\/pages\/136\/revisions"}],"predecessor-version":[{"id":4296,"href":"https:\/\/waaghaus.eu\/it\/wp-json\/wp\/v2\/pages\/136\/revisions\/4296"}],"wp:attachment":[{"href":"https:\/\/waaghaus.eu\/it\/wp-json\/wp\/v2\/media?parent=136"}],"curies":[{"name":"wp","href":"https:\/\/api.w.org\/{rel}","templated":true}]}}