{"id":954,"date":"2020-11-16T14:55:43","date_gmt":"2020-11-16T14:55:43","guid":{"rendered":"https:\/\/waaghaus.eu\/?page_id=954"},"modified":"2026-05-03T17:48:20","modified_gmt":"2026-05-03T17:48:20","slug":"credits","status":"publish","type":"page","link":"https:\/\/waaghaus.eu\/de\/credits\/","title":{"rendered":"Credits"},"content":{"rendered":"\r\n\r\n\r\n<p>Photography: Alexa Rainer<\/p>\r\n<p class=\"\"><button  href=\"#consent-change\" role=\"button\" id=\"rcb-sc-link-change\" data-success-message=\"\" class=\"rcb-sc-link rcb-sc-link-change \">Privatsph\u00e4re-Einstellungen \u00e4ndern<\/button><br \/><button  href=\"#consent-history\" role=\"button\" id=\"rcb-sc-link-history\" data-success-message=\"\" class=\"rcb-sc-link rcb-sc-link-history \">Historie der Privatsph\u00e4re-Einstellungen<\/button><br \/><button  href=\"#consent-revoke\" role=\"button\" id=\"rcb-sc-link-revoke\" data-success-message=\"Du hast die Einwilligung erfolgreich widerrufen. Die Seite wird nun neu geladen.\" class=\"rcb-sc-link rcb-sc-link-revoke \">Einwilligungen widerrufen<\/button><\/p>\r\n<p><strong>Informationen zur Online-Streitbeilegung gem\u00e4\u00df Art. 14, Abs. 1 der Verordnung (EU) Verordnung (EU) Nr. 524\/2013 \u00fcber Online-Streitbeilegung in Verbraucherangelegenheiten (ODR-Verordnung):<\/strong><\/p>\r\n<p>Die EU-Kommission hat eine Internetplattform zur Online-Beilegung von Streitigkeiten (&#8222;OS-Plattform&#8220;) bereitgestellt. Die OS-Plattform kann als Anlaufstelle zur au\u00dfergerichtlichen Beilegung von Streitigkeiten aus Online-Kaufvertr\u00e4gen oder Dienstleistungsvertr\u00e4gen dienen. Die OS-Plattform ist unter der Internet-Adresse <a href=\"https:\/\/ec.europa.eu\/consumers\/odr\" target=\"_blank\" rel=\"noopener\">ec.europa.eu\/consumers\/odr<\/a> erreichbar.<\/p>\r\n","protected":false},"excerpt":{"rendered":"<p>Photography: Alexa Rainer Informationen zur Online-Streitbeilegung gem\u00e4\u00df Art. 14, Abs. 1 der Verordnung (EU) Verordnung (EU) Nr. 524\/2013 \u00fcber Online-Streitbeilegung in Verbraucherangelegenheiten (ODR-Verordnung): Die EU-Kommission hat eine Internetplattform zur Online-Beilegung von Streitigkeiten (&#8222;OS-Plattform&#8220;) bereitgestellt. Die OS-Plattform kann als Anlaufstelle zur au\u00dfergerichtlichen Beilegung von Streitigkeiten aus Online-Kaufvertr\u00e4gen oder Dienstleistungsvertr\u00e4gen dienen. Die OS-Plattform ist unter der Internet-Adresse [&hellip;]<\/p>\n","protected":false},"author":1,"featured_media":0,"parent":0,"menu_order":101,"comment_status":"closed","ping_status":"closed","template":"template-dsgvo-impressum.php","meta":{"_acf_changed":false,"footnotes":""},"class_list":["post-954","page","type-page","status-publish","hentry"],"acf":[],"yoast_head":"<!-- This site is optimized with the Yoast SEO plugin v27.5 - https:\/\/yoast.com\/product\/yoast-seo-wordpress\/ -->\n<title>Credits - WAAG<\/title>\n<meta name=\"robots\" content=\"index, follow, max-snippet:-1, max-image-preview:large, max-video-preview:-1\" \/>\n<link rel=\"canonical\" href=\"https:\/\/waaghaus.eu\/de\/credits\/\" \/>\n<meta property=\"og:locale\" content=\"de_DE\" \/>\n<meta property=\"og:type\" content=\"article\" \/>\n<meta property=\"og:title\" content=\"Credits - WAAG\" \/>\n<meta property=\"og:description\" content=\"Photography: Alexa Rainer Informationen zur Online-Streitbeilegung gem\u00e4\u00df Art. 14, Abs. 1 der Verordnung (EU) Verordnung (EU) Nr. 524\/2013 \u00fcber Online-Streitbeilegung in Verbraucherangelegenheiten (ODR-Verordnung): Die EU-Kommission hat eine Internetplattform zur Online-Beilegung von Streitigkeiten (&#8222;OS-Plattform&#8220;) bereitgestellt. Die OS-Plattform kann als Anlaufstelle zur au\u00dfergerichtlichen Beilegung von Streitigkeiten aus Online-Kaufvertr\u00e4gen oder Dienstleistungsvertr\u00e4gen dienen. Die OS-Plattform ist unter der Internet-Adresse [&hellip;]\" \/>\n<meta property=\"og:url\" content=\"https:\/\/waaghaus.eu\/de\/credits\/\" \/>\n<meta property=\"og:site_name\" content=\"WAAG\" \/>\n<meta property=\"article:modified_time\" content=\"2026-05-03T17:48:20+00:00\" \/>\n<meta name=\"twitter:card\" content=\"summary_large_image\" \/>\n<meta name=\"twitter:label1\" content=\"Gesch\u00e4tzte Lesezeit\" \/>\n\t<meta name=\"twitter:data1\" content=\"1\u00a0Minute\" \/>\n<script type=\"application\/ld+json\" class=\"yoast-schema-graph\">{\"@context\":\"https:\\\/\\\/schema.org\",\"@graph\":[{\"@type\":\"WebPage\",\"@id\":\"https:\\\/\\\/waaghaus.eu\\\/de\\\/credits\\\/\",\"url\":\"https:\\\/\\\/waaghaus.eu\\\/de\\\/credits\\\/\",\"name\":\"Credits - WAAG\",\"isPartOf\":{\"@id\":\"https:\\\/\\\/waaghaus.eu\\\/de\\\/#website\"},\"datePublished\":\"2020-11-16T14:55:43+00:00\",\"dateModified\":\"2026-05-03T17:48:20+00:00\",\"breadcrumb\":{\"@id\":\"https:\\\/\\\/waaghaus.eu\\\/de\\\/credits\\\/#breadcrumb\"},\"inLanguage\":\"de\",\"potentialAction\":[{\"@type\":\"ReadAction\",\"target\":[\"https:\\\/\\\/waaghaus.eu\\\/de\\\/credits\\\/\"]}]},{\"@type\":\"BreadcrumbList\",\"@id\":\"https:\\\/\\\/waaghaus.eu\\\/de\\\/credits\\\/#breadcrumb\",\"itemListElement\":[{\"@type\":\"ListItem\",\"position\":1,\"name\":\"Home\",\"item\":\"https:\\\/\\\/waaghaus.eu\\\/de\\\/\"},{\"@type\":\"ListItem\",\"position\":2,\"name\":\"Credits\"}]},{\"@type\":\"WebSite\",\"@id\":\"https:\\\/\\\/waaghaus.eu\\\/de\\\/#website\",\"url\":\"https:\\\/\\\/waaghaus.eu\\\/de\\\/\",\"name\":\"WAAG\",\"description\":\" a space that is alive for free spirits\",\"potentialAction\":[{\"@type\":\"SearchAction\",\"target\":{\"@type\":\"EntryPoint\",\"urlTemplate\":\"https:\\\/\\\/waaghaus.eu\\\/de\\\/?s={search_term_string}\"},\"query-input\":{\"@type\":\"PropertyValueSpecification\",\"valueRequired\":true,\"valueName\":\"search_term_string\"}}],\"inLanguage\":\"de\"}]}<\/script>\n<!-- \/ Yoast SEO plugin. -->","yoast_head_json":{"title":"Credits - WAAG","robots":{"index":"index","follow":"follow","max-snippet":"max-snippet:-1","max-image-preview":"max-image-preview:large","max-video-preview":"max-video-preview:-1"},"canonical":"https:\/\/waaghaus.eu\/de\/credits\/","og_locale":"de_DE","og_type":"article","og_title":"Credits - WAAG","og_description":"Photography: Alexa Rainer Informationen zur Online-Streitbeilegung gem\u00e4\u00df Art. 14, Abs. 1 der Verordnung (EU) Verordnung (EU) Nr. 524\/2013 \u00fcber Online-Streitbeilegung in Verbraucherangelegenheiten (ODR-Verordnung): Die EU-Kommission hat eine Internetplattform zur Online-Beilegung von Streitigkeiten (&#8222;OS-Plattform&#8220;) bereitgestellt. Die OS-Plattform kann als Anlaufstelle zur au\u00dfergerichtlichen Beilegung von Streitigkeiten aus Online-Kaufvertr\u00e4gen oder Dienstleistungsvertr\u00e4gen dienen. Die OS-Plattform ist unter der Internet-Adresse [&hellip;]","og_url":"https:\/\/waaghaus.eu\/de\/credits\/","og_site_name":"WAAG","article_modified_time":"2026-05-03T17:48:20+00:00","twitter_card":"summary_large_image","twitter_misc":{"Gesch\u00e4tzte Lesezeit":"1\u00a0Minute"},"schema":{"@context":"https:\/\/schema.org","@graph":[{"@type":"WebPage","@id":"https:\/\/waaghaus.eu\/de\/credits\/","url":"https:\/\/waaghaus.eu\/de\/credits\/","name":"Credits - WAAG","isPartOf":{"@id":"https:\/\/waaghaus.eu\/de\/#website"},"datePublished":"2020-11-16T14:55:43+00:00","dateModified":"2026-05-03T17:48:20+00:00","breadcrumb":{"@id":"https:\/\/waaghaus.eu\/de\/credits\/#breadcrumb"},"inLanguage":"de","potentialAction":[{"@type":"ReadAction","target":["https:\/\/waaghaus.eu\/de\/credits\/"]}]},{"@type":"BreadcrumbList","@id":"https:\/\/waaghaus.eu\/de\/credits\/#breadcrumb","itemListElement":[{"@type":"ListItem","position":1,"name":"Home","item":"https:\/\/waaghaus.eu\/de\/"},{"@type":"ListItem","position":2,"name":"Credits"}]},{"@type":"WebSite","@id":"https:\/\/waaghaus.eu\/de\/#website","url":"https:\/\/waaghaus.eu\/de\/","name":"WAAG","description":" a space that is alive for free spirits","potentialAction":[{"@type":"SearchAction","target":{"@type":"EntryPoint","urlTemplate":"https:\/\/waaghaus.eu\/de\/?s={search_term_string}"},"query-input":{"@type":"PropertyValueSpecification","valueRequired":true,"valueName":"search_term_string"}}],"inLanguage":"de"}]}},"_links":{"self":[{"href":"https:\/\/waaghaus.eu\/de\/wp-json\/wp\/v2\/pages\/954","targetHints":{"allow":["GET"]}}],"collection":[{"href":"https:\/\/waaghaus.eu\/de\/wp-json\/wp\/v2\/pages"}],"about":[{"href":"https:\/\/waaghaus.eu\/de\/wp-json\/wp\/v2\/types\/page"}],"author":[{"embeddable":true,"href":"https:\/\/waaghaus.eu\/de\/wp-json\/wp\/v2\/users\/1"}],"replies":[{"embeddable":true,"href":"https:\/\/waaghaus.eu\/de\/wp-json\/wp\/v2\/comments?post=954"}],"version-history":[{"count":10,"href":"https:\/\/waaghaus.eu\/de\/wp-json\/wp\/v2\/pages\/954\/revisions"}],"predecessor-version":[{"id":5228,"href":"https:\/\/waaghaus.eu\/de\/wp-json\/wp\/v2\/pages\/954\/revisions\/5228"}],"wp:attachment":[{"href":"https:\/\/waaghaus.eu\/de\/wp-json\/wp\/v2\/media?parent=954"}],"curies":[{"name":"wp","href":"https:\/\/api.w.org\/{rel}","templated":true}]}}