{"id":364,"date":"2020-08-26T20:39:26","date_gmt":"2020-08-26T20:39:26","guid":{"rendered":"https:\/\/waaghaus.eu\/cafe-shop\/"},"modified":"2023-11-20T16:20:53","modified_gmt":"2023-11-20T16:20:53","slug":"cafe-shop","status":"publish","type":"page","link":"https:\/\/waaghaus.eu\/de\/cafe-shop\/","title":{"rendered":"Waag Caf\u00e9"},"content":{"rendered":"\r\n<p>Entdecken Sie unser Waag Caf\u00e9. Zum Fr\u00fchst\u00fcck, Mittag oder Aperitivo, als Coworking Caf\u00e9 mit urbanem Flair, Konzertkasse w\u00e4hrend der Festivalzeit oder Schaufenster f\u00fcr K\u00fcnstler*innen, Kunsthandwerker*innen und Desginer*innen. (Kontakt: info@waagcaf\u00e9.eu 0471 347455)<\/p>\r\n\r\n\r\n\r\n<div class=\"is-layout-flow wp-block-group alignfull full-width-slider\"><div class=\"wp-block-group__inner-container\">\r\n<figure class=\"wp-block-image size-large\"><img decoding=\"async\" loading=\"lazy\" width=\"1024\" height=\"640\" class=\"wp-image-1082\" src=\"https:\/\/waaghaus.eu\/wp-content\/uploads\/2021\/01\/Bar_01-1024x640.jpg\" alt=\"\" srcset=\"https:\/\/waaghaus.eu\/wp-content\/uploads\/2021\/01\/Bar_01-1024x640.jpg 1024w, https:\/\/waaghaus.eu\/wp-content\/uploads\/2021\/01\/Bar_01-300x188.jpg 300w, https:\/\/waaghaus.eu\/wp-content\/uploads\/2021\/01\/Bar_01-768x480.jpg 768w, https:\/\/waaghaus.eu\/wp-content\/uploads\/2021\/01\/Bar_01-1536x960.jpg 1536w, https:\/\/waaghaus.eu\/wp-content\/uploads\/2021\/01\/Bar_01.jpg 1920w\" sizes=\"(max-width: 1024px) 100vw, 1024px\" \/><\/figure>\r\n\r\n\r\n\r\n<figure class=\"wp-block-image size-large\"><img decoding=\"async\" loading=\"lazy\" width=\"1024\" height=\"640\" class=\"wp-image-1086\" src=\"https:\/\/waaghaus.eu\/wp-content\/uploads\/2021\/01\/Bar_02-1024x640.jpg\" alt=\"\" srcset=\"https:\/\/waaghaus.eu\/wp-content\/uploads\/2021\/01\/Bar_02-1024x640.jpg 1024w, https:\/\/waaghaus.eu\/wp-content\/uploads\/2021\/01\/Bar_02-300x188.jpg 300w, https:\/\/waaghaus.eu\/wp-content\/uploads\/2021\/01\/Bar_02-768x480.jpg 768w, https:\/\/waaghaus.eu\/wp-content\/uploads\/2021\/01\/Bar_02-1536x960.jpg 1536w, https:\/\/waaghaus.eu\/wp-content\/uploads\/2021\/01\/Bar_02.jpg 1920w\" sizes=\"(max-width: 1024px) 100vw, 1024px\" \/><\/figure>\r\n\r\n\r\n\r\n<figure class=\"wp-block-image size-large\"><img decoding=\"async\" loading=\"lazy\" width=\"1024\" height=\"640\" class=\"wp-image-1090\" src=\"https:\/\/waaghaus.eu\/wp-content\/uploads\/2021\/01\/Bar_03-1024x640.jpg\" alt=\"\" srcset=\"https:\/\/waaghaus.eu\/wp-content\/uploads\/2021\/01\/Bar_03-1024x640.jpg 1024w, https:\/\/waaghaus.eu\/wp-content\/uploads\/2021\/01\/Bar_03-300x188.jpg 300w, https:\/\/waaghaus.eu\/wp-content\/uploads\/2021\/01\/Bar_03-768x480.jpg 768w, https:\/\/waaghaus.eu\/wp-content\/uploads\/2021\/01\/Bar_03-1536x960.jpg 1536w, https:\/\/waaghaus.eu\/wp-content\/uploads\/2021\/01\/Bar_03.jpg 1920w\" sizes=\"(max-width: 1024px) 100vw, 1024px\" \/><\/figure>\r\n\r\n\r\n\r\n<figure class=\"wp-block-image size-large\"><img decoding=\"async\" loading=\"lazy\" width=\"1024\" height=\"640\" class=\"wp-image-1094\" src=\"https:\/\/waaghaus.eu\/wp-content\/uploads\/2021\/01\/Bar_04-1024x640.jpg\" alt=\"\" srcset=\"https:\/\/waaghaus.eu\/wp-content\/uploads\/2021\/01\/Bar_04-1024x640.jpg 1024w, https:\/\/waaghaus.eu\/wp-content\/uploads\/2021\/01\/Bar_04-300x188.jpg 300w, https:\/\/waaghaus.eu\/wp-content\/uploads\/2021\/01\/Bar_04-768x480.jpg 768w, https:\/\/waaghaus.eu\/wp-content\/uploads\/2021\/01\/Bar_04-1536x960.jpg 1536w, https:\/\/waaghaus.eu\/wp-content\/uploads\/2021\/01\/Bar_04.jpg 1920w\" sizes=\"(max-width: 1024px) 100vw, 1024px\" \/><\/figure>\r\n\r\n\r\n\r\n<figure class=\"wp-block-image size-large\"><img decoding=\"async\" loading=\"lazy\" width=\"1024\" height=\"640\" class=\"wp-image-1098\" src=\"https:\/\/waaghaus.eu\/wp-content\/uploads\/2021\/01\/Bar_05-1024x640.jpg\" alt=\"\" srcset=\"https:\/\/waaghaus.eu\/wp-content\/uploads\/2021\/01\/Bar_05-1024x640.jpg 1024w, https:\/\/waaghaus.eu\/wp-content\/uploads\/2021\/01\/Bar_05-300x188.jpg 300w, https:\/\/waaghaus.eu\/wp-content\/uploads\/2021\/01\/Bar_05-768x480.jpg 768w, https:\/\/waaghaus.eu\/wp-content\/uploads\/2021\/01\/Bar_05-1536x960.jpg 1536w, https:\/\/waaghaus.eu\/wp-content\/uploads\/2021\/01\/Bar_05.jpg 1920w\" sizes=\"(max-width: 1024px) 100vw, 1024px\" \/><\/figure>\r\n\r\n\r\n\r\n<figure class=\"wp-block-image size-large\"><img decoding=\"async\" loading=\"lazy\" width=\"1024\" height=\"640\" class=\"wp-image-1102\" src=\"https:\/\/waaghaus.eu\/wp-content\/uploads\/2021\/01\/Bar_06-1024x640.jpg\" alt=\"\" srcset=\"https:\/\/waaghaus.eu\/wp-content\/uploads\/2021\/01\/Bar_06-1024x640.jpg 1024w, https:\/\/waaghaus.eu\/wp-content\/uploads\/2021\/01\/Bar_06-300x188.jpg 300w, https:\/\/waaghaus.eu\/wp-content\/uploads\/2021\/01\/Bar_06-768x480.jpg 768w, https:\/\/waaghaus.eu\/wp-content\/uploads\/2021\/01\/Bar_06-1536x960.jpg 1536w, https:\/\/waaghaus.eu\/wp-content\/uploads\/2021\/01\/Bar_06.jpg 1920w\" sizes=\"(max-width: 1024px) 100vw, 1024px\" \/><\/figure>\r\n\r\n\r\n\r\n<figure class=\"wp-block-image size-large\"><img decoding=\"async\" loading=\"lazy\" width=\"1024\" height=\"640\" class=\"wp-image-1106\" src=\"https:\/\/waaghaus.eu\/wp-content\/uploads\/2021\/01\/Bar_07-1024x640.jpg\" alt=\"\" srcset=\"https:\/\/waaghaus.eu\/wp-content\/uploads\/2021\/01\/Bar_07-1024x640.jpg 1024w, https:\/\/waaghaus.eu\/wp-content\/uploads\/2021\/01\/Bar_07-300x188.jpg 300w, https:\/\/waaghaus.eu\/wp-content\/uploads\/2021\/01\/Bar_07-768x480.jpg 768w, https:\/\/waaghaus.eu\/wp-content\/uploads\/2021\/01\/Bar_07-1536x960.jpg 1536w, https:\/\/waaghaus.eu\/wp-content\/uploads\/2021\/01\/Bar_07.jpg 1920w\" sizes=\"(max-width: 1024px) 100vw, 1024px\" \/><\/figure>\r\n<\/div><\/div>\r\n\r\n\r\n\r\n<div class=\"is-layout-flex wp-block-buttons\">\r\n<div class=\"wp-block-button button--large\"><a class=\"wp-block-button__link no-border-radius\" href=\"http:\/\/www.waagcafe.eu\/\" target=\"_blank\" rel=\"noreferrer noopener\">Waag Caf\u00e9<\/a><\/div>\r\n<\/div>\r\n\r\n\r\n<div class=\"alignfull full-width-video\"><div class=\"video-cover\"><img src=\"https:\/\/waaghaus.eu\/wp-content\/uploads\/2021\/09\/Waag-Bolzano_Bozen-Italy-Waag-0-Cafe.png\"><img src=\"https:\/\/waaghaus.eu\/wp-content\/themes\/waag\/assets\/img\/play.png\" class=\"play-button\"><\/div><div class=\"tv\"><div class=\"screen mute\" id=\"tv\" videoId=\"5YotTU9pahk\"><\/div><\/div><\/div>\n","protected":false},"excerpt":{"rendered":"<p>Entdecken Sie unser Waag Caf\u00e9. Zum Fr\u00fchst\u00fcck, Mittag oder Aperitivo, als Coworking Caf\u00e9 mit urbanem Flair, Konzertkasse w\u00e4hrend der Festivalzeit oder Schaufenster f\u00fcr K\u00fcnstler*innen, Kunsthandwerker*innen und Desginer*innen. (Kontakt: info@waagcaf\u00e9.eu 0471 347455)<\/p>\n","protected":false},"author":1,"featured_media":0,"parent":0,"menu_order":0,"comment_status":"closed","ping_status":"closed","template":"","meta":[],"acf":[],"yoast_head":"<!-- This site is optimized with the Yoast SEO plugin v19.11 - https:\/\/yoast.com\/wordpress\/plugins\/seo\/ -->\n<title>Waag Caf\u00e9 - WAAG<\/title>\n<meta name=\"robots\" content=\"index, follow, max-snippet:-1, max-image-preview:large, max-video-preview:-1\" \/>\n<link rel=\"canonical\" href=\"https:\/\/waaghaus.eu\/de\/cafe-shop\/\" \/>\n<meta property=\"og:locale\" content=\"de_DE\" \/>\n<meta property=\"og:type\" content=\"article\" \/>\n<meta property=\"og:title\" content=\"Waag Caf\u00e9 - WAAG\" \/>\n<meta property=\"og:description\" content=\"Entdecken Sie unser Waag Caf\u00e9. Zum Fr\u00fchst\u00fcck, Mittag oder Aperitivo, als Coworking Caf\u00e9 mit urbanem Flair, Konzertkasse w\u00e4hrend der Festivalzeit oder Schaufenster f\u00fcr K\u00fcnstler*innen, Kunsthandwerker*innen und Desginer*innen. (Kontakt: info@waagcaf\u00e9.eu 0471 347455)\" \/>\n<meta property=\"og:url\" content=\"https:\/\/waaghaus.eu\/de\/cafe-shop\/\" \/>\n<meta property=\"og:site_name\" content=\"WAAG\" \/>\n<meta property=\"article:modified_time\" content=\"2023-11-20T16:20:53+00:00\" \/>\n<meta property=\"og:image\" content=\"https:\/\/waaghaus.eu\/wp-content\/uploads\/2021\/01\/Bar_01-1024x640.jpg\" \/>\n<meta name=\"twitter:card\" content=\"summary_large_image\" \/>\n<meta name=\"twitter:label1\" content=\"Gesch\u00e4tzte Lesezeit\" \/>\n\t<meta name=\"twitter:data1\" content=\"2\u00a0Minuten\" \/>\n<script type=\"application\/ld+json\" class=\"yoast-schema-graph\">{\"@context\":\"https:\/\/schema.org\",\"@graph\":[{\"@type\":\"WebPage\",\"@id\":\"https:\/\/waaghaus.eu\/de\/cafe-shop\/\",\"url\":\"https:\/\/waaghaus.eu\/de\/cafe-shop\/\",\"name\":\"Waag Caf\u00e9 - WAAG\",\"isPartOf\":{\"@id\":\"https:\/\/waaghaus.eu\/de\/#website\"},\"datePublished\":\"2020-08-26T20:39:26+00:00\",\"dateModified\":\"2023-11-20T16:20:53+00:00\",\"breadcrumb\":{\"@id\":\"https:\/\/waaghaus.eu\/de\/cafe-shop\/#breadcrumb\"},\"inLanguage\":\"de\",\"potentialAction\":[{\"@type\":\"ReadAction\",\"target\":[\"https:\/\/waaghaus.eu\/de\/cafe-shop\/\"]}]},{\"@type\":\"BreadcrumbList\",\"@id\":\"https:\/\/waaghaus.eu\/de\/cafe-shop\/#breadcrumb\",\"itemListElement\":[{\"@type\":\"ListItem\",\"position\":1,\"name\":\"Home\",\"item\":\"https:\/\/waaghaus.eu\/de\/\"},{\"@type\":\"ListItem\",\"position\":2,\"name\":\"Waag Caf\u00e9\"}]},{\"@type\":\"WebSite\",\"@id\":\"https:\/\/waaghaus.eu\/de\/#website\",\"url\":\"https:\/\/waaghaus.eu\/de\/\",\"name\":\"WAAG\",\"description\":\" a space that is alive for free spirits\",\"potentialAction\":[{\"@type\":\"SearchAction\",\"target\":{\"@type\":\"EntryPoint\",\"urlTemplate\":\"https:\/\/waaghaus.eu\/de\/?s={search_term_string}\"},\"query-input\":\"required name=search_term_string\"}],\"inLanguage\":\"de\"}]}<\/script>\n<!-- \/ Yoast SEO plugin. -->","yoast_head_json":{"title":"Waag Caf\u00e9 - WAAG","robots":{"index":"index","follow":"follow","max-snippet":"max-snippet:-1","max-image-preview":"max-image-preview:large","max-video-preview":"max-video-preview:-1"},"canonical":"https:\/\/waaghaus.eu\/de\/cafe-shop\/","og_locale":"de_DE","og_type":"article","og_title":"Waag Caf\u00e9 - WAAG","og_description":"Entdecken Sie unser Waag Caf\u00e9. Zum Fr\u00fchst\u00fcck, Mittag oder Aperitivo, als Coworking Caf\u00e9 mit urbanem Flair, Konzertkasse w\u00e4hrend der Festivalzeit oder Schaufenster f\u00fcr K\u00fcnstler*innen, Kunsthandwerker*innen und Desginer*innen. (Kontakt: info@waagcaf\u00e9.eu 0471 347455)","og_url":"https:\/\/waaghaus.eu\/de\/cafe-shop\/","og_site_name":"WAAG","article_modified_time":"2023-11-20T16:20:53+00:00","og_image":[{"url":"https:\/\/waaghaus.eu\/wp-content\/uploads\/2021\/01\/Bar_01-1024x640.jpg"}],"twitter_card":"summary_large_image","twitter_misc":{"Gesch\u00e4tzte Lesezeit":"2\u00a0Minuten"},"schema":{"@context":"https:\/\/schema.org","@graph":[{"@type":"WebPage","@id":"https:\/\/waaghaus.eu\/de\/cafe-shop\/","url":"https:\/\/waaghaus.eu\/de\/cafe-shop\/","name":"Waag Caf\u00e9 - WAAG","isPartOf":{"@id":"https:\/\/waaghaus.eu\/de\/#website"},"datePublished":"2020-08-26T20:39:26+00:00","dateModified":"2023-11-20T16:20:53+00:00","breadcrumb":{"@id":"https:\/\/waaghaus.eu\/de\/cafe-shop\/#breadcrumb"},"inLanguage":"de","potentialAction":[{"@type":"ReadAction","target":["https:\/\/waaghaus.eu\/de\/cafe-shop\/"]}]},{"@type":"BreadcrumbList","@id":"https:\/\/waaghaus.eu\/de\/cafe-shop\/#breadcrumb","itemListElement":[{"@type":"ListItem","position":1,"name":"Home","item":"https:\/\/waaghaus.eu\/de\/"},{"@type":"ListItem","position":2,"name":"Waag Caf\u00e9"}]},{"@type":"WebSite","@id":"https:\/\/waaghaus.eu\/de\/#website","url":"https:\/\/waaghaus.eu\/de\/","name":"WAAG","description":" a space that is alive for free spirits","potentialAction":[{"@type":"SearchAction","target":{"@type":"EntryPoint","urlTemplate":"https:\/\/waaghaus.eu\/de\/?s={search_term_string}"},"query-input":"required name=search_term_string"}],"inLanguage":"de"}]}},"_links":{"self":[{"href":"https:\/\/waaghaus.eu\/de\/wp-json\/wp\/v2\/pages\/364"}],"collection":[{"href":"https:\/\/waaghaus.eu\/de\/wp-json\/wp\/v2\/pages"}],"about":[{"href":"https:\/\/waaghaus.eu\/de\/wp-json\/wp\/v2\/types\/page"}],"author":[{"embeddable":true,"href":"https:\/\/waaghaus.eu\/de\/wp-json\/wp\/v2\/users\/1"}],"replies":[{"embeddable":true,"href":"https:\/\/waaghaus.eu\/de\/wp-json\/wp\/v2\/comments?post=364"}],"version-history":[{"count":20,"href":"https:\/\/waaghaus.eu\/de\/wp-json\/wp\/v2\/pages\/364\/revisions"}],"predecessor-version":[{"id":3433,"href":"https:\/\/waaghaus.eu\/de\/wp-json\/wp\/v2\/pages\/364\/revisions\/3433"}],"wp:attachment":[{"href":"https:\/\/waaghaus.eu\/de\/wp-json\/wp\/v2\/media?parent=364"}],"curies":[{"name":"wp","href":"https:\/\/api.w.org\/{rel}","templated":true}]}}