{"id":193,"date":"2020-08-26T20:57:04","date_gmt":"2020-08-26T20:57:04","guid":{"rendered":"https:\/\/waaghaus.eu\/inhabitants\/"},"modified":"2021-01-22T09:54:35","modified_gmt":"2021-01-22T09:54:35","slug":"bewohner","status":"publish","type":"page","link":"https:\/\/waaghaus.eu\/de\/bewohner\/","title":{"rendered":"Bewohner"},"content":{"rendered":"\n<div class=\"is-layout-flex wp-container-3 wp-block-columns\">\n<div class=\"is-layout-flow wp-block-column\" style=\"flex-basis:33.33%\">\n<figure class=\"wp-block-image size-large\"><img decoding=\"async\" loading=\"lazy\" width=\"259\" height=\"194\" src=\"https:\/\/waaghaus.eu\/wp-content\/uploads\/2020\/11\/ferruccio.png\" alt=\"\" class=\"wp-image-568\"\/><\/figure>\n<\/div>\n\n\n\n<div class=\"is-layout-flow wp-block-column\" style=\"flex-basis:66.66%\">\n<p>Entdeckung, Ausbildung, Unterst\u00fctzung und F\u00f6rderung junger Talente ist das k\u00fcnstlerische Selbstverst\u00e4ndnis der <strong>Ferruccio Busoni\u2013Gustav Mahler Stiftung<\/strong>. Der Klavierwettbewerb schafft Begegnungen zwischen den Generationen, zwischen Lehrern, jungen Talenten und Schl\u00fcsselpers\u00f6nlichkeiten des internationalen Musiklebens. Die Akademie erm\u00f6glicht jungen Talenten die tiefgr\u00fcndige Besch\u00e4ftigung mit der Kammermusik und f\u00f6rdert sie in ihrer Entwicklung zu erstklassigen Orchestermusikern. Das Festival bildet eine einheitliche Plattform f\u00fcr die zentralen Aspekte der F\u00f6rderung von Musikern und bietet einem vielf\u00e4ltigem Publikum ein innovatives, frisches, unmittelbares und bereicherndes Erlebnis mit der Welt der Klassik.<\/p>\n\n\n\n<p><strong><a href=\"https:\/\/www.busoni-mahler.eu\/en\/home-english\/\"><strong><a href=\"http:\/\/www.busoni-mahler.eu\" target=\"_blank\" rel=\"noreferrer noopener\">busoni-mahler.eu<\/a><\/strong><\/a><\/strong><\/p>\n<\/div>\n<\/div>\n\n\n\n<div style=\"height:80px\" aria-hidden=\"true\" class=\"wp-block-spacer\"><\/div>\n\n\n\n<div class=\"is-layout-flex wp-container-6 wp-block-columns\">\n<div class=\"is-layout-flow wp-block-column\" style=\"flex-basis:33.33%\">\n<figure class=\"wp-block-image size-large\"><img decoding=\"async\" loading=\"lazy\" width=\"281\" height=\"173\" src=\"https:\/\/waaghaus.eu\/wp-content\/uploads\/2020\/11\/euroegio.png\" alt=\"\" class=\"wp-image-564\"\/><\/figure>\n\n\n\n<p><\/p>\n<\/div>\n\n\n\n<div class=\"is-layout-flow wp-block-column\" style=\"flex-basis:66.66%\">\n<p>Die <strong>Europaregion Tirol-S\u00fcdtirol-Trentino<\/strong> will f\u00fcr die B\u00fcrgerinnen und B\u00fcrger der drei L\u00e4nder mit konkreten Projekten in den unterschiedlichsten Lebensbereichen die Euregio sp\u00fcrbar machen: vom Brenner-Basistunnel \u00fcber den EuregioFamilyPass bis hin zum gemeinsamen Lawinenreport und einheitlichen Wetterbericht. Mit der grenz\u00fcberschreitenden Zusammenarbeit wollen wir Mehrwert schaffen und Chancen aufzeigen. Denn die Euregio ist gekennzeichnet von einer Vielfalt an Sprachen, an Natur und Landschaft, vor allem aber an Kultur \u2013 mit einer gemeinsamen Geschichte im Hintergrund, vor allem aber mit einem in die Zukunft gerichteten Entwicklungspotential.<\/p>\n\n\n\n<p><strong><a href=\"http:\/\/www.europaregion.info\/\"><strong><a href=\"http:\/\/www.europaregion.info\" target=\"_blank\" rel=\"noreferrer noopener\">europaregion.info<\/a><\/strong><\/a><\/strong><\/p>\n<\/div>\n<\/div>\n\n\n\n<div style=\"height:80px\" aria-hidden=\"true\" class=\"wp-block-spacer\"><\/div>\n\n\n\n<div class=\"is-layout-flex wp-container-9 wp-block-columns\">\n<div class=\"is-layout-flow wp-block-column\" style=\"flex-basis:33.33%\">\n<figure class=\"wp-block-image size-large\"><img decoding=\"async\" loading=\"lazy\" width=\"304\" height=\"172\" src=\"https:\/\/waaghaus.eu\/wp-content\/uploads\/2020\/11\/bolzano.png\" alt=\"\" class=\"wp-image-560\" srcset=\"https:\/\/waaghaus.eu\/wp-content\/uploads\/2020\/11\/bolzano.png 304w, https:\/\/waaghaus.eu\/wp-content\/uploads\/2020\/11\/bolzano-300x170.png 300w\" sizes=\"(max-width: 304px) 100vw, 304px\" \/><\/figure>\n\n\n\n<p><\/p>\n<\/div>\n\n\n\n<div class=\"is-layout-flow wp-block-column\" style=\"flex-basis:66.66%\">\n<p><strong>Bolzano Film Festival Bozen<\/strong> holt jedes Jahr im Fr\u00fchling aktuelles deutsch- und italienischsprachiges Autor*innenkino aus S\u00fcdtirol, Italien, \u00d6sterreich, Deutschland und der Schweiz nach Bozen. Als \u201eBozner Filmtage\u201c 1987 gestartet, gibt das Filmfestival Einblick in das reichhaltige, zeitgen\u00f6ssische europ\u00e4ische Filmschaffen, abseits von Konvention und Mainstream. Junge Filmschaffende sind willkommen, ebenso wie Meister*innen ihres Faches.<br>Als lebendige Plattform und kreative Drehscheibe vergr\u00f6\u00dfert das Festival auch f\u00fcr die&nbsp;lokale Filmbranche j\u00e4hrlich sein Angebot und arbeitet mit Institutionen wie z.B. Filmschule Zelig, FAS (Film Association of South Tyrol) und IDM S\u00fcdtirol\/Alto Adige zusammen.<\/p>\n\n\n\n<p><a rel=\"noreferrer noopener\" href=\"http:\/\/filmfestival.bz.it\/\" target=\"_blank\"><strong>filmfestival.bz.it<\/strong><\/a><\/p>\n<\/div>\n<\/div>\n\n\n\n<div style=\"height:80px\" aria-hidden=\"true\" class=\"wp-block-spacer\"><\/div>\n\n\n\n<div class=\"is-layout-flex wp-container-12 wp-block-columns\">\n<div class=\"is-layout-flow wp-block-column\" style=\"flex-basis:33.33%\">\n<figure class=\"wp-block-image size-large\"><img decoding=\"async\" loading=\"lazy\" width=\"276\" height=\"226\" src=\"https:\/\/waaghaus.eu\/wp-content\/uploads\/2020\/11\/ws.png\" alt=\"\" class=\"wp-image-556\"\/><\/figure>\n\n\n\n<p><\/p>\n<\/div>\n\n\n\n<div class=\"is-layout-flow wp-block-column\" style=\"flex-basis:66.66%\">\n<p><strong>Weigh Station<\/strong> zieht eine Community junger Fachleute aus Kultur und Kreativit\u00e4t in S\u00fcdtirol an, f\u00f6rdert sie und l\u00e4sst sie um sich herum und im Waaghaus aufleben: die Waller. WS ist ein Labor in st\u00e4ndiger Entwicklung, das Momente f\u00fcr vertiefende Studien \u00fcber die Bed\u00fcrfnisse der kulturellen und kreativen Akteure des Territoriums schafft. Au\u00dferdem l\u00e4dt sie zum \u00f6ffentlichen Reflektieren \u00fcber die Bedeutung und den Wert kreativer Arbeit ein.&nbsp;<br>Weigh Station ist Treffpunkt f\u00fcr Fortbildung durch professionelle Workshops, bietet Unterst\u00fctzung durch fachkundige Berater*innen und Calls f\u00fcr die Umsetzung von Projekten und schafft Gelegenheiten zum Netzwerken, Unterhalten und Zusammenarbeiten.<\/p>\n\n\n\n<p><strong><a rel=\"noreferrer noopener\" href=\"https:\/\/weighstation.eu\/\" target=\"_blank\">weighstation.eu<\/a><\/strong><\/p>\n<\/div>\n<\/div>\n\n\n\n<div style=\"height:80px\" aria-hidden=\"true\" class=\"wp-block-spacer\"><\/div>\n\n\n\n<div class=\"is-layout-flex wp-container-15 wp-block-columns\">\n<div class=\"is-layout-flow wp-block-column\" style=\"flex-basis:33.33%\">\n<figure class=\"wp-block-image size-large\"><img decoding=\"async\" loading=\"lazy\" width=\"251\" height=\"211\" src=\"https:\/\/waaghaus.eu\/wp-content\/uploads\/2020\/11\/jazz.png\" alt=\"\" class=\"wp-image-572\"\/><\/figure>\n\n\n\n<p><\/p>\n<\/div>\n\n\n\n<div class=\"is-layout-flow wp-block-column\" style=\"flex-basis:66.66%\">\n<p>\u201eNeues H\u00f6ren mit Fernsicht\u201c. Beim <strong>S\u00fcdtirol Jazzfestival Alto Adige<\/strong> verschmelzen Klang und Raum. Zeitgen\u00f6ssischer Jazz und affine Musikrichtungen in Verbindung mit ausgefallenen Orten, bilden neue, wenn auch nur zeitweilige Landschaften. W\u00e4hrend des Festivals kontaminiert der Jazz s\u00fcdtirolweit und dar\u00fcber hinaus Berge, Seen und Fl\u00fcsse, Pl\u00e4tze und Stra\u00dfen, Parks und Schl\u00f6sser, Hotels und Fabrikhallen. Neues entsteht. Kl\u00e4nge, Musik, Projekte, Netzwerke und so manche Band wurde hier geboren. Urbane R\u00e4ume, Felsw\u00e4nde und Almen, kulinarische Events und ergreifende Musik werden zu einem einizigen Element, und bieten dem Publikum ein extravagantes Erlebnis.<\/p>\n\n\n\n<p><strong><a rel=\"noreferrer noopener\" href=\"https:\/\/www.suedtiroljazzfestival.com\/\" target=\"_blank\">suedtiroljazzfestival.com<\/a><\/strong><\/p>\n<\/div>\n<\/div>\n","protected":false},"excerpt":{"rendered":"<p>Entdeckung, Ausbildung, Unterst\u00fctzung und F\u00f6rderung junger Talente ist das k\u00fcnstlerische Selbstverst\u00e4ndnis der Ferruccio Busoni\u2013Gustav Mahler Stiftung. Der Klavierwettbewerb schafft Begegnungen zwischen den Generationen, zwischen Lehrern, jungen Talenten und Schl\u00fcsselpers\u00f6nlichkeiten des internationalen Musiklebens. Die Akademie erm\u00f6glicht jungen Talenten die tiefgr\u00fcndige Besch\u00e4ftigung mit der Kammermusik und f\u00f6rdert sie in ihrer Entwicklung zu erstklassigen Orchestermusikern. Das Festival bildet [&hellip;]<\/p>\n","protected":false},"author":1,"featured_media":0,"parent":0,"menu_order":0,"comment_status":"closed","ping_status":"closed","template":"","meta":[],"acf":[],"yoast_head":"<!-- This site is optimized with the Yoast SEO plugin v19.11 - https:\/\/yoast.com\/wordpress\/plugins\/seo\/ -->\n<title>Bewohner - WAAG<\/title>\n<meta name=\"robots\" content=\"index, follow, max-snippet:-1, max-image-preview:large, max-video-preview:-1\" \/>\n<link rel=\"canonical\" href=\"https:\/\/waaghaus.eu\/de\/bewohner\/\" \/>\n<meta property=\"og:locale\" content=\"de_DE\" \/>\n<meta property=\"og:type\" content=\"article\" \/>\n<meta property=\"og:title\" content=\"Bewohner - WAAG\" \/>\n<meta property=\"og:description\" content=\"Entdeckung, Ausbildung, Unterst\u00fctzung und F\u00f6rderung junger Talente ist das k\u00fcnstlerische Selbstverst\u00e4ndnis der Ferruccio Busoni\u2013Gustav Mahler Stiftung. Der Klavierwettbewerb schafft Begegnungen zwischen den Generationen, zwischen Lehrern, jungen Talenten und Schl\u00fcsselpers\u00f6nlichkeiten des internationalen Musiklebens. Die Akademie erm\u00f6glicht jungen Talenten die tiefgr\u00fcndige Besch\u00e4ftigung mit der Kammermusik und f\u00f6rdert sie in ihrer Entwicklung zu erstklassigen Orchestermusikern. Das Festival bildet [&hellip;]\" \/>\n<meta property=\"og:url\" content=\"https:\/\/waaghaus.eu\/de\/bewohner\/\" \/>\n<meta property=\"og:site_name\" content=\"WAAG\" \/>\n<meta property=\"article:modified_time\" content=\"2021-01-22T09:54:35+00:00\" \/>\n<meta property=\"og:image\" content=\"https:\/\/waaghaus.eu\/wp-content\/uploads\/2020\/11\/ferruccio.png\" \/>\n<meta name=\"twitter:card\" content=\"summary_large_image\" \/>\n<meta name=\"twitter:label1\" content=\"Gesch\u00e4tzte Lesezeit\" \/>\n\t<meta name=\"twitter:data1\" content=\"3\u00a0Minuten\" \/>\n<script type=\"application\/ld+json\" class=\"yoast-schema-graph\">{\"@context\":\"https:\/\/schema.org\",\"@graph\":[{\"@type\":\"WebPage\",\"@id\":\"https:\/\/waaghaus.eu\/de\/bewohner\/\",\"url\":\"https:\/\/waaghaus.eu\/de\/bewohner\/\",\"name\":\"Bewohner - WAAG\",\"isPartOf\":{\"@id\":\"https:\/\/waaghaus.eu\/de\/#website\"},\"datePublished\":\"2020-08-26T20:57:04+00:00\",\"dateModified\":\"2021-01-22T09:54:35+00:00\",\"breadcrumb\":{\"@id\":\"https:\/\/waaghaus.eu\/de\/bewohner\/#breadcrumb\"},\"inLanguage\":\"de\",\"potentialAction\":[{\"@type\":\"ReadAction\",\"target\":[\"https:\/\/waaghaus.eu\/de\/bewohner\/\"]}]},{\"@type\":\"BreadcrumbList\",\"@id\":\"https:\/\/waaghaus.eu\/de\/bewohner\/#breadcrumb\",\"itemListElement\":[{\"@type\":\"ListItem\",\"position\":1,\"name\":\"Home\",\"item\":\"https:\/\/waaghaus.eu\/de\/\"},{\"@type\":\"ListItem\",\"position\":2,\"name\":\"Bewohner\"}]},{\"@type\":\"WebSite\",\"@id\":\"https:\/\/waaghaus.eu\/de\/#website\",\"url\":\"https:\/\/waaghaus.eu\/de\/\",\"name\":\"WAAG\",\"description\":\" a space that is alive for free spirits\",\"potentialAction\":[{\"@type\":\"SearchAction\",\"target\":{\"@type\":\"EntryPoint\",\"urlTemplate\":\"https:\/\/waaghaus.eu\/de\/?s={search_term_string}\"},\"query-input\":\"required name=search_term_string\"}],\"inLanguage\":\"de\"}]}<\/script>\n<!-- \/ Yoast SEO plugin. -->","yoast_head_json":{"title":"Bewohner - WAAG","robots":{"index":"index","follow":"follow","max-snippet":"max-snippet:-1","max-image-preview":"max-image-preview:large","max-video-preview":"max-video-preview:-1"},"canonical":"https:\/\/waaghaus.eu\/de\/bewohner\/","og_locale":"de_DE","og_type":"article","og_title":"Bewohner - WAAG","og_description":"Entdeckung, Ausbildung, Unterst\u00fctzung und F\u00f6rderung junger Talente ist das k\u00fcnstlerische Selbstverst\u00e4ndnis der Ferruccio Busoni\u2013Gustav Mahler Stiftung. Der Klavierwettbewerb schafft Begegnungen zwischen den Generationen, zwischen Lehrern, jungen Talenten und Schl\u00fcsselpers\u00f6nlichkeiten des internationalen Musiklebens. Die Akademie erm\u00f6glicht jungen Talenten die tiefgr\u00fcndige Besch\u00e4ftigung mit der Kammermusik und f\u00f6rdert sie in ihrer Entwicklung zu erstklassigen Orchestermusikern. Das Festival bildet [&hellip;]","og_url":"https:\/\/waaghaus.eu\/de\/bewohner\/","og_site_name":"WAAG","article_modified_time":"2021-01-22T09:54:35+00:00","og_image":[{"url":"https:\/\/waaghaus.eu\/wp-content\/uploads\/2020\/11\/ferruccio.png"}],"twitter_card":"summary_large_image","twitter_misc":{"Gesch\u00e4tzte Lesezeit":"3\u00a0Minuten"},"schema":{"@context":"https:\/\/schema.org","@graph":[{"@type":"WebPage","@id":"https:\/\/waaghaus.eu\/de\/bewohner\/","url":"https:\/\/waaghaus.eu\/de\/bewohner\/","name":"Bewohner - WAAG","isPartOf":{"@id":"https:\/\/waaghaus.eu\/de\/#website"},"datePublished":"2020-08-26T20:57:04+00:00","dateModified":"2021-01-22T09:54:35+00:00","breadcrumb":{"@id":"https:\/\/waaghaus.eu\/de\/bewohner\/#breadcrumb"},"inLanguage":"de","potentialAction":[{"@type":"ReadAction","target":["https:\/\/waaghaus.eu\/de\/bewohner\/"]}]},{"@type":"BreadcrumbList","@id":"https:\/\/waaghaus.eu\/de\/bewohner\/#breadcrumb","itemListElement":[{"@type":"ListItem","position":1,"name":"Home","item":"https:\/\/waaghaus.eu\/de\/"},{"@type":"ListItem","position":2,"name":"Bewohner"}]},{"@type":"WebSite","@id":"https:\/\/waaghaus.eu\/de\/#website","url":"https:\/\/waaghaus.eu\/de\/","name":"WAAG","description":" a space that is alive for free spirits","potentialAction":[{"@type":"SearchAction","target":{"@type":"EntryPoint","urlTemplate":"https:\/\/waaghaus.eu\/de\/?s={search_term_string}"},"query-input":"required name=search_term_string"}],"inLanguage":"de"}]}},"_links":{"self":[{"href":"https:\/\/waaghaus.eu\/de\/wp-json\/wp\/v2\/pages\/193"}],"collection":[{"href":"https:\/\/waaghaus.eu\/de\/wp-json\/wp\/v2\/pages"}],"about":[{"href":"https:\/\/waaghaus.eu\/de\/wp-json\/wp\/v2\/types\/page"}],"author":[{"embeddable":true,"href":"https:\/\/waaghaus.eu\/de\/wp-json\/wp\/v2\/users\/1"}],"replies":[{"embeddable":true,"href":"https:\/\/waaghaus.eu\/de\/wp-json\/wp\/v2\/comments?post=193"}],"version-history":[{"count":13,"href":"https:\/\/waaghaus.eu\/de\/wp-json\/wp\/v2\/pages\/193\/revisions"}],"predecessor-version":[{"id":1638,"href":"https:\/\/waaghaus.eu\/de\/wp-json\/wp\/v2\/pages\/193\/revisions\/1638"}],"wp:attachment":[{"href":"https:\/\/waaghaus.eu\/de\/wp-json\/wp\/v2\/media?parent=193"}],"curies":[{"name":"wp","href":"https:\/\/api.w.org\/{rel}","templated":true}]}}