{"id":188,"date":"2020-08-26T20:38:43","date_gmt":"2020-08-26T20:38:43","guid":{"rendered":"https:\/\/waaghaus.eu\/stiftung-sparkasse\/"},"modified":"2021-02-11T16:43:59","modified_gmt":"2021-02-11T16:43:59","slug":"stiftung-sparkasse","status":"publish","type":"page","link":"https:\/\/waaghaus.eu\/de\/stiftung-sparkasse\/","title":{"rendered":"Stiftung Sparkasse"},"content":{"rendered":"\n<p>Die Erhaltung von Kulturdenkm\u00e4lern ist eine kulturhistorisch wichtige Aufgabe, der wir uns stellen m\u00fcssen und die wir im Interesse des Landes und der n\u00e4chsten Generation erf\u00fcllen m\u00f6chten. Historische Geb\u00e4ude sind Zeugen fr\u00fcherer Zeiten, die Geschichte erlebbar machen und unseren St\u00e4dten und D\u00f6rfern ein unverwechselbares Gepr\u00e4ge geben. Baudenkm\u00e4ler schaffen Identit\u00e4t und stellen verl\u00e4ssliche Gr\u00f6\u00dfen als Orientierungspunkte dar. Der Umgang mit alten Bausubstanzen, die Besch\u00e4ftigung mit ihrer Geschichte wie auch die sensible Umnutzung alter Geb\u00e4ude schaffen Lebensqualit\u00e4t.<\/p>\n\n\n\n<p>Die Stiftung S\u00fcdtiroler Sparkasse ist stolz darauf, mit dem Waaghaus im Zentrum von Bozen ein kulturelles Erbe f\u00fcr die Bev\u00f6lkerung wieder nutzbar gemacht und mit Leben gef\u00fcllt zu haben.<\/p>\n\n\n\n<p>Ein Wort des Dankes und der Anerkennung geht an RA Dr. Gerhard Brandst\u00e4tter, der im Jahr 2009 als Stiftungspr\u00e4sident mit der Stadtgemeinde Bozen den Kaufvertrag abgeschlossen hat, an Karl Pichler, unter dessen Pr\u00e4sidentschaft das Nutzungskonzept des Geb\u00e4udes ausgearbeitet wurde sowie&nbsp; an Dr. Klaus Widmann, der als Vorsitzender des Vereines Waaghaus, das Haus in inhaltlicher Hinsicht und des darin angesiedelten Kulturpotentials koordiniert hat. Nicht zuletzt ergeht ein gro\u00dfer Dank an Arch. Wolfgang Piller, der die Sanierungsarbeiten durchf\u00fchrte und an die hervorragenden Handwerker. Dieses Geb\u00e4ude ist ein beeindruckendes Schaufenster der Qualit\u00e4t der S\u00fcdtiroler Handwerksbetriebe und lokalen Baumeisterleistung!<\/p>\n\n\n\n<p>Die Stiftung S\u00fcdtiroler Sparkasse als Eigent\u00fcmer der Liegenschaft, w\u00fcrde sich freuen, wenn es den im Waaghaus angesiedelten Akteuren der verschiedensten Kulturbereiche schon bald gelingen m\u00f6ge, das Haus als einen Referenzpunkt des kulturellen Schaffens innerhalb der Euregio zu definieren und die Bev\u00f6lkerung daran partizipieren zu lassen. Damit kann dieses Haus als Eigentum der Allgemeinheit angenommen und gesehen werden. <\/p>\n\n\n\n<p>Prof. Konrad Bergmeister<br>Pr\u00e4sident der Stiftung S\u00fcdtiroler Sparkasse<\/p>\n\n\n\n<p><a href=\"https:\/\/www.stiftungsparkasse.it\" target=\"_blank\" rel=\"noreferrer noopener\">stiftungsparkasse.it<\/a><\/p>\n\n\n\n<p><\/p>\n","protected":false},"excerpt":{"rendered":"<p>Die Erhaltung von Kulturdenkm\u00e4lern ist eine kulturhistorisch wichtige Aufgabe, der wir uns stellen m\u00fcssen und die wir im Interesse des Landes und der n\u00e4chsten Generation erf\u00fcllen m\u00f6chten. Historische Geb\u00e4ude sind Zeugen fr\u00fcherer Zeiten, die Geschichte erlebbar machen und unseren St\u00e4dten und D\u00f6rfern ein unverwechselbares Gepr\u00e4ge geben. Baudenkm\u00e4ler schaffen Identit\u00e4t und stellen verl\u00e4ssliche Gr\u00f6\u00dfen als Orientierungspunkte [&hellip;]<\/p>\n","protected":false},"author":1,"featured_media":0,"parent":0,"menu_order":0,"comment_status":"closed","ping_status":"closed","template":"","meta":[],"acf":[],"yoast_head":"<!-- This site is optimized with the Yoast SEO plugin v19.11 - https:\/\/yoast.com\/wordpress\/plugins\/seo\/ -->\n<title>Stiftung Sparkasse - WAAG<\/title>\n<meta name=\"robots\" content=\"index, follow, max-snippet:-1, max-image-preview:large, max-video-preview:-1\" \/>\n<link rel=\"canonical\" href=\"https:\/\/waaghaus.eu\/de\/stiftung-sparkasse\/\" \/>\n<meta property=\"og:locale\" content=\"de_DE\" \/>\n<meta property=\"og:type\" content=\"article\" \/>\n<meta property=\"og:title\" content=\"Stiftung Sparkasse - WAAG\" \/>\n<meta property=\"og:description\" content=\"Die Erhaltung von Kulturdenkm\u00e4lern ist eine kulturhistorisch wichtige Aufgabe, der wir uns stellen m\u00fcssen und die wir im Interesse des Landes und der n\u00e4chsten Generation erf\u00fcllen m\u00f6chten. Historische Geb\u00e4ude sind Zeugen fr\u00fcherer Zeiten, die Geschichte erlebbar machen und unseren St\u00e4dten und D\u00f6rfern ein unverwechselbares Gepr\u00e4ge geben. Baudenkm\u00e4ler schaffen Identit\u00e4t und stellen verl\u00e4ssliche Gr\u00f6\u00dfen als Orientierungspunkte [&hellip;]\" \/>\n<meta property=\"og:url\" content=\"https:\/\/waaghaus.eu\/de\/stiftung-sparkasse\/\" \/>\n<meta property=\"og:site_name\" content=\"WAAG\" \/>\n<meta property=\"article:modified_time\" content=\"2021-02-11T16:43:59+00:00\" \/>\n<meta name=\"twitter:card\" content=\"summary_large_image\" \/>\n<meta name=\"twitter:label1\" content=\"Gesch\u00e4tzte Lesezeit\" \/>\n\t<meta name=\"twitter:data1\" content=\"2\u00a0Minuten\" \/>\n<script type=\"application\/ld+json\" class=\"yoast-schema-graph\">{\"@context\":\"https:\/\/schema.org\",\"@graph\":[{\"@type\":\"WebPage\",\"@id\":\"https:\/\/waaghaus.eu\/de\/stiftung-sparkasse\/\",\"url\":\"https:\/\/waaghaus.eu\/de\/stiftung-sparkasse\/\",\"name\":\"Stiftung Sparkasse - WAAG\",\"isPartOf\":{\"@id\":\"https:\/\/waaghaus.eu\/de\/#website\"},\"datePublished\":\"2020-08-26T20:38:43+00:00\",\"dateModified\":\"2021-02-11T16:43:59+00:00\",\"breadcrumb\":{\"@id\":\"https:\/\/waaghaus.eu\/de\/stiftung-sparkasse\/#breadcrumb\"},\"inLanguage\":\"de\",\"potentialAction\":[{\"@type\":\"ReadAction\",\"target\":[\"https:\/\/waaghaus.eu\/de\/stiftung-sparkasse\/\"]}]},{\"@type\":\"BreadcrumbList\",\"@id\":\"https:\/\/waaghaus.eu\/de\/stiftung-sparkasse\/#breadcrumb\",\"itemListElement\":[{\"@type\":\"ListItem\",\"position\":1,\"name\":\"Home\",\"item\":\"https:\/\/waaghaus.eu\/de\/\"},{\"@type\":\"ListItem\",\"position\":2,\"name\":\"Stiftung Sparkasse\"}]},{\"@type\":\"WebSite\",\"@id\":\"https:\/\/waaghaus.eu\/de\/#website\",\"url\":\"https:\/\/waaghaus.eu\/de\/\",\"name\":\"WAAG\",\"description\":\" a space that is alive for free spirits\",\"potentialAction\":[{\"@type\":\"SearchAction\",\"target\":{\"@type\":\"EntryPoint\",\"urlTemplate\":\"https:\/\/waaghaus.eu\/de\/?s={search_term_string}\"},\"query-input\":\"required name=search_term_string\"}],\"inLanguage\":\"de\"}]}<\/script>\n<!-- \/ Yoast SEO plugin. -->","yoast_head_json":{"title":"Stiftung Sparkasse - WAAG","robots":{"index":"index","follow":"follow","max-snippet":"max-snippet:-1","max-image-preview":"max-image-preview:large","max-video-preview":"max-video-preview:-1"},"canonical":"https:\/\/waaghaus.eu\/de\/stiftung-sparkasse\/","og_locale":"de_DE","og_type":"article","og_title":"Stiftung Sparkasse - WAAG","og_description":"Die Erhaltung von Kulturdenkm\u00e4lern ist eine kulturhistorisch wichtige Aufgabe, der wir uns stellen m\u00fcssen und die wir im Interesse des Landes und der n\u00e4chsten Generation erf\u00fcllen m\u00f6chten. Historische Geb\u00e4ude sind Zeugen fr\u00fcherer Zeiten, die Geschichte erlebbar machen und unseren St\u00e4dten und D\u00f6rfern ein unverwechselbares Gepr\u00e4ge geben. Baudenkm\u00e4ler schaffen Identit\u00e4t und stellen verl\u00e4ssliche Gr\u00f6\u00dfen als Orientierungspunkte [&hellip;]","og_url":"https:\/\/waaghaus.eu\/de\/stiftung-sparkasse\/","og_site_name":"WAAG","article_modified_time":"2021-02-11T16:43:59+00:00","twitter_card":"summary_large_image","twitter_misc":{"Gesch\u00e4tzte Lesezeit":"2\u00a0Minuten"},"schema":{"@context":"https:\/\/schema.org","@graph":[{"@type":"WebPage","@id":"https:\/\/waaghaus.eu\/de\/stiftung-sparkasse\/","url":"https:\/\/waaghaus.eu\/de\/stiftung-sparkasse\/","name":"Stiftung Sparkasse - WAAG","isPartOf":{"@id":"https:\/\/waaghaus.eu\/de\/#website"},"datePublished":"2020-08-26T20:38:43+00:00","dateModified":"2021-02-11T16:43:59+00:00","breadcrumb":{"@id":"https:\/\/waaghaus.eu\/de\/stiftung-sparkasse\/#breadcrumb"},"inLanguage":"de","potentialAction":[{"@type":"ReadAction","target":["https:\/\/waaghaus.eu\/de\/stiftung-sparkasse\/"]}]},{"@type":"BreadcrumbList","@id":"https:\/\/waaghaus.eu\/de\/stiftung-sparkasse\/#breadcrumb","itemListElement":[{"@type":"ListItem","position":1,"name":"Home","item":"https:\/\/waaghaus.eu\/de\/"},{"@type":"ListItem","position":2,"name":"Stiftung Sparkasse"}]},{"@type":"WebSite","@id":"https:\/\/waaghaus.eu\/de\/#website","url":"https:\/\/waaghaus.eu\/de\/","name":"WAAG","description":" a space that is alive for free spirits","potentialAction":[{"@type":"SearchAction","target":{"@type":"EntryPoint","urlTemplate":"https:\/\/waaghaus.eu\/de\/?s={search_term_string}"},"query-input":"required name=search_term_string"}],"inLanguage":"de"}]}},"_links":{"self":[{"href":"https:\/\/waaghaus.eu\/de\/wp-json\/wp\/v2\/pages\/188"}],"collection":[{"href":"https:\/\/waaghaus.eu\/de\/wp-json\/wp\/v2\/pages"}],"about":[{"href":"https:\/\/waaghaus.eu\/de\/wp-json\/wp\/v2\/types\/page"}],"author":[{"embeddable":true,"href":"https:\/\/waaghaus.eu\/de\/wp-json\/wp\/v2\/users\/1"}],"replies":[{"embeddable":true,"href":"https:\/\/waaghaus.eu\/de\/wp-json\/wp\/v2\/comments?post=188"}],"version-history":[{"count":5,"href":"https:\/\/waaghaus.eu\/de\/wp-json\/wp\/v2\/pages\/188\/revisions"}],"predecessor-version":[{"id":1704,"href":"https:\/\/waaghaus.eu\/de\/wp-json\/wp\/v2\/pages\/188\/revisions\/1704"}],"wp:attachment":[{"href":"https:\/\/waaghaus.eu\/de\/wp-json\/wp\/v2\/media?parent=188"}],"curies":[{"name":"wp","href":"https:\/\/api.w.org\/{rel}","templated":true}]}}