{"id":182,"date":"2020-08-26T20:15:02","date_gmt":"2020-08-26T20:15:02","guid":{"rendered":"https:\/\/waaghaus.eu\/meet-work\/"},"modified":"2024-12-11T14:28:32","modified_gmt":"2024-12-11T14:28:32","slug":"raeume","status":"publish","type":"page","link":"https:\/\/waaghaus.eu\/de\/raeume\/","title":{"rendered":"R\u00e4ume"},"content":{"rendered":"\r\n<p>Wenn Sie einen Raum f\u00fcr Ihre Empf\u00e4nge, Pressekonferenzen, Tagungen, Workshops, Seminare oder was Ihnen sonst noch einf\u00e4llt ben\u00f6tigen, sind Sie bei der Waag an der richtigen Adresse!<\/p>\r\n<p>Sie k\u00f6nnen den Raum w\u00e4hlen, der am besten zu Ihrem Zweck passt:<\/p>\r\n<p>Waag -1 | Keller<\/p>\r\n<p>Waag +2 | Foyer<\/p>\r\n<p>Waag +3 | Dachboden<\/p>\r\n<p>Das Waag Caf\u00e8 kann auch einen kompletten Catering-Service f\u00fcr Ihre Veranstaltungen im Haus anbieten.<\/p>\r\n<p>Senden Sie Ihre Anfragen an dem <strong>Kulturverein Waaghaus<\/strong>: <a href=\"mailto:office@waag.eu\">office@waaghaus.eu<\/a><\/p>\r\n\r\n<div class=\"is-layout-flex wp-block-buttons\">\r\n\r\n\r\n<div class=\"wp-block-button button\"><a class=\"wp-block-button__link no-border-radius\" href=\"https:\/\/waaghaus.eu\/wp-content\/uploads\/2023\/03\/Waag-is-space-1.pdf-1.pdf\" target=\"_blank\" rel=\"noreferrer noopener\">Info &amp; Preise<\/a><\/div>\r\n<\/div>\r\n\r\n\r\n\r\n<div class=\"is-layout-flow wp-block-group alignfull full-width-slider\"><div class=\"wp-block-group__inner-container\">\r\n<figure class=\"wp-block-image size-large\"><img decoding=\"async\" loading=\"lazy\" width=\"1024\" height=\"640\" class=\"wp-image-1109\" src=\"https:\/\/waaghaus.eu\/wp-content\/uploads\/2021\/01\/Dachboden_01-1024x640.jpg\" alt=\"\" srcset=\"https:\/\/waaghaus.eu\/wp-content\/uploads\/2021\/01\/Dachboden_01-1024x640.jpg 1024w, https:\/\/waaghaus.eu\/wp-content\/uploads\/2021\/01\/Dachboden_01-300x188.jpg 300w, https:\/\/waaghaus.eu\/wp-content\/uploads\/2021\/01\/Dachboden_01-768x480.jpg 768w, https:\/\/waaghaus.eu\/wp-content\/uploads\/2021\/01\/Dachboden_01-1536x960.jpg 1536w, https:\/\/waaghaus.eu\/wp-content\/uploads\/2021\/01\/Dachboden_01.jpg 1920w\" sizes=\"(max-width: 1024px) 100vw, 1024px\" \/><\/figure>\r\n\r\n\r\n\r\n<figure class=\"wp-block-image size-large\"><img decoding=\"async\" loading=\"lazy\" width=\"1024\" height=\"640\" class=\"wp-image-1113\" src=\"https:\/\/waaghaus.eu\/wp-content\/uploads\/2021\/01\/Dachboden_02-1024x640.jpg\" alt=\"\" srcset=\"https:\/\/waaghaus.eu\/wp-content\/uploads\/2021\/01\/Dachboden_02-1024x640.jpg 1024w, https:\/\/waaghaus.eu\/wp-content\/uploads\/2021\/01\/Dachboden_02-300x188.jpg 300w, https:\/\/waaghaus.eu\/wp-content\/uploads\/2021\/01\/Dachboden_02-768x480.jpg 768w, https:\/\/waaghaus.eu\/wp-content\/uploads\/2021\/01\/Dachboden_02-1536x960.jpg 1536w, https:\/\/waaghaus.eu\/wp-content\/uploads\/2021\/01\/Dachboden_02.jpg 1920w\" sizes=\"(max-width: 1024px) 100vw, 1024px\" \/><\/figure>\r\n\r\n\r\n\r\n<figure class=\"wp-block-image size-large\"><img decoding=\"async\" loading=\"lazy\" width=\"1024\" height=\"640\" class=\"wp-image-1117\" src=\"https:\/\/waaghaus.eu\/wp-content\/uploads\/2021\/01\/Dachboden_03-1024x640.jpg\" alt=\"\" srcset=\"https:\/\/waaghaus.eu\/wp-content\/uploads\/2021\/01\/Dachboden_03-1024x640.jpg 1024w, https:\/\/waaghaus.eu\/wp-content\/uploads\/2021\/01\/Dachboden_03-300x188.jpg 300w, https:\/\/waaghaus.eu\/wp-content\/uploads\/2021\/01\/Dachboden_03-768x480.jpg 768w, https:\/\/waaghaus.eu\/wp-content\/uploads\/2021\/01\/Dachboden_03-1536x960.jpg 1536w, https:\/\/waaghaus.eu\/wp-content\/uploads\/2021\/01\/Dachboden_03.jpg 1920w\" sizes=\"(max-width: 1024px) 100vw, 1024px\" \/><\/figure>\r\n\r\n\r\n\r\n<figure class=\"wp-block-image size-large\"><img decoding=\"async\" loading=\"lazy\" width=\"1024\" height=\"640\" class=\"wp-image-1121\" src=\"https:\/\/waaghaus.eu\/wp-content\/uploads\/2021\/01\/Dachboden_04-1024x640.jpg\" alt=\"\" srcset=\"https:\/\/waaghaus.eu\/wp-content\/uploads\/2021\/01\/Dachboden_04-1024x640.jpg 1024w, https:\/\/waaghaus.eu\/wp-content\/uploads\/2021\/01\/Dachboden_04-300x188.jpg 300w, https:\/\/waaghaus.eu\/wp-content\/uploads\/2021\/01\/Dachboden_04-768x480.jpg 768w, https:\/\/waaghaus.eu\/wp-content\/uploads\/2021\/01\/Dachboden_04-1536x960.jpg 1536w, https:\/\/waaghaus.eu\/wp-content\/uploads\/2021\/01\/Dachboden_04.jpg 1920w\" sizes=\"(max-width: 1024px) 100vw, 1024px\" \/><\/figure>\r\n\r\n\r\n\r\n<figure class=\"wp-block-image size-large\"><img decoding=\"async\" loading=\"lazy\" width=\"1024\" height=\"640\" class=\"wp-image-1125\" src=\"https:\/\/waaghaus.eu\/wp-content\/uploads\/2021\/01\/Dachboden_05-1024x640.jpg\" alt=\"\" srcset=\"https:\/\/waaghaus.eu\/wp-content\/uploads\/2021\/01\/Dachboden_05-1024x640.jpg 1024w, https:\/\/waaghaus.eu\/wp-content\/uploads\/2021\/01\/Dachboden_05-300x188.jpg 300w, https:\/\/waaghaus.eu\/wp-content\/uploads\/2021\/01\/Dachboden_05-768x480.jpg 768w, https:\/\/waaghaus.eu\/wp-content\/uploads\/2021\/01\/Dachboden_05-1536x960.jpg 1536w, https:\/\/waaghaus.eu\/wp-content\/uploads\/2021\/01\/Dachboden_05.jpg 1920w\" sizes=\"(max-width: 1024px) 100vw, 1024px\" \/><\/figure>\r\n\r\n\r\n\r\n<figure class=\"wp-block-image size-large\"><img decoding=\"async\" loading=\"lazy\" width=\"1024\" height=\"640\" class=\"wp-image-1129\" src=\"https:\/\/waaghaus.eu\/wp-content\/uploads\/2021\/01\/Dachboden_06-1024x640.jpg\" alt=\"\" srcset=\"https:\/\/waaghaus.eu\/wp-content\/uploads\/2021\/01\/Dachboden_06-1024x640.jpg 1024w, https:\/\/waaghaus.eu\/wp-content\/uploads\/2021\/01\/Dachboden_06-300x188.jpg 300w, https:\/\/waaghaus.eu\/wp-content\/uploads\/2021\/01\/Dachboden_06-768x480.jpg 768w, https:\/\/waaghaus.eu\/wp-content\/uploads\/2021\/01\/Dachboden_06-1536x960.jpg 1536w, https:\/\/waaghaus.eu\/wp-content\/uploads\/2021\/01\/Dachboden_06.jpg 1920w\" sizes=\"(max-width: 1024px) 100vw, 1024px\" \/><\/figure>\r\n\r\n\r\n\r\n<figure class=\"wp-block-image size-large\"><img decoding=\"async\" loading=\"lazy\" width=\"1024\" height=\"640\" class=\"wp-image-1183\" src=\"https:\/\/waaghaus.eu\/wp-content\/uploads\/2021\/01\/Haus_16-1024x640.jpg\" alt=\"\" srcset=\"https:\/\/waaghaus.eu\/wp-content\/uploads\/2021\/01\/Haus_16-1024x640.jpg 1024w, https:\/\/waaghaus.eu\/wp-content\/uploads\/2021\/01\/Haus_16-300x188.jpg 300w, https:\/\/waaghaus.eu\/wp-content\/uploads\/2021\/01\/Haus_16-768x480.jpg 768w, https:\/\/waaghaus.eu\/wp-content\/uploads\/2021\/01\/Haus_16-1536x960.jpg 1536w, https:\/\/waaghaus.eu\/wp-content\/uploads\/2021\/01\/Haus_16.jpg 1920w\" sizes=\"(max-width: 1024px) 100vw, 1024px\" \/><\/figure>\r\n\r\n\r\n\r\n<figure class=\"wp-block-image size-large\"><img decoding=\"async\" loading=\"lazy\" width=\"1024\" height=\"640\" class=\"wp-image-1171\" src=\"https:\/\/waaghaus.eu\/wp-content\/uploads\/2021\/01\/Haus_11-1024x640.jpg\" alt=\"\" srcset=\"https:\/\/waaghaus.eu\/wp-content\/uploads\/2021\/01\/Haus_11-1024x640.jpg 1024w, https:\/\/waaghaus.eu\/wp-content\/uploads\/2021\/01\/Haus_11-300x188.jpg 300w, https:\/\/waaghaus.eu\/wp-content\/uploads\/2021\/01\/Haus_11-768x480.jpg 768w, https:\/\/waaghaus.eu\/wp-content\/uploads\/2021\/01\/Haus_11-1536x960.jpg 1536w, https:\/\/waaghaus.eu\/wp-content\/uploads\/2021\/01\/Haus_11.jpg 1920w\" sizes=\"(max-width: 1024px) 100vw, 1024px\" \/><\/figure>\r\n<\/div><\/div>\r\n\r\n<h2>Waag +3\/+2 (Dachboden\/Foyer):<\/h2>\r\n<p>Waag +3 ist der Dachboden und himmlischste Ort des Hauses. Ein guter Platz zum Arbeiten, Denken und Diskutieren. Die Co-Working Area und der Meeting Room verf\u00fcgen \u00fcber modulare Einrichtung, Beamer, Leinwand Audioanlage, Wifi und bieten ein helles und freundliches Ambiente, ideal f\u00fcr Gespr\u00e4che, Seminare, Workshops und Konferenzen.<br \/>In Kombination mit dem Dachboden kann auch das Foyer im zweiten Stock Waag +2 genutzt werden.<\/p>\r\n\r\n\r\n\r\n<p>Leinwand: \u00a0200 x 113 cm, Format 16:9<br \/>Projektor: \u00a0EPSON EB 990U, Full HD, 3.800 Lumen, HDMI Anschluss<br \/>Audio: 4 x BOSE FREESPACE DS16 S INDOOR Boxen, HDMI Anschluss<br \/>Wifi verf\u00fcgbar<\/p>\r\n\r\n\r\n\r\n\r\n\r\n<div class=\"is-layout-flow wp-block-group alignfull full-width-slider\"><div class=\"wp-block-group__inner-container\">\r\n<figure class=\"wp-block-image size-large\"><img decoding=\"async\" loading=\"lazy\" width=\"1024\" height=\"640\" class=\"wp-image-1605\" src=\"https:\/\/waaghaus.eu\/wp-content\/uploads\/2021\/01\/Keller_01-1-1024x640.jpg\" alt=\"\" srcset=\"https:\/\/waaghaus.eu\/wp-content\/uploads\/2021\/01\/Keller_01-1-1024x640.jpg 1024w, https:\/\/waaghaus.eu\/wp-content\/uploads\/2021\/01\/Keller_01-1-300x188.jpg 300w, https:\/\/waaghaus.eu\/wp-content\/uploads\/2021\/01\/Keller_01-1-768x480.jpg 768w, https:\/\/waaghaus.eu\/wp-content\/uploads\/2021\/01\/Keller_01-1-1536x960.jpg 1536w, https:\/\/waaghaus.eu\/wp-content\/uploads\/2021\/01\/Keller_01-1.jpg 1920w\" sizes=\"(max-width: 1024px) 100vw, 1024px\" \/><\/figure>\r\n\r\n\r\n\r\n<figure class=\"wp-block-image size-large\"><img decoding=\"async\" loading=\"lazy\" width=\"1024\" height=\"640\" class=\"wp-image-1609\" src=\"https:\/\/waaghaus.eu\/wp-content\/uploads\/2021\/01\/Keller_02-1-1024x640.jpg\" alt=\"\" srcset=\"https:\/\/waaghaus.eu\/wp-content\/uploads\/2021\/01\/Keller_02-1-1024x640.jpg 1024w, https:\/\/waaghaus.eu\/wp-content\/uploads\/2021\/01\/Keller_02-1-300x187.jpg 300w, https:\/\/waaghaus.eu\/wp-content\/uploads\/2021\/01\/Keller_02-1-768x480.jpg 768w, https:\/\/waaghaus.eu\/wp-content\/uploads\/2021\/01\/Keller_02-1-1536x960.jpg 1536w, https:\/\/waaghaus.eu\/wp-content\/uploads\/2021\/01\/Keller_02-1.jpg 1845w\" sizes=\"(max-width: 1024px) 100vw, 1024px\" \/><\/figure>\r\n\r\n\r\n\r\n<figure class=\"wp-block-image size-large\"><img decoding=\"async\" loading=\"lazy\" width=\"1024\" height=\"640\" class=\"wp-image-1613\" src=\"https:\/\/waaghaus.eu\/wp-content\/uploads\/2021\/01\/Keller_03-1-1024x640.jpg\" alt=\"\" srcset=\"https:\/\/waaghaus.eu\/wp-content\/uploads\/2021\/01\/Keller_03-1-1024x640.jpg 1024w, https:\/\/waaghaus.eu\/wp-content\/uploads\/2021\/01\/Keller_03-1-300x188.jpg 300w, https:\/\/waaghaus.eu\/wp-content\/uploads\/2021\/01\/Keller_03-1-768x480.jpg 768w, https:\/\/waaghaus.eu\/wp-content\/uploads\/2021\/01\/Keller_03-1-1536x960.jpg 1536w, https:\/\/waaghaus.eu\/wp-content\/uploads\/2021\/01\/Keller_03-1.jpg 1920w\" sizes=\"(max-width: 1024px) 100vw, 1024px\" \/><\/figure>\r\n\r\n\r\n\r\n<figure class=\"wp-block-image size-large\"><img decoding=\"async\" loading=\"lazy\" width=\"1024\" height=\"640\" class=\"wp-image-1617\" src=\"https:\/\/waaghaus.eu\/wp-content\/uploads\/2021\/01\/Keller_04-1-1024x640.jpg\" alt=\"\" srcset=\"https:\/\/waaghaus.eu\/wp-content\/uploads\/2021\/01\/Keller_04-1-1024x640.jpg 1024w, https:\/\/waaghaus.eu\/wp-content\/uploads\/2021\/01\/Keller_04-1-300x188.jpg 300w, https:\/\/waaghaus.eu\/wp-content\/uploads\/2021\/01\/Keller_04-1-768x480.jpg 768w, https:\/\/waaghaus.eu\/wp-content\/uploads\/2021\/01\/Keller_04-1-1536x960.jpg 1536w, https:\/\/waaghaus.eu\/wp-content\/uploads\/2021\/01\/Keller_04-1.jpg 1920w\" sizes=\"(max-width: 1024px) 100vw, 1024px\" \/><\/figure>\r\n\r\n\r\n\r\n<figure class=\"wp-block-image size-large\"><img decoding=\"async\" loading=\"lazy\" width=\"1024\" height=\"640\" class=\"wp-image-1621\" src=\"https:\/\/waaghaus.eu\/wp-content\/uploads\/2021\/01\/Keller_05-1-1024x640.jpg\" alt=\"\" srcset=\"https:\/\/waaghaus.eu\/wp-content\/uploads\/2021\/01\/Keller_05-1-1024x640.jpg 1024w, https:\/\/waaghaus.eu\/wp-content\/uploads\/2021\/01\/Keller_05-1-300x188.jpg 300w, https:\/\/waaghaus.eu\/wp-content\/uploads\/2021\/01\/Keller_05-1-768x480.jpg 768w, https:\/\/waaghaus.eu\/wp-content\/uploads\/2021\/01\/Keller_05-1-1536x960.jpg 1536w, https:\/\/waaghaus.eu\/wp-content\/uploads\/2021\/01\/Keller_05-1.jpg 1920w\" sizes=\"(max-width: 1024px) 100vw, 1024px\" \/><\/figure>\r\n<\/div><\/div>\r\n\r\n\r\n\r\n<h2>Waag -1 (Keller):<\/h2>\r\n<p>Der Keller Waag -1 ist der urigste Ort des Hauses. Hier kann man inmitten des original romanischen Mauerwerks aus der ersten H\u00e4lfte des 13. Jahrhunderts Konzerte, Lesungen, Theater und vieles mehr erleben und veranstalten.<br \/>Waag -1 verf\u00fcgt \u00fcber eine Licht- und Soundanlage, Mobiliar, Bar und Wifi.<\/p>\r\n\r\n\r\n\r\n<p>Audio:<br \/>Mischpult: Yamaha MGP12X, 12 Kan\u00e4le + 4 Stereo<br \/>Beschallung: 2 x RCF Evox 12, Sub + Sat Array 1400w<br \/>Wiedergabeger\u00e4te: Radio, CD, USB, Minijack &#8211; wifi net dab Yamaha CDNT500D<br \/><br \/>Mikrophone:<br \/>1 x Wireless Handmikrophon Sennheiser xsw 835II<br \/>1 x Wireless Headset Sennheiser xsw 835II<br \/>2 x Sure SM58<br \/>2 x Mikrophonst\u00e4nder<br \/>2 x XLR Kabel (1 x 10m, 1 x 5m)<br \/>2 x Jack Kabel (6m)<br \/><br \/>Licht:<br \/>4 x LUMIPIX12UQPRO LED bars<br \/>2 x FLATCOB80 Spots wei\u00df und farbig f\u00fcr B\u00fchnenbereich<br \/>1 x Effektkugel Disco mit LED RGB ADJ Star\u00adburst<br \/>1 x Licht-Mischpult compact Stairville DMX Master<br \/><br \/>Wifi verf\u00fcgbar<\/p>\r\n\r\n\r\n","protected":false},"excerpt":{"rendered":"<p>Leinwand: \u00a0200 x 113 cm, Format 16:9Projektor: \u00a0EPSON EB 990U, Full HD, 3.800 Lumen, HDMI AnschlussAudio: 4 x BOSE FREESPACE DS16 S INDOOR Boxen, HDMI AnschlussWifi verf\u00fcgbar Waag -1 (Keller): Der Keller Waag -1 ist der urigste Ort des Hauses. Hier kann man inmitten des original romanischen Mauerwerks aus der ersten H\u00e4lfte des 13. Jahrhunderts [&hellip;]<\/p>\n","protected":false},"author":1,"featured_media":0,"parent":0,"menu_order":0,"comment_status":"closed","ping_status":"closed","template":"","meta":[],"acf":[],"yoast_head":"<!-- This site is optimized with the Yoast SEO plugin v19.11 - https:\/\/yoast.com\/wordpress\/plugins\/seo\/ -->\n<title>R\u00e4ume - WAAG<\/title>\n<meta name=\"robots\" content=\"index, follow, max-snippet:-1, max-image-preview:large, max-video-preview:-1\" \/>\n<link rel=\"canonical\" href=\"https:\/\/waaghaus.eu\/de\/raeume\/\" \/>\n<meta property=\"og:locale\" content=\"de_DE\" \/>\n<meta property=\"og:type\" content=\"article\" \/>\n<meta property=\"og:title\" content=\"R\u00e4ume - WAAG\" \/>\n<meta property=\"og:description\" content=\"Leinwand: \u00a0200 x 113 cm, Format 16:9Projektor: \u00a0EPSON EB 990U, Full HD, 3.800 Lumen, HDMI AnschlussAudio: 4 x BOSE FREESPACE DS16 S INDOOR Boxen, HDMI AnschlussWifi verf\u00fcgbar Waag -1 (Keller): Der Keller Waag -1 ist der urigste Ort des Hauses. Hier kann man inmitten des original romanischen Mauerwerks aus der ersten H\u00e4lfte des 13. Jahrhunderts [&hellip;]\" \/>\n<meta property=\"og:url\" content=\"https:\/\/waaghaus.eu\/de\/raeume\/\" \/>\n<meta property=\"og:site_name\" content=\"WAAG\" \/>\n<meta property=\"article:modified_time\" content=\"2024-12-11T14:28:32+00:00\" \/>\n<meta property=\"og:image\" content=\"https:\/\/waaghaus.eu\/wp-content\/uploads\/2021\/01\/Dachboden_01-1024x640.jpg\" \/>\n<meta name=\"twitter:card\" content=\"summary_large_image\" \/>\n<meta name=\"twitter:label1\" content=\"Gesch\u00e4tzte Lesezeit\" \/>\n\t<meta name=\"twitter:data1\" content=\"4\u00a0Minuten\" \/>\n<script type=\"application\/ld+json\" class=\"yoast-schema-graph\">{\"@context\":\"https:\/\/schema.org\",\"@graph\":[{\"@type\":\"WebPage\",\"@id\":\"https:\/\/waaghaus.eu\/de\/raeume\/\",\"url\":\"https:\/\/waaghaus.eu\/de\/raeume\/\",\"name\":\"R\u00e4ume - WAAG\",\"isPartOf\":{\"@id\":\"https:\/\/waaghaus.eu\/de\/#website\"},\"datePublished\":\"2020-08-26T20:15:02+00:00\",\"dateModified\":\"2024-12-11T14:28:32+00:00\",\"breadcrumb\":{\"@id\":\"https:\/\/waaghaus.eu\/de\/raeume\/#breadcrumb\"},\"inLanguage\":\"de\",\"potentialAction\":[{\"@type\":\"ReadAction\",\"target\":[\"https:\/\/waaghaus.eu\/de\/raeume\/\"]}]},{\"@type\":\"BreadcrumbList\",\"@id\":\"https:\/\/waaghaus.eu\/de\/raeume\/#breadcrumb\",\"itemListElement\":[{\"@type\":\"ListItem\",\"position\":1,\"name\":\"Home\",\"item\":\"https:\/\/waaghaus.eu\/de\/\"},{\"@type\":\"ListItem\",\"position\":2,\"name\":\"R\u00e4ume\"}]},{\"@type\":\"WebSite\",\"@id\":\"https:\/\/waaghaus.eu\/de\/#website\",\"url\":\"https:\/\/waaghaus.eu\/de\/\",\"name\":\"WAAG\",\"description\":\" a space that is alive for free spirits\",\"potentialAction\":[{\"@type\":\"SearchAction\",\"target\":{\"@type\":\"EntryPoint\",\"urlTemplate\":\"https:\/\/waaghaus.eu\/de\/?s={search_term_string}\"},\"query-input\":\"required name=search_term_string\"}],\"inLanguage\":\"de\"}]}<\/script>\n<!-- \/ Yoast SEO plugin. -->","yoast_head_json":{"title":"R\u00e4ume - WAAG","robots":{"index":"index","follow":"follow","max-snippet":"max-snippet:-1","max-image-preview":"max-image-preview:large","max-video-preview":"max-video-preview:-1"},"canonical":"https:\/\/waaghaus.eu\/de\/raeume\/","og_locale":"de_DE","og_type":"article","og_title":"R\u00e4ume - WAAG","og_description":"Leinwand: \u00a0200 x 113 cm, Format 16:9Projektor: \u00a0EPSON EB 990U, Full HD, 3.800 Lumen, HDMI AnschlussAudio: 4 x BOSE FREESPACE DS16 S INDOOR Boxen, HDMI AnschlussWifi verf\u00fcgbar Waag -1 (Keller): Der Keller Waag -1 ist der urigste Ort des Hauses. Hier kann man inmitten des original romanischen Mauerwerks aus der ersten H\u00e4lfte des 13. Jahrhunderts [&hellip;]","og_url":"https:\/\/waaghaus.eu\/de\/raeume\/","og_site_name":"WAAG","article_modified_time":"2024-12-11T14:28:32+00:00","og_image":[{"url":"https:\/\/waaghaus.eu\/wp-content\/uploads\/2021\/01\/Dachboden_01-1024x640.jpg"}],"twitter_card":"summary_large_image","twitter_misc":{"Gesch\u00e4tzte Lesezeit":"4\u00a0Minuten"},"schema":{"@context":"https:\/\/schema.org","@graph":[{"@type":"WebPage","@id":"https:\/\/waaghaus.eu\/de\/raeume\/","url":"https:\/\/waaghaus.eu\/de\/raeume\/","name":"R\u00e4ume - WAAG","isPartOf":{"@id":"https:\/\/waaghaus.eu\/de\/#website"},"datePublished":"2020-08-26T20:15:02+00:00","dateModified":"2024-12-11T14:28:32+00:00","breadcrumb":{"@id":"https:\/\/waaghaus.eu\/de\/raeume\/#breadcrumb"},"inLanguage":"de","potentialAction":[{"@type":"ReadAction","target":["https:\/\/waaghaus.eu\/de\/raeume\/"]}]},{"@type":"BreadcrumbList","@id":"https:\/\/waaghaus.eu\/de\/raeume\/#breadcrumb","itemListElement":[{"@type":"ListItem","position":1,"name":"Home","item":"https:\/\/waaghaus.eu\/de\/"},{"@type":"ListItem","position":2,"name":"R\u00e4ume"}]},{"@type":"WebSite","@id":"https:\/\/waaghaus.eu\/de\/#website","url":"https:\/\/waaghaus.eu\/de\/","name":"WAAG","description":" a space that is alive for free spirits","potentialAction":[{"@type":"SearchAction","target":{"@type":"EntryPoint","urlTemplate":"https:\/\/waaghaus.eu\/de\/?s={search_term_string}"},"query-input":"required name=search_term_string"}],"inLanguage":"de"}]}},"_links":{"self":[{"href":"https:\/\/waaghaus.eu\/de\/wp-json\/wp\/v2\/pages\/182"}],"collection":[{"href":"https:\/\/waaghaus.eu\/de\/wp-json\/wp\/v2\/pages"}],"about":[{"href":"https:\/\/waaghaus.eu\/de\/wp-json\/wp\/v2\/types\/page"}],"author":[{"embeddable":true,"href":"https:\/\/waaghaus.eu\/de\/wp-json\/wp\/v2\/users\/1"}],"replies":[{"embeddable":true,"href":"https:\/\/waaghaus.eu\/de\/wp-json\/wp\/v2\/comments?post=182"}],"version-history":[{"count":38,"href":"https:\/\/waaghaus.eu\/de\/wp-json\/wp\/v2\/pages\/182\/revisions"}],"predecessor-version":[{"id":4073,"href":"https:\/\/waaghaus.eu\/de\/wp-json\/wp\/v2\/pages\/182\/revisions\/4073"}],"wp:attachment":[{"href":"https:\/\/waaghaus.eu\/de\/wp-json\/wp\/v2\/media?parent=182"}],"curies":[{"name":"wp","href":"https:\/\/api.w.org\/{rel}","templated":true}]}}