{"id":131,"date":"2020-08-07T09:20:43","date_gmt":"2020-08-07T09:20:43","guid":{"rendered":"https:\/\/waaghaus.eu\/waag\/"},"modified":"2025-04-24T06:52:34","modified_gmt":"2025-04-24T06:52:34","slug":"waag","status":"publish","type":"page","link":"https:\/\/waaghaus.eu\/de\/waag\/","title":{"rendered":"Waag"},"content":{"rendered":"\r\n<div class=\"is-layout-flex wp-container-3 wp-block-columns\">\r\n<div class=\"is-layout-flow wp-block-column\" style=\"flex-basis: 33.3%;\">\r\n<p>Waag ist Raum f\u00fcr Kultur in Bozen. In diesem einzigartigen Haus wird Kultur geschaffen, gelebt und verbreitet. Waag ist im steten Wandel. Die Bewohner des Hauses leben von und f\u00fcr die Kultur, und lassen sie in verschiedenen Formen entstehen.<\/p>\r\n\r\n\r\n\r\n<p>Waag ist ein offenes Haus f\u00fcr diejenigen, die diese Vision teilen wollen. Menschen, die neugierig sind, sich einbringen wollen, das Haus mitgestalten oder hier einfach nur verweilen wollen, sind willkommen.<\/p>\r\n\r\n\r\n\r\n<p>Waag ist die Zusammenkunft von Bolzano Film Festival Bozen, S\u00fcdtirol Jazzfestival Alto Adige, Fondazione Busoni-Mahler Stiftung, Weigh Station und Euregio. Das Haus ist Raum f\u00fcr ihre T\u00e4tigkeiten, Zusammenarbeiten und Neuentstehungen.<\/p>\r\n<\/div>\r\n\r\n\r\n\r\n<div class=\"is-layout-flow wp-block-column\" style=\"flex-basis: 66.6%;\">\r\n<figure class=\"wp-block-image size-full is-resized\"><img decoding=\"async\" loading=\"lazy\" class=\"wp-image-11\" src=\"https:\/\/waaghaus.eu\/wp-content\/uploads\/2020\/08\/casa.png\" alt=\"\" width=\"852\" height=\"903\" \/><\/figure>\r\n<\/div>\r\n<\/div>\r\n\r\n\r\n\r\n<p>Waag ist Haus f\u00fcr Caf\u00e9, Kunst- und Ticketshop, Kulturinformation- und kommunikation, Meet &amp; Work f\u00fcr Besprechungen und Seminare, Keller f\u00fcr Konzerte, Lesungen, Performances und vielem mehr. Waag ist ein lebendiger Ort f\u00fcr freie Geister.<\/p>\r\n\r\n\r\n\r\n<p>Waag ist ein Projekt des Kulturvereins Waaghaus (gegr\u00fcndet am 06.11.2018)<\/p>\r\n\r\n\r\n\r\n<p><strong>Mitglieder<\/strong><br \/>Klaus Widmann (Vorstand, Pr\u00e4sident)<br \/>Helene Christanell (Vorstand, Vizepr\u00e4sidentin)<br \/>Elena Rado (Vorstand)<br \/>Roberta Pedrini (Vorstand)<br \/>Silvia Torresin (Vorstand, Kassierin)<br \/>Valentina Cramerotti<br \/>Luigi Loddi<br \/>Monika Torresan<br \/>Willy Theil<\/p>\r\n\r\n\r\n\r\n<p><strong>Aufsichtsrat<\/strong> <br \/>Reinhold Marsoner<br \/>Francesca Pasquali<br \/>Gernot R\u00f6ssler<br \/>Quirin Pr\u00fcnster (Ersatzmitglied)<br \/>Christoph von Ach (Ersatzmitglied)<\/p>\r\n\r\n\r\n\r\n<p><strong>Kulturbeirat<\/strong><br \/>Stefan Festini Cucco<br \/>Valentina Cramerotti<br \/>Ilaria Stelzer<br \/>Willy Theil<br \/>Monika Torresan<\/p>\r\n\r\n\r\n","protected":false},"excerpt":{"rendered":"<p>Waag ist Raum f\u00fcr Kultur in Bozen. In diesem einzigartigen Haus wird Kultur geschaffen, gelebt und verbreitet. Waag ist im steten Wandel. Die Bewohner des Hauses leben von und f\u00fcr die Kultur, und lassen sie in verschiedenen Formen entstehen. Waag ist ein offenes Haus f\u00fcr diejenigen, die diese Vision teilen wollen. Menschen, die neugierig sind, [&hellip;]<\/p>\n","protected":false},"author":1,"featured_media":0,"parent":0,"menu_order":0,"comment_status":"closed","ping_status":"open","template":"","meta":[],"acf":[],"yoast_head":"<!-- This site is optimized with the Yoast SEO plugin v19.11 - https:\/\/yoast.com\/wordpress\/plugins\/seo\/ -->\n<title>Waag - WAAG<\/title>\n<meta name=\"robots\" content=\"index, follow, max-snippet:-1, max-image-preview:large, max-video-preview:-1\" \/>\n<link rel=\"canonical\" href=\"https:\/\/waaghaus.eu\/de\/waag\/\" \/>\n<meta property=\"og:locale\" content=\"de_DE\" \/>\n<meta property=\"og:type\" content=\"article\" \/>\n<meta property=\"og:title\" content=\"Waag - WAAG\" \/>\n<meta property=\"og:description\" content=\"Waag ist Raum f\u00fcr Kultur in Bozen. In diesem einzigartigen Haus wird Kultur geschaffen, gelebt und verbreitet. Waag ist im steten Wandel. Die Bewohner des Hauses leben von und f\u00fcr die Kultur, und lassen sie in verschiedenen Formen entstehen. Waag ist ein offenes Haus f\u00fcr diejenigen, die diese Vision teilen wollen. Menschen, die neugierig sind, [&hellip;]\" \/>\n<meta property=\"og:url\" content=\"https:\/\/waaghaus.eu\/de\/waag\/\" \/>\n<meta property=\"og:site_name\" content=\"WAAG\" \/>\n<meta property=\"article:modified_time\" content=\"2025-04-24T06:52:34+00:00\" \/>\n<meta property=\"og:image\" content=\"https:\/\/waaghaus.eu\/wp-content\/uploads\/2020\/08\/casa.png\" \/>\n<meta name=\"twitter:card\" content=\"summary_large_image\" \/>\n<meta name=\"twitter:label1\" content=\"Gesch\u00e4tzte Lesezeit\" \/>\n\t<meta name=\"twitter:data1\" content=\"2\u00a0Minuten\" \/>\n<script type=\"application\/ld+json\" class=\"yoast-schema-graph\">{\"@context\":\"https:\/\/schema.org\",\"@graph\":[{\"@type\":\"WebPage\",\"@id\":\"https:\/\/waaghaus.eu\/de\/waag\/\",\"url\":\"https:\/\/waaghaus.eu\/de\/waag\/\",\"name\":\"Waag - WAAG\",\"isPartOf\":{\"@id\":\"https:\/\/waaghaus.eu\/de\/#website\"},\"datePublished\":\"2020-08-07T09:20:43+00:00\",\"dateModified\":\"2025-04-24T06:52:34+00:00\",\"breadcrumb\":{\"@id\":\"https:\/\/waaghaus.eu\/de\/waag\/#breadcrumb\"},\"inLanguage\":\"de\",\"potentialAction\":[{\"@type\":\"ReadAction\",\"target\":[\"https:\/\/waaghaus.eu\/de\/waag\/\"]}]},{\"@type\":\"BreadcrumbList\",\"@id\":\"https:\/\/waaghaus.eu\/de\/waag\/#breadcrumb\",\"itemListElement\":[{\"@type\":\"ListItem\",\"position\":1,\"name\":\"Home\",\"item\":\"https:\/\/waaghaus.eu\/de\/\"},{\"@type\":\"ListItem\",\"position\":2,\"name\":\"Waag\"}]},{\"@type\":\"WebSite\",\"@id\":\"https:\/\/waaghaus.eu\/de\/#website\",\"url\":\"https:\/\/waaghaus.eu\/de\/\",\"name\":\"WAAG\",\"description\":\" a space that is alive for free spirits\",\"potentialAction\":[{\"@type\":\"SearchAction\",\"target\":{\"@type\":\"EntryPoint\",\"urlTemplate\":\"https:\/\/waaghaus.eu\/de\/?s={search_term_string}\"},\"query-input\":\"required name=search_term_string\"}],\"inLanguage\":\"de\"}]}<\/script>\n<!-- \/ Yoast SEO plugin. -->","yoast_head_json":{"title":"Waag - WAAG","robots":{"index":"index","follow":"follow","max-snippet":"max-snippet:-1","max-image-preview":"max-image-preview:large","max-video-preview":"max-video-preview:-1"},"canonical":"https:\/\/waaghaus.eu\/de\/waag\/","og_locale":"de_DE","og_type":"article","og_title":"Waag - WAAG","og_description":"Waag ist Raum f\u00fcr Kultur in Bozen. In diesem einzigartigen Haus wird Kultur geschaffen, gelebt und verbreitet. Waag ist im steten Wandel. Die Bewohner des Hauses leben von und f\u00fcr die Kultur, und lassen sie in verschiedenen Formen entstehen. Waag ist ein offenes Haus f\u00fcr diejenigen, die diese Vision teilen wollen. Menschen, die neugierig sind, [&hellip;]","og_url":"https:\/\/waaghaus.eu\/de\/waag\/","og_site_name":"WAAG","article_modified_time":"2025-04-24T06:52:34+00:00","og_image":[{"url":"https:\/\/waaghaus.eu\/wp-content\/uploads\/2020\/08\/casa.png"}],"twitter_card":"summary_large_image","twitter_misc":{"Gesch\u00e4tzte Lesezeit":"2\u00a0Minuten"},"schema":{"@context":"https:\/\/schema.org","@graph":[{"@type":"WebPage","@id":"https:\/\/waaghaus.eu\/de\/waag\/","url":"https:\/\/waaghaus.eu\/de\/waag\/","name":"Waag - WAAG","isPartOf":{"@id":"https:\/\/waaghaus.eu\/de\/#website"},"datePublished":"2020-08-07T09:20:43+00:00","dateModified":"2025-04-24T06:52:34+00:00","breadcrumb":{"@id":"https:\/\/waaghaus.eu\/de\/waag\/#breadcrumb"},"inLanguage":"de","potentialAction":[{"@type":"ReadAction","target":["https:\/\/waaghaus.eu\/de\/waag\/"]}]},{"@type":"BreadcrumbList","@id":"https:\/\/waaghaus.eu\/de\/waag\/#breadcrumb","itemListElement":[{"@type":"ListItem","position":1,"name":"Home","item":"https:\/\/waaghaus.eu\/de\/"},{"@type":"ListItem","position":2,"name":"Waag"}]},{"@type":"WebSite","@id":"https:\/\/waaghaus.eu\/de\/#website","url":"https:\/\/waaghaus.eu\/de\/","name":"WAAG","description":" a space that is alive for free spirits","potentialAction":[{"@type":"SearchAction","target":{"@type":"EntryPoint","urlTemplate":"https:\/\/waaghaus.eu\/de\/?s={search_term_string}"},"query-input":"required name=search_term_string"}],"inLanguage":"de"}]}},"_links":{"self":[{"href":"https:\/\/waaghaus.eu\/de\/wp-json\/wp\/v2\/pages\/131"}],"collection":[{"href":"https:\/\/waaghaus.eu\/de\/wp-json\/wp\/v2\/pages"}],"about":[{"href":"https:\/\/waaghaus.eu\/de\/wp-json\/wp\/v2\/types\/page"}],"author":[{"embeddable":true,"href":"https:\/\/waaghaus.eu\/de\/wp-json\/wp\/v2\/users\/1"}],"replies":[{"embeddable":true,"href":"https:\/\/waaghaus.eu\/de\/wp-json\/wp\/v2\/comments?post=131"}],"version-history":[{"count":14,"href":"https:\/\/waaghaus.eu\/de\/wp-json\/wp\/v2\/pages\/131\/revisions"}],"predecessor-version":[{"id":4298,"href":"https:\/\/waaghaus.eu\/de\/wp-json\/wp\/v2\/pages\/131\/revisions\/4298"}],"wp:attachment":[{"href":"https:\/\/waaghaus.eu\/de\/wp-json\/wp\/v2\/media?parent=131"}],"curies":[{"name":"wp","href":"https:\/\/api.w.org\/{rel}","templated":true}]}}